{"id":16282,"date":"2024-11-28T19:55:40","date_gmt":"2024-11-28T16:55:40","guid":{"rendered":"https:\/\/www.makitamarket.com.tr\/site\/urun\/cora-cora-ab-17-g-boya-tabancasi-1-7-mm\/"},"modified":"2025-11-16T08:56:30","modified_gmt":"2025-11-16T05:56:30","slug":"cora-cora-ab-17-g-boya-tabancasi-1-7-mm","status":"publish","type":"product","link":"https:\/\/www.makitamarket.com.tr\/site\/urun\/cora-cora-ab-17-g-boya-tabancasi-1-7-mm\/","title":{"rendered":"Cora AB17G-1.7 CORA AB 17 G BOYA TABANCASI 1.7 MM"},"content":{"rendered":"<table>\n<tr>\n<td>Nozul<\/td>\n<td>1.7 mm<\/td>\n<\/tr>\n<tr>\n<td>Hava Bas\u0131nc\u0131 (bar-psi)<\/td>\n<td>3-43<\/td>\n<\/tr>\n<tr>\n<td>Depo Kapasitesi<\/td>\n<td>600 ml<\/td>\n<\/tr>\n<tr>\n<td>Hava Giri\u015fi<\/td>\n<td>G1\/4&#8243;<\/td>\n<\/tr>\n<\/table>\n","protected":false},"excerpt":{"rendered":"<p>Nozul 1.7 mm Hava Bas\u0131nc\u0131 (bar-psi) 3-43 Depo Kapasitesi 600 ml Hava Giri\u015fi G1\/4&#8243;<\/p>\n","protected":false},"featured_media":0,"comment_status":"open","ping_status":"closed","template":"","meta":{"_acf_changed":false},"product_brand":[1533],"product_cat":[1320],"product_tag":[],"class_list":{"0":"post-16282","1":"product","2":"type-product","3":"status-publish","5":"product_brand-cora","6":"product_cat-boya-tabancalari","8":"first","9":"outofstock","10":"taxable","11":"shipping-taxable","12":"purchasable","13":"product-type-simple","14":"add-to-wishlist-after_add_to_cart"},"acf":[],"_links":{"self":[{"href":"https:\/\/www.makitamarket.com.tr\/site\/wp-json\/wp\/v2\/product\/16282","targetHints":{"allow":["GET"]}}],"collection":[{"href":"https:\/\/www.makitamarket.com.tr\/site\/wp-json\/wp\/v2\/product"}],"about":[{"href":"https:\/\/www.makitamarket.com.tr\/site\/wp-json\/wp\/v2\/types\/product"}],"replies":[{"embeddable":true,"href":"https:\/\/www.makitamarket.com.tr\/site\/wp-json\/wp\/v2\/comments?post=16282"}],"wp:attachment":[{"href":"https:\/\/www.makitamarket.com.tr\/site\/wp-json\/wp\/v2\/media?parent=16282"}],"wp:term":[{"taxonomy":"product_brand","embeddable":true,"href":"https:\/\/www.makitamarket.com.tr\/site\/wp-json\/wp\/v2\/product_brand?post=16282"},{"taxonomy":"product_cat","embeddable":true,"href":"https:\/\/www.makitamarket.com.tr\/site\/wp-json\/wp\/v2\/product_cat?post=16282"},{"taxonomy":"product_tag","embeddable":true,"href":"https:\/\/www.makitamarket.com.tr\/site\/wp-json\/wp\/v2\/product_tag?post=16282"}],"curies":[{"name":"wp","href":"https:\/\/api.w.org\/{rel}","templated":true}]}}