{"id":16346,"date":"2024-11-28T19:56:02","date_gmt":"2024-11-28T16:56:02","guid":{"rendered":"https:\/\/www.makitamarket.com.tr\/site\/urun\/proxxon-tungsten-karbur-uclu-testere-36-dis\/"},"modified":"2026-04-06T15:40:36","modified_gmt":"2026-04-06T12:40:36","slug":"proxxon-tungsten-karbur-uclu-testere-36-dis","status":"publish","type":"product","link":"https:\/\/www.makitamarket.com.tr\/site\/urun\/proxxon-tungsten-karbur-uclu-testere-36-dis\/","title":{"rendered":"Proxxon 28732 TUNGSTEN KARB\u00dcR U\u00c7LU TESTERE 36 D\u0130\u015e"},"content":{"rendered":"<div>\n\t80 mm\u00d8x1.5x10mm g\u00f6bek. 36 di\u015fli.<\/div>\n<div>\n\tSunta, sert ve yumu\u015fak ah\u015fap, plastik, al\u00fcminyum ve PC kartlar\u0131n\u0131 kesmek i\u00e7in kullan\u0131l\u0131r.<\/div>\n<table><\/table>\n","protected":false},"excerpt":{"rendered":"<div>\n\t80 mm\u00d8x1.5x10mm g\u00f6bek. 36 di\u015fli.<\/div>\n<div>\n\tSunta, sert ve yumu\u015fak ah\u015fap, plastik, al\u00fcminyum ve PC kartlar\u0131n\u0131 kesmek i\u00e7in kullan\u0131l\u0131r.<\/div>\n","protected":false},"featured_media":16345,"comment_status":"open","ping_status":"closed","template":"","meta":{"_acf_changed":false},"product_brand":[1501],"product_cat":[926],"product_tag":[],"class_list":{"0":"post-16346","1":"product","2":"type-product","3":"status-publish","4":"has-post-thumbnail","6":"product_brand-proxxon","7":"product_cat-aksesuarlar-mikro-aletleri","9":"first","10":"instock","11":"taxable","12":"shipping-taxable","13":"purchasable","14":"product-type-simple","15":"add-to-wishlist-after_add_to_cart"},"acf":[],"_links":{"self":[{"href":"https:\/\/www.makitamarket.com.tr\/site\/wp-json\/wp\/v2\/product\/16346","targetHints":{"allow":["GET"]}}],"collection":[{"href":"https:\/\/www.makitamarket.com.tr\/site\/wp-json\/wp\/v2\/product"}],"about":[{"href":"https:\/\/www.makitamarket.com.tr\/site\/wp-json\/wp\/v2\/types\/product"}],"replies":[{"embeddable":true,"href":"https:\/\/www.makitamarket.com.tr\/site\/wp-json\/wp\/v2\/comments?post=16346"}],"wp:featuredmedia":[{"embeddable":true,"href":"https:\/\/www.makitamarket.com.tr\/site\/wp-json\/wp\/v2\/media\/16345"}],"wp:attachment":[{"href":"https:\/\/www.makitamarket.com.tr\/site\/wp-json\/wp\/v2\/media?parent=16346"}],"wp:term":[{"taxonomy":"product_brand","embeddable":true,"href":"https:\/\/www.makitamarket.com.tr\/site\/wp-json\/wp\/v2\/product_brand?post=16346"},{"taxonomy":"product_cat","embeddable":true,"href":"https:\/\/www.makitamarket.com.tr\/site\/wp-json\/wp\/v2\/product_cat?post=16346"},{"taxonomy":"product_tag","embeddable":true,"href":"https:\/\/www.makitamarket.com.tr\/site\/wp-json\/wp\/v2\/product_tag?post=16346"}],"curies":[{"name":"wp","href":"https:\/\/api.w.org\/{rel}","templated":true}]}}