{"id":16372,"date":"2024-11-28T19:56:15","date_gmt":"2024-11-28T16:56:15","guid":{"rendered":"https:\/\/www.makitamarket.com.tr\/site\/urun\/proscr-31-li-bits-uc-seti\/"},"modified":"2026-04-06T15:40:45","modified_gmt":"2026-04-06T12:40:45","slug":"proscr-31-li-bits-uc-seti","status":"publish","type":"product","link":"https:\/\/www.makitamarket.com.tr\/site\/urun\/proscr-31-li-bits-uc-seti\/","title":{"rendered":"Proscr SCR03339 31 L\u0130 B\u0130TS U\u00c7 SET\u0130"},"content":{"rendered":"<div id=\"cke_pastebin\">\n\t<strong>SET \u0130\u00c7ER\u0130\u011e\u0130:<br \/>\n\t<\/strong><\/div>\n<ul>\n<li>\n\t\t65mm PH1, HEX4, SL5<\/li>\n<li>\n\t\t25mm PH0, PH1, PH2, PH3, PH4<\/li>\n<li>\n\t\t25mm SL3, SL4, SL5, SL6, SL7<\/li>\n<li>\n\t\t25mm T10, T15, T20, T25, T30, T40<\/li>\n<li>\n\t\t25mm PZ1, PZ2, SQUARE 1, SQUARE 2, SQUARE 3<\/li>\n<li>\n\t\t25mm HEX3, HEX4, HEX5, HEX6, HEX7<\/li>\n<li>\n\t\t25mm SOKET ADAPT\u00d6R\u00dc,<\/li>\n<li>\n\t\tB\u0130TS U\u00c7 TORNAV\u0130DASI<\/li>\n<\/ul>\n<table>\n<tr>\n<td>Koli \u0130\u00e7i Adedi<\/td>\n<td>24 Ad.<\/td>\n<\/tr>\n<\/table>\n","protected":false},"excerpt":{"rendered":"<div id=\"cke_pastebin\">\n\t<strong>SET \u0130\u00c7ER\u0130\u011e\u0130:<br \/>\n\t<\/strong><\/div>\n<ul>\n<li>\n\t\t65mm PH1, HEX4, SL5<\/li>\n<li>\n\t\t25mm PH0, PH1, PH2, PH3, PH4<\/li>\n<li>\n\t\t25mm SL3, SL4, SL5, SL6, SL7<\/li>\n<li>\n\t\t25mm T10, T15, T20, T25, T30, T40<\/li>\n<li>\n\t\t25mm PZ1, PZ2, SQUARE 1, SQUARE 2, SQUARE 3<\/li>\n<li>\n\t\t25mm HEX3, HEX4, HEX5, HEX6, HEX7<\/li>\n<li>\n\t\t25mm SOKET ADAPT\u00d6R\u00dc,<\/li>\n<li>\n\t\tB\u0130TS U\u00c7 TORNAV\u0130DASI<\/li>\n<\/ul>\n","protected":false},"featured_media":16371,"comment_status":"open","ping_status":"closed","template":"","meta":{"_acf_changed":false},"product_brand":[1523],"product_cat":[1047],"product_tag":[],"class_list":{"0":"post-16372","1":"product","2":"type-product","3":"status-publish","4":"has-post-thumbnail","6":"product_brand-proscr","7":"product_cat-bits-uclar-aparatlar-adaptorler","9":"first","10":"instock","11":"taxable","12":"shipping-taxable","13":"purchasable","14":"product-type-simple","15":"add-to-wishlist-after_add_to_cart"},"acf":[],"_links":{"self":[{"href":"https:\/\/www.makitamarket.com.tr\/site\/wp-json\/wp\/v2\/product\/16372","targetHints":{"allow":["GET"]}}],"collection":[{"href":"https:\/\/www.makitamarket.com.tr\/site\/wp-json\/wp\/v2\/product"}],"about":[{"href":"https:\/\/www.makitamarket.com.tr\/site\/wp-json\/wp\/v2\/types\/product"}],"replies":[{"embeddable":true,"href":"https:\/\/www.makitamarket.com.tr\/site\/wp-json\/wp\/v2\/comments?post=16372"}],"wp:featuredmedia":[{"embeddable":true,"href":"https:\/\/www.makitamarket.com.tr\/site\/wp-json\/wp\/v2\/media\/16371"}],"wp:attachment":[{"href":"https:\/\/www.makitamarket.com.tr\/site\/wp-json\/wp\/v2\/media?parent=16372"}],"wp:term":[{"taxonomy":"product_brand","embeddable":true,"href":"https:\/\/www.makitamarket.com.tr\/site\/wp-json\/wp\/v2\/product_brand?post=16372"},{"taxonomy":"product_cat","embeddable":true,"href":"https:\/\/www.makitamarket.com.tr\/site\/wp-json\/wp\/v2\/product_cat?post=16372"},{"taxonomy":"product_tag","embeddable":true,"href":"https:\/\/www.makitamarket.com.tr\/site\/wp-json\/wp\/v2\/product_tag?post=16372"}],"curies":[{"name":"wp","href":"https:\/\/api.w.org\/{rel}","templated":true}]}}