{"id":16378,"date":"2024-11-28T19:56:17","date_gmt":"2024-11-28T16:56:17","guid":{"rendered":"https:\/\/www.makitamarket.com.tr\/site\/urun\/makita-kilic-testere-bicagi-300-mm\/"},"modified":"2025-08-28T08:29:14","modified_gmt":"2025-08-28T05:29:14","slug":"makita-kilic-testere-bicagi-300-mm","status":"publish","type":"product","link":"https:\/\/www.makitamarket.com.tr\/site\/urun\/makita-kilic-testere-bicagi-300-mm\/","title":{"rendered":"Makita B-52124 KILI\u00c7 TESTERE BI\u00c7A\u011eI 300 mm"},"content":{"rendered":"<p>\n\t<span id=\"result_box\" lang=\"tr\"><span>Elyaf yal\u0131t\u0131m malzemesi, Cam y\u00fcn\u00fc, ta\u015f y\u00fcn\u00fc v.b mazlemelerin kesiminde kullan\u0131l\u0131r.<\/span><\/span><\/p>\n<p>\n\t<span lang=\"tr\"><span>250mm ve daha k\u00fc\u00e7\u00fck \u00e7aplar i\u00e7in kesim yap\u0131lmas\u0131 tavsiye edilir.<\/span><\/span><\/p>\n<table>\n<tr>\n<td>Uzunluk<\/td>\n<td>300 mm<\/td>\n<\/tr>\n<tr>\n<td>B\u0131\u00e7ak Materyali<\/td>\n<td>HCS<\/td>\n<\/tr>\n<\/table>\n","protected":false},"excerpt":{"rendered":"<p>\n\t<span id=\"result_box\" lang=\"tr\"><span>Elyaf yal\u0131t\u0131m malzemesi, Cam y\u00fcn\u00fc, ta\u015f y\u00fcn\u00fc v.b mazlemelerin kesiminde kullan\u0131l\u0131r.<\/span><\/span><\/p>\n<p>\n\t<span lang=\"tr\"><span>250mm ve daha k\u00fc\u00e7\u00fck \u00e7aplar i\u00e7in kesim yap\u0131lmas\u0131 tavsiye edilir.<\/span><\/span><\/p>\n","protected":false},"featured_media":16377,"comment_status":"open","ping_status":"closed","template":"","meta":{"_acf_changed":false},"product_brand":[],"product_cat":[1345],"product_tag":[],"class_list":{"0":"post-16378","1":"product","2":"type-product","3":"status-publish","4":"has-post-thumbnail","6":"product_cat-elyaf-ve-yalitim-kesimi-icin-kilic-testere-bicaklari","8":"first","9":"outofstock","10":"taxable","11":"shipping-taxable","12":"purchasable","13":"product-type-simple","14":"add-to-wishlist-after_add_to_cart"},"acf":[],"_links":{"self":[{"href":"https:\/\/www.makitamarket.com.tr\/site\/wp-json\/wp\/v2\/product\/16378","targetHints":{"allow":["GET"]}}],"collection":[{"href":"https:\/\/www.makitamarket.com.tr\/site\/wp-json\/wp\/v2\/product"}],"about":[{"href":"https:\/\/www.makitamarket.com.tr\/site\/wp-json\/wp\/v2\/types\/product"}],"replies":[{"embeddable":true,"href":"https:\/\/www.makitamarket.com.tr\/site\/wp-json\/wp\/v2\/comments?post=16378"}],"wp:featuredmedia":[{"embeddable":true,"href":"https:\/\/www.makitamarket.com.tr\/site\/wp-json\/wp\/v2\/media\/16377"}],"wp:attachment":[{"href":"https:\/\/www.makitamarket.com.tr\/site\/wp-json\/wp\/v2\/media?parent=16378"}],"wp:term":[{"taxonomy":"product_brand","embeddable":true,"href":"https:\/\/www.makitamarket.com.tr\/site\/wp-json\/wp\/v2\/product_brand?post=16378"},{"taxonomy":"product_cat","embeddable":true,"href":"https:\/\/www.makitamarket.com.tr\/site\/wp-json\/wp\/v2\/product_cat?post=16378"},{"taxonomy":"product_tag","embeddable":true,"href":"https:\/\/www.makitamarket.com.tr\/site\/wp-json\/wp\/v2\/product_tag?post=16378"}],"curies":[{"name":"wp","href":"https:\/\/api.w.org\/{rel}","templated":true}]}}