{"id":16443,"date":"2024-11-28T19:58:48","date_gmt":"2024-11-28T16:58:48","guid":{"rendered":"https:\/\/www.makitamarket.com.tr\/site\/urun\/turcoboor-turcoboor-tcm14-kilavuz-tutucu\/"},"modified":"2026-04-06T15:41:51","modified_gmt":"2026-04-06T12:41:51","slug":"turcoboor-turcoboor-tcm14-kilavuz-tutucu","status":"publish","type":"product","link":"https:\/\/www.makitamarket.com.tr\/site\/urun\/turcoboor-turcoboor-tcm14-kilavuz-tutucu\/","title":{"rendered":"Turcoboor TCM14 TURCOBOOR TCM14 KILAVUZ TUTUCU"},"content":{"rendered":"<table>\n<tr>\n<td>A\u00e7\u0131klama<\/td>\n<td>M14 Tutucu<\/td>\n<\/tr>\n<tr>\n<td>\u00c7ap<\/td>\n<td>\u00d8 11 mm<\/td>\n<\/tr>\n<\/table>\n","protected":false},"excerpt":{"rendered":"<p>A\u00e7\u0131klama M14 Tutucu \u00c7ap \u00d8 11 mm<\/p>\n","protected":false},"featured_media":0,"comment_status":"open","ping_status":"closed","template":"","meta":{"_acf_changed":false},"product_brand":[1506],"product_cat":[801],"product_tag":[],"class_list":{"0":"post-16443","1":"product","2":"type-product","3":"status-publish","5":"product_brand-turcoboor","6":"product_cat-aksesuarlar-matkaplar","8":"first","9":"instock","10":"taxable","11":"shipping-taxable","12":"purchasable","13":"product-type-simple","14":"add-to-wishlist-after_add_to_cart"},"acf":[],"_links":{"self":[{"href":"https:\/\/www.makitamarket.com.tr\/site\/wp-json\/wp\/v2\/product\/16443","targetHints":{"allow":["GET"]}}],"collection":[{"href":"https:\/\/www.makitamarket.com.tr\/site\/wp-json\/wp\/v2\/product"}],"about":[{"href":"https:\/\/www.makitamarket.com.tr\/site\/wp-json\/wp\/v2\/types\/product"}],"replies":[{"embeddable":true,"href":"https:\/\/www.makitamarket.com.tr\/site\/wp-json\/wp\/v2\/comments?post=16443"}],"wp:attachment":[{"href":"https:\/\/www.makitamarket.com.tr\/site\/wp-json\/wp\/v2\/media?parent=16443"}],"wp:term":[{"taxonomy":"product_brand","embeddable":true,"href":"https:\/\/www.makitamarket.com.tr\/site\/wp-json\/wp\/v2\/product_brand?post=16443"},{"taxonomy":"product_cat","embeddable":true,"href":"https:\/\/www.makitamarket.com.tr\/site\/wp-json\/wp\/v2\/product_cat?post=16443"},{"taxonomy":"product_tag","embeddable":true,"href":"https:\/\/www.makitamarket.com.tr\/site\/wp-json\/wp\/v2\/product_tag?post=16443"}],"curies":[{"name":"wp","href":"https:\/\/api.w.org\/{rel}","templated":true}]}}