{"id":16460,"date":"2024-11-28T19:58:57","date_gmt":"2024-11-28T16:58:57","guid":{"rendered":"https:\/\/www.makitamarket.com.tr\/site\/urun\/makita-havsa-acma-ucu-20-5x63-mm\/"},"modified":"2026-03-30T09:30:28","modified_gmt":"2026-03-30T06:30:28","slug":"makita-havsa-acma-ucu-20-5x63-mm","status":"publish","type":"product","link":"https:\/\/www.makitamarket.com.tr\/site\/urun\/makita-havsa-acma-ucu-20-5x63-mm\/","title":{"rendered":"Makita D-37487 HAV\u015eA A\u00c7MA UCU 20.5&#215;63 mm"},"content":{"rendered":"<table>\n<tr>\n<td>Uygulama<\/td>\n<td>M10<\/td>\n<\/tr>\n<tr>\n<td>A\u00e7\u0131 &#8211; Kenar<\/td>\n<td>90\u00b0 &#8211; 3 adet<\/td>\n<\/tr>\n<tr>\n<td>\u00c7ap<\/td>\n<td>20.5<\/td>\n<\/tr>\n<tr>\n<td>Uzunluk<\/td>\n<td>63<\/td>\n<\/tr>\n<tr>\n<td>A\u00e7\u0131-Kenar<\/td>\n<td>90\u00b0 -3 adet<\/td>\n<\/tr>\n<tr>\n<td>\u00c7ap-Uzunluk<\/td>\n<td>20.5 x 63 mm<\/td>\n<\/tr>\n<\/table>\n","protected":false},"excerpt":{"rendered":"<p>Uygulama M10 A\u00e7\u0131 &#8211; Kenar 90\u00b0 &#8211; 3 adet \u00c7ap 20.5 Uzunluk 63 A\u00e7\u0131-Kenar 90\u00b0 -3 adet \u00c7ap-Uzunluk 20.5 x 63 mm<\/p>\n","protected":false},"featured_media":0,"comment_status":"open","ping_status":"closed","template":"","meta":{"_acf_changed":false},"product_brand":[1485],"product_cat":[1064],"product_tag":[],"class_list":{"0":"post-16460","1":"product","2":"type-product","3":"status-publish","5":"product_brand-makita","6":"product_cat-metal-delme-uclari","8":"first","9":"instock","10":"taxable","11":"shipping-taxable","12":"purchasable","13":"product-type-simple","14":"add-to-wishlist-after_add_to_cart"},"acf":[],"_links":{"self":[{"href":"https:\/\/www.makitamarket.com.tr\/site\/wp-json\/wp\/v2\/product\/16460","targetHints":{"allow":["GET"]}}],"collection":[{"href":"https:\/\/www.makitamarket.com.tr\/site\/wp-json\/wp\/v2\/product"}],"about":[{"href":"https:\/\/www.makitamarket.com.tr\/site\/wp-json\/wp\/v2\/types\/product"}],"replies":[{"embeddable":true,"href":"https:\/\/www.makitamarket.com.tr\/site\/wp-json\/wp\/v2\/comments?post=16460"}],"wp:attachment":[{"href":"https:\/\/www.makitamarket.com.tr\/site\/wp-json\/wp\/v2\/media?parent=16460"}],"wp:term":[{"taxonomy":"product_brand","embeddable":true,"href":"https:\/\/www.makitamarket.com.tr\/site\/wp-json\/wp\/v2\/product_brand?post=16460"},{"taxonomy":"product_cat","embeddable":true,"href":"https:\/\/www.makitamarket.com.tr\/site\/wp-json\/wp\/v2\/product_cat?post=16460"},{"taxonomy":"product_tag","embeddable":true,"href":"https:\/\/www.makitamarket.com.tr\/site\/wp-json\/wp\/v2\/product_tag?post=16460"}],"curies":[{"name":"wp","href":"https:\/\/api.w.org\/{rel}","templated":true}]}}