{"id":16497,"date":"2024-11-28T19:59:10","date_gmt":"2024-11-28T16:59:10","guid":{"rendered":"https:\/\/www.makitamarket.com.tr\/site\/urun\/knipex-kombine-kablo-makasi-140-mm\/"},"modified":"2026-05-12T18:06:23","modified_gmt":"2026-05-12T15:06:23","slug":"knipex-kombine-kablo-makasi-140-mm","status":"publish","type":"product","link":"https:\/\/www.makitamarket.com.tr\/site\/urun\/knipex-kombine-kablo-makasi-140-mm\/","title":{"rendered":"Knipex 9505140 KOMB\u0130NE \/ KABLO MAKASI 140 mm"},"content":{"rendered":"<p><b>95 05 140 Kombine Makas<\/b><br \/>Mukavva, plastik, al\u00fcminyum, pirin\u00e7 ve bak\u0131r folyolar\u0131n kesilmesi i\u00e7in. \u00c7elik tel ve demir sac i\u00e7in uygun de\u011fildir. Hassas ta\u015flanm\u0131\u015f, sertle\u015ftirilmi\u015f kesiciler. A\u00e7ma yay\u0131 ve blokaj mandal\u0131 ile. Parmaklar\u0131n s\u0131k\u0131\u015fmas\u0131n\u0131 \u00f6nleyen tasar\u0131ma sahiptir. Ayarlanabilir vidal\u0131 mafsal. <\/p>\n<table>\n<tr>\n<td>Form<\/td>\n<td>Yayl\u0131<\/td>\n<\/tr>\n<tr>\n<td>Uzunluk<\/td>\n<td>140<\/td>\n<\/tr>\n<tr>\n<td>A\u011f\u0131rl\u0131k<\/td>\n<td>67 gr<\/td>\n<\/tr>\n<\/table>\n","protected":false},"excerpt":{"rendered":"<p><b>95 05 140 Kombine Makas<\/b><br \/>Mukavva, plastik, al\u00fcminyum, pirin\u00e7 ve bak\u0131r folyolar\u0131n kesilmesi i\u00e7in. \u00c7elik tel ve demir sac i\u00e7in uygun de\u011fildir. Hassas ta\u015flanm\u0131\u015f, sertle\u015ftirilmi\u015f kesiciler. A\u00e7ma yay\u0131 ve blokaj mandal\u0131 ile. Parmaklar\u0131n s\u0131k\u0131\u015fmas\u0131n\u0131 \u00f6nleyen tasar\u0131ma sahiptir. Ayarlanabilir vidal\u0131 mafsal. <\/p>\n","protected":false},"featured_media":16496,"comment_status":"open","ping_status":"closed","template":"","meta":{"_acf_changed":false},"product_brand":[1486],"product_cat":[833],"product_tag":[],"class_list":{"0":"post-16497","1":"product","2":"type-product","3":"status-publish","4":"has-post-thumbnail","6":"product_brand-knipex","7":"product_cat-makaslar","9":"first","10":"outofstock","11":"taxable","12":"shipping-taxable","13":"purchasable","14":"product-type-simple","15":"add-to-wishlist-after_add_to_cart"},"acf":[],"_links":{"self":[{"href":"https:\/\/www.makitamarket.com.tr\/site\/wp-json\/wp\/v2\/product\/16497","targetHints":{"allow":["GET"]}}],"collection":[{"href":"https:\/\/www.makitamarket.com.tr\/site\/wp-json\/wp\/v2\/product"}],"about":[{"href":"https:\/\/www.makitamarket.com.tr\/site\/wp-json\/wp\/v2\/types\/product"}],"replies":[{"embeddable":true,"href":"https:\/\/www.makitamarket.com.tr\/site\/wp-json\/wp\/v2\/comments?post=16497"}],"wp:featuredmedia":[{"embeddable":true,"href":"https:\/\/www.makitamarket.com.tr\/site\/wp-json\/wp\/v2\/media\/16496"}],"wp:attachment":[{"href":"https:\/\/www.makitamarket.com.tr\/site\/wp-json\/wp\/v2\/media?parent=16497"}],"wp:term":[{"taxonomy":"product_brand","embeddable":true,"href":"https:\/\/www.makitamarket.com.tr\/site\/wp-json\/wp\/v2\/product_brand?post=16497"},{"taxonomy":"product_cat","embeddable":true,"href":"https:\/\/www.makitamarket.com.tr\/site\/wp-json\/wp\/v2\/product_cat?post=16497"},{"taxonomy":"product_tag","embeddable":true,"href":"https:\/\/www.makitamarket.com.tr\/site\/wp-json\/wp\/v2\/product_tag?post=16497"}],"curies":[{"name":"wp","href":"https:\/\/api.w.org\/{rel}","templated":true}]}}