{"id":16529,"date":"2024-11-28T19:59:20","date_gmt":"2024-11-28T16:59:20","guid":{"rendered":"https:\/\/www.makitamarket.com.tr\/site\/urun\/uni-t-cep-tipi-dijital-multimetre\/"},"modified":"2026-03-30T09:31:29","modified_gmt":"2026-03-30T06:31:29","slug":"uni-t-cep-tipi-dijital-multimetre","status":"publish","type":"product","link":"https:\/\/www.makitamarket.com.tr\/site\/urun\/uni-t-cep-tipi-dijital-multimetre\/","title":{"rendered":"Uni-t UT125C CEP T\u0130P\u0130 D\u0130J\u0130TAL MULT\u0130METRE"},"content":{"rendered":"<table>\n<tr>\n<td>DC Voltaj (V)<\/td>\n<td>400mV~600V \u00b1(0.5%+5)<\/td>\n<\/tr>\n<tr>\n<td>AC Voltaj (V)<\/td>\n<td>4V~600V \u00b1(1.2%+5)<\/td>\n<\/tr>\n<tr>\n<td>DC Ak\u0131m (A)<\/td>\n<td>400\u03bcA~400mA \u00b1(1.8%+5)<\/td>\n<\/tr>\n<tr>\n<td>AC Ak\u0131m (A)<\/td>\n<td>400\u03bcA~400mA \u00b1(2.0%+8)<\/td>\n<\/tr>\n<tr>\n<td>Diren\u00e7<\/td>\n<td>400\u03a9~40M\u03a9 \u00b1(1.0%+5)<\/td>\n<\/tr>\n<tr>\n<td>Kapasitans<\/td>\n<td>50nF~100\u03bcF \u00b1(4%+10)<\/td>\n<\/tr>\n<tr>\n<td>Frekans<\/td>\n<td>10~60kHz \u00b1(0.1%+5)<\/td>\n<\/tr>\n<tr>\n<td>G\u00f6rev D\u00f6ng\u00fcs\u00fc<\/td>\n<td>20%~80%<\/td>\n<\/tr>\n<tr>\n<td>Diyot Testi<\/td>\n<td>\u221a<\/td>\n<\/tr>\n<tr>\n<td>S\u00fcreklilik Testi<\/td>\n<td>\u221a<\/td>\n<\/tr>\n<tr>\n<td>D\u00fc\u015f\u00fck batarya g\u00f6stergesi<\/td>\n<td>\u221a<\/td>\n<\/tr>\n<tr>\n<td>Veri tutma<\/td>\n<td>\u221a<\/td>\n<\/tr>\n<tr>\n<td>Otomatik Kapanma<\/td>\n<td>\u221a<\/td>\n<\/tr>\n<tr>\n<td>\u00c7al\u0131\u015fma S\u0131cakl\u0131\u011f\u0131<\/td>\n<td>0\u02daC~50\u02daC<\/td>\n<\/tr>\n<tr>\n<td>G\u00fcvenlik derecesi<\/td>\n<td>CAT III 600V<\/td>\n<\/tr>\n<tr>\n<td>A\u011f\u0131rl\u0131k<\/td>\n<td>180 g<\/td>\n<\/tr>\n<\/table>\n","protected":false},"excerpt":{"rendered":"<p>DC Voltaj (V) 400mV~600V \u00b1(0.5%+5) AC Voltaj (V) 4V~600V \u00b1(1.2%+5) DC Ak\u0131m (A) 400\u03bcA~400mA \u00b1(1.8%+5) AC Ak\u0131m (A) 400\u03bcA~400mA \u00b1(2.0%+8) Diren\u00e7 400\u03a9~40M\u03a9 \u00b1(1.0%+5) Kapasitans 50nF~100\u03bcF \u00b1(4%+10) Frekans 10~60kHz \u00b1(0.1%+5) G\u00f6rev<\/p>\n","protected":false},"featured_media":16528,"comment_status":"open","ping_status":"closed","template":"","meta":{"_acf_changed":false},"product_brand":[1531],"product_cat":[1080],"product_tag":[],"class_list":{"0":"post-16529","1":"product","2":"type-product","3":"status-publish","4":"has-post-thumbnail","6":"product_brand-uni-t","7":"product_cat-dijital-multimetreler","9":"first","10":"outofstock","11":"taxable","12":"shipping-taxable","13":"purchasable","14":"product-type-simple","15":"add-to-wishlist-after_add_to_cart"},"acf":[],"_links":{"self":[{"href":"https:\/\/www.makitamarket.com.tr\/site\/wp-json\/wp\/v2\/product\/16529","targetHints":{"allow":["GET"]}}],"collection":[{"href":"https:\/\/www.makitamarket.com.tr\/site\/wp-json\/wp\/v2\/product"}],"about":[{"href":"https:\/\/www.makitamarket.com.tr\/site\/wp-json\/wp\/v2\/types\/product"}],"replies":[{"embeddable":true,"href":"https:\/\/www.makitamarket.com.tr\/site\/wp-json\/wp\/v2\/comments?post=16529"}],"wp:featuredmedia":[{"embeddable":true,"href":"https:\/\/www.makitamarket.com.tr\/site\/wp-json\/wp\/v2\/media\/16528"}],"wp:attachment":[{"href":"https:\/\/www.makitamarket.com.tr\/site\/wp-json\/wp\/v2\/media?parent=16529"}],"wp:term":[{"taxonomy":"product_brand","embeddable":true,"href":"https:\/\/www.makitamarket.com.tr\/site\/wp-json\/wp\/v2\/product_brand?post=16529"},{"taxonomy":"product_cat","embeddable":true,"href":"https:\/\/www.makitamarket.com.tr\/site\/wp-json\/wp\/v2\/product_cat?post=16529"},{"taxonomy":"product_tag","embeddable":true,"href":"https:\/\/www.makitamarket.com.tr\/site\/wp-json\/wp\/v2\/product_tag?post=16529"}],"curies":[{"name":"wp","href":"https:\/\/api.w.org\/{rel}","templated":true}]}}