{"id":16531,"date":"2024-11-28T19:59:20","date_gmt":"2024-11-28T16:59:20","guid":{"rendered":"https:\/\/www.makitamarket.com.tr\/site\/urun\/makita-sds-max-egik-yassi-tip-keski-50x300-mm\/"},"modified":"2026-04-06T15:43:46","modified_gmt":"2026-04-06T12:43:46","slug":"makita-sds-max-egik-yassi-tip-keski-50x300-mm","status":"publish","type":"product","link":"https:\/\/www.makitamarket.com.tr\/site\/urun\/makita-sds-max-egik-yassi-tip-keski-50x300-mm\/","title":{"rendered":"Makita A-80830 SDS &#8211; MAX E\u011e\u0130K YASSI T\u0130P KESK\u0130 50&#215;300 mm"},"content":{"rendered":"<p>\n\tSDS Max tip u\u00e7 kullanan t\u00fcm elektropn\u00f6matik makinalarda kullan\u0131l\u0131r.<\/p>\n<table>\n<tr>\n<td>\u00c7ap<\/td>\n<td>50 mm<\/td>\n<\/tr>\n<tr>\n<td>\u1d13<\/td>\n<td>300<\/td>\n<\/tr>\n<\/table>\n","protected":false},"excerpt":{"rendered":"<p>\n\tSDS Max tip u\u00e7 kullanan t\u00fcm elektropn\u00f6matik makinalarda kullan\u0131l\u0131r.<\/p>\n","protected":false},"featured_media":16530,"comment_status":"open","ping_status":"closed","template":"","meta":{"_acf_changed":false},"product_brand":[1485],"product_cat":[1209],"product_tag":[],"class_list":{"0":"post-16531","1":"product","2":"type-product","3":"status-publish","4":"has-post-thumbnail","6":"product_brand-makita","7":"product_cat-sds-max-keskiler","9":"first","10":"instock","11":"taxable","12":"shipping-taxable","13":"purchasable","14":"product-type-simple","15":"add-to-wishlist-after_add_to_cart"},"acf":[],"_links":{"self":[{"href":"https:\/\/www.makitamarket.com.tr\/site\/wp-json\/wp\/v2\/product\/16531","targetHints":{"allow":["GET"]}}],"collection":[{"href":"https:\/\/www.makitamarket.com.tr\/site\/wp-json\/wp\/v2\/product"}],"about":[{"href":"https:\/\/www.makitamarket.com.tr\/site\/wp-json\/wp\/v2\/types\/product"}],"replies":[{"embeddable":true,"href":"https:\/\/www.makitamarket.com.tr\/site\/wp-json\/wp\/v2\/comments?post=16531"}],"wp:featuredmedia":[{"embeddable":true,"href":"https:\/\/www.makitamarket.com.tr\/site\/wp-json\/wp\/v2\/media\/16530"}],"wp:attachment":[{"href":"https:\/\/www.makitamarket.com.tr\/site\/wp-json\/wp\/v2\/media?parent=16531"}],"wp:term":[{"taxonomy":"product_brand","embeddable":true,"href":"https:\/\/www.makitamarket.com.tr\/site\/wp-json\/wp\/v2\/product_brand?post=16531"},{"taxonomy":"product_cat","embeddable":true,"href":"https:\/\/www.makitamarket.com.tr\/site\/wp-json\/wp\/v2\/product_cat?post=16531"},{"taxonomy":"product_tag","embeddable":true,"href":"https:\/\/www.makitamarket.com.tr\/site\/wp-json\/wp\/v2\/product_tag?post=16531"}],"curies":[{"name":"wp","href":"https:\/\/api.w.org\/{rel}","templated":true}]}}