{"id":16555,"date":"2024-11-28T19:59:31","date_gmt":"2024-11-28T16:59:31","guid":{"rendered":"https:\/\/www.makitamarket.com.tr\/site\/urun\/nikon-su-zimparasi-280-kum\/"},"modified":"2026-03-30T09:32:26","modified_gmt":"2026-03-30T06:32:26","slug":"nikon-su-zimparasi-280-kum","status":"publish","type":"product","link":"https:\/\/www.makitamarket.com.tr\/site\/urun\/nikon-su-zimparasi-280-kum\/","title":{"rendered":"Nikon NS280 SU ZIMPARASI 280 KUM"},"content":{"rendered":"<p>\n\t<span style=\"color: rgb(255, 0, 0);\"><strong>Kullan\u0131m Alan\u0131:<\/strong><\/span><\/p>\n<p>\n\tSilisyum Karb\u00fcr a\u015f\u0131nd\u0131r\u0131c\u0131 uygulamas\u0131na tabi ka\u011f\u0131t mesnetli C bez (140gr) imal edilmi\u015ftir.<\/p>\n<p>\n\tT\u00fcm sekt\u00f6rlerde sulu ve ya\u011fl\u0131 ortamlarda kullan\u0131ma uygundur.<\/p>\n<table>\n<tr>\n<td>Kum<\/td>\n<td>280<\/td>\n<\/tr>\n<tr>\n<td>Paket \u0130\u00e7i Adedi<\/td>\n<td>100<\/td>\n<\/tr>\n<\/table>\n","protected":false},"excerpt":{"rendered":"<p>\n\t<span style=\"color: rgb(255, 0, 0);\"><strong>Kullan\u0131m Alan\u0131:<\/strong><\/span><\/p>\n<p>\n\tSilisyum Karb\u00fcr a\u015f\u0131nd\u0131r\u0131c\u0131 uygulamas\u0131na tabi ka\u011f\u0131t mesnetli C bez (140gr) imal edilmi\u015ftir.<\/p>\n<p>\n\tT\u00fcm sekt\u00f6rlerde sulu ve ya\u011fl\u0131 ortamlarda kullan\u0131ma uygundur.<\/p>\n","protected":false},"featured_media":16554,"comment_status":"open","ping_status":"closed","template":"","meta":{"_acf_changed":false},"product_brand":[1518],"product_cat":[1365],"product_tag":[],"class_list":{"0":"post-16555","1":"product","2":"type-product","3":"status-publish","4":"has-post-thumbnail","6":"product_brand-nikon","7":"product_cat-su-zimparalari","9":"first","10":"instock","11":"taxable","12":"shipping-taxable","13":"purchasable","14":"product-type-simple","15":"add-to-wishlist-after_add_to_cart"},"acf":[],"_links":{"self":[{"href":"https:\/\/www.makitamarket.com.tr\/site\/wp-json\/wp\/v2\/product\/16555","targetHints":{"allow":["GET"]}}],"collection":[{"href":"https:\/\/www.makitamarket.com.tr\/site\/wp-json\/wp\/v2\/product"}],"about":[{"href":"https:\/\/www.makitamarket.com.tr\/site\/wp-json\/wp\/v2\/types\/product"}],"replies":[{"embeddable":true,"href":"https:\/\/www.makitamarket.com.tr\/site\/wp-json\/wp\/v2\/comments?post=16555"}],"wp:featuredmedia":[{"embeddable":true,"href":"https:\/\/www.makitamarket.com.tr\/site\/wp-json\/wp\/v2\/media\/16554"}],"wp:attachment":[{"href":"https:\/\/www.makitamarket.com.tr\/site\/wp-json\/wp\/v2\/media?parent=16555"}],"wp:term":[{"taxonomy":"product_brand","embeddable":true,"href":"https:\/\/www.makitamarket.com.tr\/site\/wp-json\/wp\/v2\/product_brand?post=16555"},{"taxonomy":"product_cat","embeddable":true,"href":"https:\/\/www.makitamarket.com.tr\/site\/wp-json\/wp\/v2\/product_cat?post=16555"},{"taxonomy":"product_tag","embeddable":true,"href":"https:\/\/www.makitamarket.com.tr\/site\/wp-json\/wp\/v2\/product_tag?post=16555"}],"curies":[{"name":"wp","href":"https:\/\/api.w.org\/{rel}","templated":true}]}}