{"id":16582,"date":"2024-11-28T19:59:40","date_gmt":"2024-11-28T16:59:40","guid":{"rendered":"https:\/\/www.makitamarket.com.tr\/site\/urun\/reis-hss-sds-max-tip-yassi-keski\/"},"modified":"2026-04-06T16:56:03","modified_gmt":"2026-04-06T13:56:03","slug":"reis-hss-sds-max-tip-yassi-keski","status":"publish","type":"product","link":"https:\/\/www.makitamarket.com.tr\/site\/urun\/reis-hss-sds-max-tip-yassi-keski\/","title":{"rendered":"Reis Hss 5220 SDS &#8211; MAX T\u0130P YASSI KESK\u0130"},"content":{"rendered":"<div>\n\t<strong>MADE IN GERMANY\u00a0<\/strong><\/div>\n<div>\n\tSDS-Max u\u00e7 kullanan t\u00fcm elektropn\u00f6matik makinalarda kullan\u0131l\u0131r.<\/div>\n<table>\n<tr>\n<td>Tip<\/td>\n<td>Yass\u0131<\/td>\n<\/tr>\n<tr>\n<td>\u00d6l\u00e7\u00fc<\/td>\n<td>25&#215;280<\/td>\n<\/tr>\n<\/table>\n","protected":false},"excerpt":{"rendered":"<div>\n\t<strong>MADE IN GERMANY\u00a0<\/strong><\/div>\n<div>\n\tSDS-Max u\u00e7 kullanan t\u00fcm elektropn\u00f6matik makinalarda kullan\u0131l\u0131r.<\/div>\n","protected":false},"featured_media":19780,"comment_status":"open","ping_status":"closed","template":"","meta":{"_acf_changed":false},"product_brand":[1555],"product_cat":[1366],"product_tag":[],"class_list":{"0":"post-16582","1":"product","2":"type-product","3":"status-publish","4":"has-post-thumbnail","6":"product_brand-reis-hss","7":"product_cat-yassi-keskiler-keskiler-aksesuarlar","9":"first","10":"instock","11":"taxable","12":"shipping-taxable","13":"purchasable","14":"product-type-simple","15":"add-to-wishlist-after_add_to_cart"},"acf":[],"_links":{"self":[{"href":"https:\/\/www.makitamarket.com.tr\/site\/wp-json\/wp\/v2\/product\/16582","targetHints":{"allow":["GET"]}}],"collection":[{"href":"https:\/\/www.makitamarket.com.tr\/site\/wp-json\/wp\/v2\/product"}],"about":[{"href":"https:\/\/www.makitamarket.com.tr\/site\/wp-json\/wp\/v2\/types\/product"}],"replies":[{"embeddable":true,"href":"https:\/\/www.makitamarket.com.tr\/site\/wp-json\/wp\/v2\/comments?post=16582"}],"wp:featuredmedia":[{"embeddable":true,"href":"https:\/\/www.makitamarket.com.tr\/site\/wp-json\/wp\/v2\/media\/19780"}],"wp:attachment":[{"href":"https:\/\/www.makitamarket.com.tr\/site\/wp-json\/wp\/v2\/media?parent=16582"}],"wp:term":[{"taxonomy":"product_brand","embeddable":true,"href":"https:\/\/www.makitamarket.com.tr\/site\/wp-json\/wp\/v2\/product_brand?post=16582"},{"taxonomy":"product_cat","embeddable":true,"href":"https:\/\/www.makitamarket.com.tr\/site\/wp-json\/wp\/v2\/product_cat?post=16582"},{"taxonomy":"product_tag","embeddable":true,"href":"https:\/\/www.makitamarket.com.tr\/site\/wp-json\/wp\/v2\/product_tag?post=16582"}],"curies":[{"name":"wp","href":"https:\/\/api.w.org\/{rel}","templated":true}]}}