{"id":16589,"date":"2024-11-28T19:59:42","date_gmt":"2024-11-28T16:59:42","guid":{"rendered":"https:\/\/www.makitamarket.com.tr\/site\/urun\/bea-sk-serisi-igne-basli-civi-35-mm\/"},"modified":"2026-03-30T09:32:32","modified_gmt":"2026-03-30T06:32:32","slug":"bea-sk-serisi-igne-basli-civi-35-mm","status":"publish","type":"product","link":"https:\/\/www.makitamarket.com.tr\/site\/urun\/bea-sk-serisi-igne-basli-civi-35-mm\/","title":{"rendered":"Bea SK 335 SK SER\u0130S\u0130 \u0130\u011eNE BA\u015eLI \u00c7\u0130V\u0130 35 mm"},"content":{"rendered":"<p>\n\t<strong><span style=\"color: rgb(255, 0, 0);\">Not:<\/span><\/strong>\u00a0<span style=\"color: rgb(255, 0, 0);\">Tel ve \u00e7ivi fiyatlar\u0131 1000 adet fiyatlar\u0131d\u0131r.<\/span><\/p>\n<table>\n<tr>\n<td>Uzunluk<\/td>\n<td>35 mm<\/td>\n<\/tr>\n<tr>\n<td>Paket Adet<\/td>\n<td>5.000<\/td>\n<\/tr>\n<tr>\n<td>Koli Adet<\/td>\n<td>50.000<\/td>\n<\/tr>\n<\/table>\n","protected":false},"excerpt":{"rendered":"<p>\n\t<strong><span style=\"color: rgb(255, 0, 0);\">Not:<\/span><\/strong>\u00a0<span style=\"color: rgb(255, 0, 0);\">Tel ve \u00e7ivi fiyatlar\u0131 1000 adet fiyatlar\u0131d\u0131r.<\/span><\/p>\n","protected":false},"featured_media":16588,"comment_status":"open","ping_status":"closed","template":"","meta":{"_acf_changed":false},"product_brand":[1508],"product_cat":[1056],"product_tag":[],"class_list":{"0":"post-16589","1":"product","2":"type-product","3":"status-publish","4":"has-post-thumbnail","6":"product_brand-bea","7":"product_cat-civiler","9":"first","10":"instock","11":"taxable","12":"shipping-taxable","13":"purchasable","14":"product-type-simple","15":"add-to-wishlist-after_add_to_cart"},"acf":[],"_links":{"self":[{"href":"https:\/\/www.makitamarket.com.tr\/site\/wp-json\/wp\/v2\/product\/16589","targetHints":{"allow":["GET"]}}],"collection":[{"href":"https:\/\/www.makitamarket.com.tr\/site\/wp-json\/wp\/v2\/product"}],"about":[{"href":"https:\/\/www.makitamarket.com.tr\/site\/wp-json\/wp\/v2\/types\/product"}],"replies":[{"embeddable":true,"href":"https:\/\/www.makitamarket.com.tr\/site\/wp-json\/wp\/v2\/comments?post=16589"}],"wp:featuredmedia":[{"embeddable":true,"href":"https:\/\/www.makitamarket.com.tr\/site\/wp-json\/wp\/v2\/media\/16588"}],"wp:attachment":[{"href":"https:\/\/www.makitamarket.com.tr\/site\/wp-json\/wp\/v2\/media?parent=16589"}],"wp:term":[{"taxonomy":"product_brand","embeddable":true,"href":"https:\/\/www.makitamarket.com.tr\/site\/wp-json\/wp\/v2\/product_brand?post=16589"},{"taxonomy":"product_cat","embeddable":true,"href":"https:\/\/www.makitamarket.com.tr\/site\/wp-json\/wp\/v2\/product_cat?post=16589"},{"taxonomy":"product_tag","embeddable":true,"href":"https:\/\/www.makitamarket.com.tr\/site\/wp-json\/wp\/v2\/product_tag?post=16589"}],"curies":[{"name":"wp","href":"https:\/\/api.w.org\/{rel}","templated":true}]}}