{"id":16593,"date":"2024-11-28T19:59:43","date_gmt":"2024-11-28T16:59:43","guid":{"rendered":"https:\/\/www.makitamarket.com.tr\/site\/urun\/proxxon-proxxon-28192-hkp220-sicak-silikon-tabancasi\/"},"modified":"2026-04-06T15:44:45","modified_gmt":"2026-04-06T12:44:45","slug":"proxxon-proxxon-28192-hkp220-sicak-silikon-tabancasi","status":"publish","type":"product","link":"https:\/\/www.makitamarket.com.tr\/site\/urun\/proxxon-proxxon-28192-hkp220-sicak-silikon-tabancasi\/","title":{"rendered":"Proxxon 28192 HKP220 PROXXON 28192 HKP220 SICAK S\u0130L\u0130KON TABANCASI"},"content":{"rendered":"<div>\n\t<strong>Kullan\u0131m Alanlar\u0131: <\/strong>Metal, ah\u015fap plastik, cam, seramik, ta\u015f, karton, deri, strafor ve bu gibi malzemelerin yap\u0131\u015ft\u0131r\u0131lmas\u0131 i\u00e7in kullan\u0131l\u0131r.<\/div>\n<div>\n\t<strong>Sevkiyat Kapsam\u0131:<\/strong> 4 adet 7x100mm tutkal \u00e7ubuklar\u0131, 3 adet de\u011fi\u015ftirilebilir u\u00e7<\/div>\n<div>\n\t<strong>Uyumlu Aksesuarlar:<\/strong><\/div>\n<div>\n\t<strong>PROX28194:<\/strong> Tutkal \u00e7ubuklar\u0131 (12)<\/div>\n<table>\n<tr>\n<td>Dahili stand<\/td>\n<td>Var<\/td>\n<\/tr>\n<tr>\n<td>\u00c7al\u0131\u015fma gerilimi<\/td>\n<td>220-240V<\/td>\n<\/tr>\n<tr>\n<td>S\u0131cakl\u0131k<\/td>\n<td>200\u00b0<\/td>\n<\/tr>\n<tr>\n<td>\u00c7ubuk \u00f6l\u00e7\u00fcs\u00fc<\/td>\n<td>7&#215;100 mm<\/td>\n<\/tr>\n<\/table>\n","protected":false},"excerpt":{"rendered":"<div>\n\t<strong>Kullan\u0131m Alanlar\u0131: <\/strong>Metal, ah\u015fap plastik, cam, seramik, ta\u015f, karton, deri, strafor ve bu gibi malzemelerin yap\u0131\u015ft\u0131r\u0131lmas\u0131 i\u00e7in kullan\u0131l\u0131r.<\/div>\n<div>\n\t<strong>Sevkiyat Kapsam\u0131:<\/strong> 4 adet 7x100mm tutkal \u00e7ubuklar\u0131, 3 adet de\u011fi\u015ftirilebilir u\u00e7<\/div>\n<div>\n\t<strong>Uyumlu Aksesuarlar:<\/strong><\/div>\n<div>\n\t<strong>PROX28194:<\/strong> Tutkal \u00e7ubuklar\u0131 (12)<\/div>\n","protected":false},"featured_media":16592,"comment_status":"open","ping_status":"closed","template":"","meta":{"_acf_changed":false},"product_brand":[1501],"product_cat":[1267],"product_tag":[],"class_list":{"0":"post-16593","1":"product","2":"type-product","3":"status-publish","4":"has-post-thumbnail","6":"product_brand-proxxon","7":"product_cat-tabancalar-elektrikli-mikro-aletler","9":"first","10":"instock","11":"taxable","12":"shipping-taxable","13":"purchasable","14":"product-type-simple","15":"add-to-wishlist-after_add_to_cart"},"acf":[],"_links":{"self":[{"href":"https:\/\/www.makitamarket.com.tr\/site\/wp-json\/wp\/v2\/product\/16593","targetHints":{"allow":["GET"]}}],"collection":[{"href":"https:\/\/www.makitamarket.com.tr\/site\/wp-json\/wp\/v2\/product"}],"about":[{"href":"https:\/\/www.makitamarket.com.tr\/site\/wp-json\/wp\/v2\/types\/product"}],"replies":[{"embeddable":true,"href":"https:\/\/www.makitamarket.com.tr\/site\/wp-json\/wp\/v2\/comments?post=16593"}],"wp:featuredmedia":[{"embeddable":true,"href":"https:\/\/www.makitamarket.com.tr\/site\/wp-json\/wp\/v2\/media\/16592"}],"wp:attachment":[{"href":"https:\/\/www.makitamarket.com.tr\/site\/wp-json\/wp\/v2\/media?parent=16593"}],"wp:term":[{"taxonomy":"product_brand","embeddable":true,"href":"https:\/\/www.makitamarket.com.tr\/site\/wp-json\/wp\/v2\/product_brand?post=16593"},{"taxonomy":"product_cat","embeddable":true,"href":"https:\/\/www.makitamarket.com.tr\/site\/wp-json\/wp\/v2\/product_cat?post=16593"},{"taxonomy":"product_tag","embeddable":true,"href":"https:\/\/www.makitamarket.com.tr\/site\/wp-json\/wp\/v2\/product_tag?post=16593"}],"curies":[{"name":"wp","href":"https:\/\/api.w.org\/{rel}","templated":true}]}}