{"id":16663,"date":"2024-11-28T20:00:14","date_gmt":"2024-11-28T17:00:14","guid":{"rendered":"https:\/\/www.makitamarket.com.tr\/site\/urun\/topshop-freze-bicagi-8x8-mm\/"},"modified":"2026-01-23T16:18:43","modified_gmt":"2026-01-23T13:18:43","slug":"topshop-freze-bicagi-8x8-mm","status":"publish","type":"product","link":"https:\/\/www.makitamarket.com.tr\/site\/urun\/topshop-freze-bicagi-8x8-mm\/","title":{"rendered":"Topshop TH14403 FREZE BI\u00c7A\u011eI 8&#215;8 mm"},"content":{"rendered":"<p>\n\t\u00c7ift B\u0131\u00e7ak, D\u00fcz<\/p>\n<table>\n<tr>\n<td>\u00d6l\u00e7\u00fc<\/td>\n<td>D:8 mm, A1:8 mm, L2:26 mm<\/td>\n<\/tr>\n<tr>\n<td>Paket \u0130\u00e7i Adedi<\/td>\n<td>20<\/td>\n<\/tr>\n<\/table>\n","protected":false},"excerpt":{"rendered":"<p>\n\t\u00c7ift B\u0131\u00e7ak, D\u00fcz<\/p>\n","protected":false},"featured_media":17911,"comment_status":"open","ping_status":"closed","template":"","meta":{"_acf_changed":false},"product_brand":[1496],"product_cat":[1037],"product_tag":[],"class_list":{"0":"post-16663","1":"product","2":"type-product","3":"status-publish","4":"has-post-thumbnail","6":"product_brand-topshop","7":"product_cat-aksesuarlar-freze-bicaklari-ve-tas-menteseler","9":"first","10":"outofstock","11":"taxable","12":"shipping-taxable","13":"purchasable","14":"product-type-simple","15":"add-to-wishlist-after_add_to_cart"},"acf":[],"_links":{"self":[{"href":"https:\/\/www.makitamarket.com.tr\/site\/wp-json\/wp\/v2\/product\/16663","targetHints":{"allow":["GET"]}}],"collection":[{"href":"https:\/\/www.makitamarket.com.tr\/site\/wp-json\/wp\/v2\/product"}],"about":[{"href":"https:\/\/www.makitamarket.com.tr\/site\/wp-json\/wp\/v2\/types\/product"}],"replies":[{"embeddable":true,"href":"https:\/\/www.makitamarket.com.tr\/site\/wp-json\/wp\/v2\/comments?post=16663"}],"wp:featuredmedia":[{"embeddable":true,"href":"https:\/\/www.makitamarket.com.tr\/site\/wp-json\/wp\/v2\/media\/17911"}],"wp:attachment":[{"href":"https:\/\/www.makitamarket.com.tr\/site\/wp-json\/wp\/v2\/media?parent=16663"}],"wp:term":[{"taxonomy":"product_brand","embeddable":true,"href":"https:\/\/www.makitamarket.com.tr\/site\/wp-json\/wp\/v2\/product_brand?post=16663"},{"taxonomy":"product_cat","embeddable":true,"href":"https:\/\/www.makitamarket.com.tr\/site\/wp-json\/wp\/v2\/product_cat?post=16663"},{"taxonomy":"product_tag","embeddable":true,"href":"https:\/\/www.makitamarket.com.tr\/site\/wp-json\/wp\/v2\/product_tag?post=16663"}],"curies":[{"name":"wp","href":"https:\/\/api.w.org\/{rel}","templated":true}]}}