{"id":16679,"date":"2024-11-28T20:00:21","date_gmt":"2024-11-28T17:00:21","guid":{"rendered":"https:\/\/www.makitamarket.com.tr\/site\/urun\/virax-p32-plastik-boru-kesme-makasi-32-mm\/"},"modified":"2026-04-06T15:46:41","modified_gmt":"2026-04-06T12:46:41","slug":"virax-p32-plastik-boru-kesme-makasi-32-mm","status":"publish","type":"product","link":"https:\/\/www.makitamarket.com.tr\/site\/urun\/virax-p32-plastik-boru-kesme-makasi-32-mm\/","title":{"rendered":"Virax 215032 P32 PLAST\u0130K BORU KESME MAKASI 32 mm"},"content":{"rendered":"<div>\n\t<strong>\u2022PVC<\/strong><\/div>\n<div>\n\t<strong>\u2022PE<\/strong><\/div>\n<div>\n\t<strong>\u2022PER<\/strong><\/div>\n<div>\n\t<strong>\u2022PEX<\/strong><\/div>\n<div>\n\t<span dir=\"ltr\" role=\"presentation\" style=\"left: 853.717px; top: 1438.69px; font-size: 11.6667px; font-family: sans-serif; transform: scaleX(0.932736);\">32 mm\u2019ye kadar hortum kesme makas\u0131<\/span><\/div>\n<p>\t\u00a0<\/p>\n<table>\n<tr>\n<td>Boru \u00d6l\u00e7\u00fcs\u00fc<\/td>\n<td>32 mm<\/td>\n<\/tr>\n<tr>\n<td>Boru \u00d6l\u00e7\u00fcs\u00fc<\/td>\n<td>1 1 \/4&#8243;<\/td>\n<\/tr>\n<tr>\n<td>A\u011f\u0131rl\u0131k<\/td>\n<td>0.195 kg<\/td>\n<\/tr>\n<\/table>\n","protected":false},"excerpt":{"rendered":"<div>\n\t<strong>\u2022PVC<\/strong><\/div>\n<div>\n\t<strong>\u2022PE<\/strong><\/div>\n<div>\n\t<strong>\u2022PER<\/strong><\/div>\n<div>\n\t<strong>\u2022PEX<\/strong><\/div>\n<div>\n\t<span dir=\"ltr\" role=\"presentation\" style=\"left: 853.717px; top: 1438.69px; font-size: 11.6667px; font-family: sans-serif; transform: scaleX(0.932736);\">32 mm\u2019ye kadar hortum kesme makas\u0131<\/span><\/div>\n<p>\t\u00a0<\/p>\n","protected":false},"featured_media":16678,"comment_status":"open","ping_status":"closed","template":"","meta":{"_acf_changed":false},"product_brand":[1495],"product_cat":[1565],"product_tag":[],"class_list":{"0":"post-16679","1":"product","2":"type-product","3":"status-publish","4":"has-post-thumbnail","6":"product_brand-virax","7":"product_cat-yok-yok","9":"first","10":"instock","11":"taxable","12":"shipping-taxable","13":"purchasable","14":"product-type-simple","15":"add-to-wishlist-after_add_to_cart"},"acf":[],"_links":{"self":[{"href":"https:\/\/www.makitamarket.com.tr\/site\/wp-json\/wp\/v2\/product\/16679","targetHints":{"allow":["GET"]}}],"collection":[{"href":"https:\/\/www.makitamarket.com.tr\/site\/wp-json\/wp\/v2\/product"}],"about":[{"href":"https:\/\/www.makitamarket.com.tr\/site\/wp-json\/wp\/v2\/types\/product"}],"replies":[{"embeddable":true,"href":"https:\/\/www.makitamarket.com.tr\/site\/wp-json\/wp\/v2\/comments?post=16679"}],"wp:featuredmedia":[{"embeddable":true,"href":"https:\/\/www.makitamarket.com.tr\/site\/wp-json\/wp\/v2\/media\/16678"}],"wp:attachment":[{"href":"https:\/\/www.makitamarket.com.tr\/site\/wp-json\/wp\/v2\/media?parent=16679"}],"wp:term":[{"taxonomy":"product_brand","embeddable":true,"href":"https:\/\/www.makitamarket.com.tr\/site\/wp-json\/wp\/v2\/product_brand?post=16679"},{"taxonomy":"product_cat","embeddable":true,"href":"https:\/\/www.makitamarket.com.tr\/site\/wp-json\/wp\/v2\/product_cat?post=16679"},{"taxonomy":"product_tag","embeddable":true,"href":"https:\/\/www.makitamarket.com.tr\/site\/wp-json\/wp\/v2\/product_tag?post=16679"}],"curies":[{"name":"wp","href":"https:\/\/api.w.org\/{rel}","templated":true}]}}