{"id":16691,"date":"2024-11-28T20:00:27","date_gmt":"2024-11-28T17:00:27","guid":{"rendered":"https:\/\/www.makitamarket.com.tr\/site\/urun\/proxxon-fs-ayak-salteri\/"},"modified":"2026-04-06T15:46:45","modified_gmt":"2026-04-06T12:46:45","slug":"proxxon-fs-ayak-salteri","status":"publish","type":"product","link":"https:\/\/www.makitamarket.com.tr\/site\/urun\/proxxon-fs-ayak-salteri\/","title":{"rendered":"Proxxon 28700 FS AYAK \u015eALTER\u0130"},"content":{"rendered":"<table>\n<tr>\n<td>\u00d6zellik<\/td>\n<td>Ba\u011flant\u0131 kablosu 250cm \u00e7\u0131k\u0131\u015f kablosu 50cm<\/td>\n<\/tr>\n<tr>\n<td>Kullan\u0131m<\/td>\n<td>12V makina&#8217;da adapt\u00f6r Fs&#8217;ye ba\u011flan\u0131r hem seyyar hem de tezgah makinalar\u0131nda<\/td>\n<\/tr>\n<\/table>\n","protected":false},"excerpt":{"rendered":"<p>\u00d6zellik Ba\u011flant\u0131 kablosu 250cm \u00e7\u0131k\u0131\u015f kablosu 50cm Kullan\u0131m 12V makina&#8217;da adapt\u00f6r Fs&#8217;ye ba\u011flan\u0131r hem seyyar hem de tezgah makinalar\u0131nda<\/p>\n","protected":false},"featured_media":16690,"comment_status":"open","ping_status":"closed","template":"","meta":{"_acf_changed":false},"product_brand":[1501],"product_cat":[1369],"product_tag":[],"class_list":{"0":"post-16691","1":"product","2":"type-product","3":"status-publish","4":"has-post-thumbnail","6":"product_brand-proxxon","7":"product_cat-guc-adaptorleri","9":"first","10":"instock","11":"taxable","12":"shipping-taxable","13":"purchasable","14":"product-type-simple","15":"add-to-wishlist-after_add_to_cart"},"acf":[],"_links":{"self":[{"href":"https:\/\/www.makitamarket.com.tr\/site\/wp-json\/wp\/v2\/product\/16691","targetHints":{"allow":["GET"]}}],"collection":[{"href":"https:\/\/www.makitamarket.com.tr\/site\/wp-json\/wp\/v2\/product"}],"about":[{"href":"https:\/\/www.makitamarket.com.tr\/site\/wp-json\/wp\/v2\/types\/product"}],"replies":[{"embeddable":true,"href":"https:\/\/www.makitamarket.com.tr\/site\/wp-json\/wp\/v2\/comments?post=16691"}],"wp:featuredmedia":[{"embeddable":true,"href":"https:\/\/www.makitamarket.com.tr\/site\/wp-json\/wp\/v2\/media\/16690"}],"wp:attachment":[{"href":"https:\/\/www.makitamarket.com.tr\/site\/wp-json\/wp\/v2\/media?parent=16691"}],"wp:term":[{"taxonomy":"product_brand","embeddable":true,"href":"https:\/\/www.makitamarket.com.tr\/site\/wp-json\/wp\/v2\/product_brand?post=16691"},{"taxonomy":"product_cat","embeddable":true,"href":"https:\/\/www.makitamarket.com.tr\/site\/wp-json\/wp\/v2\/product_cat?post=16691"},{"taxonomy":"product_tag","embeddable":true,"href":"https:\/\/www.makitamarket.com.tr\/site\/wp-json\/wp\/v2\/product_tag?post=16691"}],"curies":[{"name":"wp","href":"https:\/\/api.w.org\/{rel}","templated":true}]}}