{"id":16696,"date":"2024-11-28T20:00:32","date_gmt":"2024-11-28T17:00:32","guid":{"rendered":"https:\/\/www.makitamarket.com.tr\/site\/urun\/makita-ahsap-daire-testere-110x60-dis\/"},"modified":"2026-04-06T15:46:46","modified_gmt":"2026-04-06T12:46:46","slug":"makita-ahsap-daire-testere-110x60-dis","status":"publish","type":"product","link":"https:\/\/www.makitamarket.com.tr\/site\/urun\/makita-ahsap-daire-testere-110x60-dis\/","title":{"rendered":"Makita 792012-4 AH\u015eAP DA\u0130RE TESTERE 110&#215;60 D\u0130\u015e"},"content":{"rendered":"<p>\n\t<strong>Uygun modeller : <\/strong>Testere \u00e7ap\u0131 uyumlu olan t\u00fcm modellerde ah\u015fap kesim i\u00e7in kullan\u0131l\u0131r.<\/p>\n<p>\n\tKombinasyon b\u0131\u00e7a\u011f\u0131 olup \u00e7apraz kesim i\u00e7in kullan\u0131l\u0131r. Ah\u015fapta p\u00fcr\u00fczs\u00fcz kesim yapmak i\u00e7in kullan\u0131l\u0131r.<\/p>\n<table>\n<tr>\n<td>Testere \u00e7ap\u0131<\/td>\n<td>110 mm<\/td>\n<\/tr>\n<tr>\n<td>G\u00f6bek \u00e7ap\u0131<\/td>\n<td>20 mm<\/td>\n<\/tr>\n<tr>\n<td>Y\u00fcz\u00fck \u00c7ap\u0131<\/td>\n<td>&#8211;<\/td>\n<\/tr>\n<tr>\n<td>Elmas Kal\u0131nl\u0131\u011f\u0131<\/td>\n<td>&#8211;<\/td>\n<\/tr>\n<tr>\n<td>G\u00f6vde Kal\u0131nl\u0131\u011f\u0131<\/td>\n<td>&#8211;<\/td>\n<\/tr>\n<tr>\n<td>Di\u015f Say\u0131s\u0131<\/td>\n<td>60<\/td>\n<\/tr>\n<tr>\n<td>Elmas A\u00e7\u0131s\u0131<\/td>\n<td>&#8211;<\/td>\n<\/tr>\n<tr>\n<td>Di\u015f Tipi<\/td>\n<td>\u00c7apraz<\/td>\n<\/tr>\n<tr>\n<td>Kullan\u0131m Alan\u0131<\/td>\n<td>Ah\u015fap<\/td>\n<\/tr>\n<\/table>\n","protected":false},"excerpt":{"rendered":"<p>\n\t<strong>Uygun modeller : <\/strong>Testere \u00e7ap\u0131 uyumlu olan t\u00fcm modellerde ah\u015fap kesim i\u00e7in kullan\u0131l\u0131r.<\/p>\n<p>\n\tKombinasyon b\u0131\u00e7a\u011f\u0131 olup \u00e7apraz kesim i\u00e7in kullan\u0131l\u0131r. Ah\u015fapta p\u00fcr\u00fczs\u00fcz kesim yapmak i\u00e7in kullan\u0131l\u0131r.<\/p>\n","protected":false},"featured_media":0,"comment_status":"open","ping_status":"closed","template":"","meta":{"_acf_changed":false},"product_brand":[1485],"product_cat":[1050],"product_tag":[],"class_list":{"0":"post-16696","1":"product","2":"type-product","3":"status-publish","5":"product_brand-makita","6":"product_cat-ahsap-daire-testereler","8":"first","9":"instock","10":"taxable","11":"shipping-taxable","12":"purchasable","13":"product-type-simple","14":"add-to-wishlist-after_add_to_cart"},"acf":[],"_links":{"self":[{"href":"https:\/\/www.makitamarket.com.tr\/site\/wp-json\/wp\/v2\/product\/16696","targetHints":{"allow":["GET"]}}],"collection":[{"href":"https:\/\/www.makitamarket.com.tr\/site\/wp-json\/wp\/v2\/product"}],"about":[{"href":"https:\/\/www.makitamarket.com.tr\/site\/wp-json\/wp\/v2\/types\/product"}],"replies":[{"embeddable":true,"href":"https:\/\/www.makitamarket.com.tr\/site\/wp-json\/wp\/v2\/comments?post=16696"}],"wp:attachment":[{"href":"https:\/\/www.makitamarket.com.tr\/site\/wp-json\/wp\/v2\/media?parent=16696"}],"wp:term":[{"taxonomy":"product_brand","embeddable":true,"href":"https:\/\/www.makitamarket.com.tr\/site\/wp-json\/wp\/v2\/product_brand?post=16696"},{"taxonomy":"product_cat","embeddable":true,"href":"https:\/\/www.makitamarket.com.tr\/site\/wp-json\/wp\/v2\/product_cat?post=16696"},{"taxonomy":"product_tag","embeddable":true,"href":"https:\/\/www.makitamarket.com.tr\/site\/wp-json\/wp\/v2\/product_tag?post=16696"}],"curies":[{"name":"wp","href":"https:\/\/api.w.org\/{rel}","templated":true}]}}