{"id":16712,"date":"2024-11-28T20:00:38","date_gmt":"2024-11-28T17:00:38","guid":{"rendered":"https:\/\/www.makitamarket.com.tr\/site\/urun\/knipex-knipex-4619a5-yedek-uc\/"},"modified":"2026-04-06T15:47:38","modified_gmt":"2026-04-06T12:47:38","slug":"knipex-knipex-4619a5-yedek-uc","status":"publish","type":"product","link":"https:\/\/www.makitamarket.com.tr\/site\/urun\/knipex-knipex-4619a5-yedek-uc\/","title":{"rendered":"Knipex 4619A5 KNIPEX 4619A5 YEDEK UC"},"content":{"rendered":"<p><b>46 19 A5 46 10 A5 i\u00e7in 1 \u00e7ift yedek u\u00e7<\/b><br \/>D\u00fcz u\u00e7. <\/p>\n<table><\/table>\n","protected":false},"excerpt":{"rendered":"<p><b>46 19 A5 46 10 A5 i\u00e7in 1 \u00e7ift yedek u\u00e7<\/b><br \/>D\u00fcz u\u00e7. <\/p>\n","protected":false},"featured_media":0,"comment_status":"open","ping_status":"closed","template":"","meta":{"_acf_changed":false},"product_brand":[1486],"product_cat":[811],"product_tag":[],"class_list":{"0":"post-16712","1":"product","2":"type-product","3":"status-publish","5":"product_brand-knipex","6":"product_cat-segman-penseleri","8":"first","9":"instock","10":"taxable","11":"shipping-taxable","12":"purchasable","13":"product-type-simple","14":"add-to-wishlist-after_add_to_cart"},"acf":[],"_links":{"self":[{"href":"https:\/\/www.makitamarket.com.tr\/site\/wp-json\/wp\/v2\/product\/16712","targetHints":{"allow":["GET"]}}],"collection":[{"href":"https:\/\/www.makitamarket.com.tr\/site\/wp-json\/wp\/v2\/product"}],"about":[{"href":"https:\/\/www.makitamarket.com.tr\/site\/wp-json\/wp\/v2\/types\/product"}],"replies":[{"embeddable":true,"href":"https:\/\/www.makitamarket.com.tr\/site\/wp-json\/wp\/v2\/comments?post=16712"}],"wp:attachment":[{"href":"https:\/\/www.makitamarket.com.tr\/site\/wp-json\/wp\/v2\/media?parent=16712"}],"wp:term":[{"taxonomy":"product_brand","embeddable":true,"href":"https:\/\/www.makitamarket.com.tr\/site\/wp-json\/wp\/v2\/product_brand?post=16712"},{"taxonomy":"product_cat","embeddable":true,"href":"https:\/\/www.makitamarket.com.tr\/site\/wp-json\/wp\/v2\/product_cat?post=16712"},{"taxonomy":"product_tag","embeddable":true,"href":"https:\/\/www.makitamarket.com.tr\/site\/wp-json\/wp\/v2\/product_tag?post=16712"}],"curies":[{"name":"wp","href":"https:\/\/api.w.org\/{rel}","templated":true}]}}