{"id":16725,"date":"2024-11-28T20:00:46","date_gmt":"2024-11-28T17:00:46","guid":{"rendered":"https:\/\/www.makitamarket.com.tr\/site\/urun\/makita-hm0870c-hm0871c-modelleri-icin-yan-sap\/"},"modified":"2025-11-16T09:11:32","modified_gmt":"2025-11-16T06:11:32","slug":"makita-hm0870c-hm0871c-modelleri-icin-yan-sap","status":"publish","type":"product","link":"https:\/\/www.makitamarket.com.tr\/site\/urun\/makita-hm0870c-hm0871c-modelleri-icin-yan-sap\/","title":{"rendered":"Makita 135332-7 HM0870C\/HM0871C MODELLER\u0130 \u0130\u00c7\u0130N YAN SAP"},"content":{"rendered":"<table><\/table>\n","protected":false},"excerpt":{"rendered":"","protected":false},"featured_media":0,"comment_status":"open","ping_status":"closed","template":"","meta":{"_acf_changed":false},"product_brand":[1485],"product_cat":[1287],"product_tag":[],"class_list":{"0":"post-16725","1":"product","2":"type-product","3":"status-publish","5":"product_brand-makita","6":"product_cat-yan-sap-ve-tutamaklar","8":"first","9":"outofstock","10":"taxable","11":"shipping-taxable","12":"purchasable","13":"product-type-simple","14":"add-to-wishlist-after_add_to_cart"},"acf":[],"_links":{"self":[{"href":"https:\/\/www.makitamarket.com.tr\/site\/wp-json\/wp\/v2\/product\/16725","targetHints":{"allow":["GET"]}}],"collection":[{"href":"https:\/\/www.makitamarket.com.tr\/site\/wp-json\/wp\/v2\/product"}],"about":[{"href":"https:\/\/www.makitamarket.com.tr\/site\/wp-json\/wp\/v2\/types\/product"}],"replies":[{"embeddable":true,"href":"https:\/\/www.makitamarket.com.tr\/site\/wp-json\/wp\/v2\/comments?post=16725"}],"wp:attachment":[{"href":"https:\/\/www.makitamarket.com.tr\/site\/wp-json\/wp\/v2\/media?parent=16725"}],"wp:term":[{"taxonomy":"product_brand","embeddable":true,"href":"https:\/\/www.makitamarket.com.tr\/site\/wp-json\/wp\/v2\/product_brand?post=16725"},{"taxonomy":"product_cat","embeddable":true,"href":"https:\/\/www.makitamarket.com.tr\/site\/wp-json\/wp\/v2\/product_cat?post=16725"},{"taxonomy":"product_tag","embeddable":true,"href":"https:\/\/www.makitamarket.com.tr\/site\/wp-json\/wp\/v2\/product_tag?post=16725"}],"curies":[{"name":"wp","href":"https:\/\/api.w.org\/{rel}","templated":true}]}}