{"id":16727,"date":"2024-11-28T20:00:46","date_gmt":"2024-11-28T17:00:46","guid":{"rendered":"https:\/\/www.makitamarket.com.tr\/site\/urun\/knipex-dis-segman-pensi-140-mm\/"},"modified":"2026-04-06T15:50:40","modified_gmt":"2026-04-06T12:50:40","slug":"knipex-dis-segman-pensi-140-mm","status":"publish","type":"product","link":"https:\/\/www.makitamarket.com.tr\/site\/urun\/knipex-dis-segman-pensi-140-mm\/","title":{"rendered":"Knipex 4611A1 DI\u015e SEGMAN PENS\u0130 140 mm"},"content":{"rendered":"<p><b>46 11 A1 Segman pensesi<\/b><br \/>Kuvvetli \u015fekil, d\u00f6v\u00fclm\u00fc\u015f. Kaymay\u0131 \u00f6nleyici, sa\u011flam u\u00e7lar. DIN 5254 A; d\u00fcz u\u00e7lar. <\/p>\n<li><b>Mil \u00e7ap\u0131 kapasitesi: <\/b>\u00d8 10 \u2013 25 mm<\/li>\n<li><b>U\u00e7lar (\u00e7ap): <\/b>\u00d8 1,3 mm<\/li>\n<table>\n<tr>\n<td>Mil \u00c7ap\u0131<\/td>\n<td>10-25mm<\/td>\n<\/tr>\n<tr>\n<td>Sap<\/td>\n<td>\u0130nce \u0130zole<\/td>\n<\/tr>\n<tr>\n<td>Uzunluk<\/td>\n<td>140<\/td>\n<\/tr>\n<tr>\n<td>Form<\/td>\n<td>D\u00fcz<\/td>\n<\/tr>\n<tr>\n<td>Kafa<\/td>\n<td>Polisaj<\/td>\n<\/tr>\n<tr>\n<td>A\u011f\u0131rl\u0131k<\/td>\n<td>80 gr<\/td>\n<\/tr>\n<\/table>\n","protected":false},"excerpt":{"rendered":"<p><b>46 11 A1 Segman pensesi<\/b><br \/>Kuvvetli \u015fekil, d\u00f6v\u00fclm\u00fc\u015f. Kaymay\u0131 \u00f6nleyici, sa\u011flam u\u00e7lar. DIN 5254 A; d\u00fcz u\u00e7lar. <\/p>\n<li><b>Mil \u00e7ap\u0131 kapasitesi: <\/b>\u00d8 10 \u2013 25 mm<\/li>\n<li><b>U\u00e7lar (\u00e7ap): <\/b>\u00d8 1,3 mm<\/li>\n","protected":false},"featured_media":16884,"comment_status":"open","ping_status":"closed","template":"","meta":{"_acf_changed":false},"product_brand":[1486],"product_cat":[811],"product_tag":[],"class_list":{"0":"post-16727","1":"product","2":"type-product","3":"status-publish","4":"has-post-thumbnail","6":"product_brand-knipex","7":"product_cat-segman-penseleri","9":"first","10":"instock","11":"taxable","12":"shipping-taxable","13":"purchasable","14":"product-type-simple","15":"add-to-wishlist-after_add_to_cart"},"acf":[],"_links":{"self":[{"href":"https:\/\/www.makitamarket.com.tr\/site\/wp-json\/wp\/v2\/product\/16727","targetHints":{"allow":["GET"]}}],"collection":[{"href":"https:\/\/www.makitamarket.com.tr\/site\/wp-json\/wp\/v2\/product"}],"about":[{"href":"https:\/\/www.makitamarket.com.tr\/site\/wp-json\/wp\/v2\/types\/product"}],"replies":[{"embeddable":true,"href":"https:\/\/www.makitamarket.com.tr\/site\/wp-json\/wp\/v2\/comments?post=16727"}],"wp:featuredmedia":[{"embeddable":true,"href":"https:\/\/www.makitamarket.com.tr\/site\/wp-json\/wp\/v2\/media\/16884"}],"wp:attachment":[{"href":"https:\/\/www.makitamarket.com.tr\/site\/wp-json\/wp\/v2\/media?parent=16727"}],"wp:term":[{"taxonomy":"product_brand","embeddable":true,"href":"https:\/\/www.makitamarket.com.tr\/site\/wp-json\/wp\/v2\/product_brand?post=16727"},{"taxonomy":"product_cat","embeddable":true,"href":"https:\/\/www.makitamarket.com.tr\/site\/wp-json\/wp\/v2\/product_cat?post=16727"},{"taxonomy":"product_tag","embeddable":true,"href":"https:\/\/www.makitamarket.com.tr\/site\/wp-json\/wp\/v2\/product_tag?post=16727"}],"curies":[{"name":"wp","href":"https:\/\/api.w.org\/{rel}","templated":true}]}}