{"id":16761,"date":"2024-11-28T20:00:55","date_gmt":"2024-11-28T17:00:55","guid":{"rendered":"https:\/\/www.makitamarket.com.tr\/site\/urun\/makita-standart-kilic-testere-bicagi-no3023\/"},"modified":"2025-08-28T08:37:14","modified_gmt":"2025-08-28T05:37:14","slug":"makita-standart-kilic-testere-bicagi-no3023","status":"publish","type":"product","link":"https:\/\/www.makitamarket.com.tr\/site\/urun\/makita-standart-kilic-testere-bicagi-no3023\/","title":{"rendered":"Makita B-00767 STANDART KILI\u00c7 TESTERE BI\u00c7A\u011eI NO:3023"},"content":{"rendered":"<p>\n\t5 &#8211; 190 mm ah\u015fap ve kontrplak kesimi i\u00e7in kullan\u0131lmaktad\u0131r.<\/p>\n<table>\n<tr>\n<td>Uzunluk<\/td>\n<td>250 mm<\/td>\n<\/tr>\n<tr>\n<td>\u0130nch Ba\u015f\u0131 Di\u015f<\/td>\n<td>10<\/td>\n<\/tr>\n<tr>\n<td>B\u0131\u00e7ak Materyali<\/td>\n<td>HCS<\/td>\n<\/tr>\n<\/table>\n","protected":false},"excerpt":{"rendered":"<p>\n\t5 &#8211; 190 mm ah\u015fap ve kontrplak kesimi i\u00e7in kullan\u0131lmaktad\u0131r.<\/p>\n","protected":false},"featured_media":16760,"comment_status":"open","ping_status":"closed","template":"","meta":{"_acf_changed":false},"product_brand":[],"product_cat":[1316],"product_tag":[],"class_list":{"0":"post-16761","1":"product","2":"type-product","3":"status-publish","4":"has-post-thumbnail","6":"product_cat-ahsap-kesim-kilic-testere-bicaklari","8":"first","9":"outofstock","10":"taxable","11":"shipping-taxable","12":"purchasable","13":"product-type-simple","14":"add-to-wishlist-after_add_to_cart"},"acf":[],"_links":{"self":[{"href":"https:\/\/www.makitamarket.com.tr\/site\/wp-json\/wp\/v2\/product\/16761","targetHints":{"allow":["GET"]}}],"collection":[{"href":"https:\/\/www.makitamarket.com.tr\/site\/wp-json\/wp\/v2\/product"}],"about":[{"href":"https:\/\/www.makitamarket.com.tr\/site\/wp-json\/wp\/v2\/types\/product"}],"replies":[{"embeddable":true,"href":"https:\/\/www.makitamarket.com.tr\/site\/wp-json\/wp\/v2\/comments?post=16761"}],"wp:featuredmedia":[{"embeddable":true,"href":"https:\/\/www.makitamarket.com.tr\/site\/wp-json\/wp\/v2\/media\/16760"}],"wp:attachment":[{"href":"https:\/\/www.makitamarket.com.tr\/site\/wp-json\/wp\/v2\/media?parent=16761"}],"wp:term":[{"taxonomy":"product_brand","embeddable":true,"href":"https:\/\/www.makitamarket.com.tr\/site\/wp-json\/wp\/v2\/product_brand?post=16761"},{"taxonomy":"product_cat","embeddable":true,"href":"https:\/\/www.makitamarket.com.tr\/site\/wp-json\/wp\/v2\/product_cat?post=16761"},{"taxonomy":"product_tag","embeddable":true,"href":"https:\/\/www.makitamarket.com.tr\/site\/wp-json\/wp\/v2\/product_tag?post=16761"}],"curies":[{"name":"wp","href":"https:\/\/api.w.org\/{rel}","templated":true}]}}