{"id":16772,"date":"2024-11-28T20:01:01","date_gmt":"2024-11-28T17:01:01","guid":{"rendered":"https:\/\/www.makitamarket.com.tr\/site\/urun\/proxxon-tungsten-karbur-torpu-sivri-4-0x19-mm\/"},"modified":"2026-03-30T09:36:22","modified_gmt":"2026-03-30T06:36:22","slug":"proxxon-tungsten-karbur-torpu-sivri-4-0x19-mm","status":"publish","type":"product","link":"https:\/\/www.makitamarket.com.tr\/site\/urun\/proxxon-tungsten-karbur-torpu-sivri-4-0x19-mm\/","title":{"rendered":"Proxxon 29064 TUNGSTEN KARB\u00dcR T\u00d6RP\u00dc S\u0130VR\u0130 4.0&#215;19 mm"},"content":{"rendered":"<div id=\"cke_pastebin\">\n\tTungsten karb\u00fcr t\u00f6rp\u00fc sivri 4,0x19mm ah\u015fap plastik ve fiberglas kaplamal\u0131 malzemeler i\u00e7in ideal \u00d8) 3.2<\/div>\n<table><\/table>\n","protected":false},"excerpt":{"rendered":"<div id=\"cke_pastebin\">\n\tTungsten karb\u00fcr t\u00f6rp\u00fc sivri 4,0x19mm ah\u015fap plastik ve fiberglas kaplamal\u0131 malzemeler i\u00e7in ideal \u00d8) 3.2<\/div>\n","protected":false},"featured_media":16771,"comment_status":"open","ping_status":"closed","template":"","meta":{"_acf_changed":false},"product_brand":[1501],"product_cat":[926],"product_tag":[],"class_list":{"0":"post-16772","1":"product","2":"type-product","3":"status-publish","4":"has-post-thumbnail","6":"product_brand-proxxon","7":"product_cat-aksesuarlar-mikro-aletleri","9":"first","10":"instock","11":"taxable","12":"shipping-taxable","13":"purchasable","14":"product-type-simple","15":"add-to-wishlist-after_add_to_cart"},"acf":[],"_links":{"self":[{"href":"https:\/\/www.makitamarket.com.tr\/site\/wp-json\/wp\/v2\/product\/16772","targetHints":{"allow":["GET"]}}],"collection":[{"href":"https:\/\/www.makitamarket.com.tr\/site\/wp-json\/wp\/v2\/product"}],"about":[{"href":"https:\/\/www.makitamarket.com.tr\/site\/wp-json\/wp\/v2\/types\/product"}],"replies":[{"embeddable":true,"href":"https:\/\/www.makitamarket.com.tr\/site\/wp-json\/wp\/v2\/comments?post=16772"}],"wp:featuredmedia":[{"embeddable":true,"href":"https:\/\/www.makitamarket.com.tr\/site\/wp-json\/wp\/v2\/media\/16771"}],"wp:attachment":[{"href":"https:\/\/www.makitamarket.com.tr\/site\/wp-json\/wp\/v2\/media?parent=16772"}],"wp:term":[{"taxonomy":"product_brand","embeddable":true,"href":"https:\/\/www.makitamarket.com.tr\/site\/wp-json\/wp\/v2\/product_brand?post=16772"},{"taxonomy":"product_cat","embeddable":true,"href":"https:\/\/www.makitamarket.com.tr\/site\/wp-json\/wp\/v2\/product_cat?post=16772"},{"taxonomy":"product_tag","embeddable":true,"href":"https:\/\/www.makitamarket.com.tr\/site\/wp-json\/wp\/v2\/product_tag?post=16772"}],"curies":[{"name":"wp","href":"https:\/\/api.w.org\/{rel}","templated":true}]}}