{"id":16803,"date":"2024-11-28T20:01:15","date_gmt":"2024-11-28T17:01:15","guid":{"rendered":"https:\/\/www.makitamarket.com.tr\/site\/urun\/knipex-knipex-9900250-betoncu-kerpete\/"},"modified":"2026-04-06T15:49:01","modified_gmt":"2026-04-06T12:49:01","slug":"knipex-knipex-9900250-betoncu-kerpete","status":"publish","type":"product","link":"https:\/\/www.makitamarket.com.tr\/site\/urun\/knipex-knipex-9900250-betoncu-kerpete\/","title":{"rendered":"Knipex 9900250 KNIPEX 9900250 BETONCU KERPETE"},"content":{"rendered":"<p><b>99 00 250 Betoncu kerpeteni<\/b><br \/>Ba\u011flama telinin b\u00fck\u00fclmesi ve kesilmesi i\u00e7in de uygundur. Ekleme telinin tek bir i\u015flemde b\u00fck\u00fclmesi ve ve kesilmesi i\u00e7in: g\u00fcvenilir ve hesapl\u0131. Kesici a\u011f\u0131z k\u0131sm\u0131 g\u00fc\u00e7lendirilmi\u015ftir. Kesici sertli\u011fi yakl. 61 HRC. <\/p>\n<li><b>Orta sert tel kesme de\u011feri (\u00e7ap): <\/b>\u00d8 2,4 mm<\/li>\n<li><b>Schneidwerte harter Draht (Durchmesser): <\/b>\u00d8 1,6 mm<\/li>\n<li><b>B\u0131\u00e7ak boyu mm: <\/b>25,0 mm<\/li>\n<table><\/table>\n","protected":false},"excerpt":{"rendered":"<p><b>99 00 250 Betoncu kerpeteni<\/b><br \/>Ba\u011flama telinin b\u00fck\u00fclmesi ve kesilmesi i\u00e7in de uygundur. Ekleme telinin tek bir i\u015flemde b\u00fck\u00fclmesi ve ve kesilmesi i\u00e7in: g\u00fcvenilir ve hesapl\u0131. Kesici a\u011f\u0131z k\u0131sm\u0131 g\u00fc\u00e7lendirilmi\u015ftir. Kesici sertli\u011fi yakl. 61 HRC. <\/p>\n<li><b>Orta sert tel kesme de\u011feri (\u00e7ap): <\/b>\u00d8 2,4 mm<\/li>\n<li><b>Schneidwerte harter Draht (Durchmesser): <\/b>\u00d8 1,6 mm<\/li>\n<li><b>B\u0131\u00e7ak boyu mm: <\/b>25,0 mm<\/li>\n","protected":false},"featured_media":0,"comment_status":"open","ping_status":"closed","template":"","meta":{"_acf_changed":false},"product_brand":[1486],"product_cat":[1219],"product_tag":[],"class_list":{"0":"post-16803","1":"product","2":"type-product","3":"status-publish","5":"product_brand-knipex","6":"product_cat-kerpetenler","8":"first","9":"outofstock","10":"taxable","11":"shipping-taxable","12":"purchasable","13":"product-type-simple","14":"add-to-wishlist-after_add_to_cart"},"acf":[],"_links":{"self":[{"href":"https:\/\/www.makitamarket.com.tr\/site\/wp-json\/wp\/v2\/product\/16803","targetHints":{"allow":["GET"]}}],"collection":[{"href":"https:\/\/www.makitamarket.com.tr\/site\/wp-json\/wp\/v2\/product"}],"about":[{"href":"https:\/\/www.makitamarket.com.tr\/site\/wp-json\/wp\/v2\/types\/product"}],"replies":[{"embeddable":true,"href":"https:\/\/www.makitamarket.com.tr\/site\/wp-json\/wp\/v2\/comments?post=16803"}],"wp:attachment":[{"href":"https:\/\/www.makitamarket.com.tr\/site\/wp-json\/wp\/v2\/media?parent=16803"}],"wp:term":[{"taxonomy":"product_brand","embeddable":true,"href":"https:\/\/www.makitamarket.com.tr\/site\/wp-json\/wp\/v2\/product_brand?post=16803"},{"taxonomy":"product_cat","embeddable":true,"href":"https:\/\/www.makitamarket.com.tr\/site\/wp-json\/wp\/v2\/product_cat?post=16803"},{"taxonomy":"product_tag","embeddable":true,"href":"https:\/\/www.makitamarket.com.tr\/site\/wp-json\/wp\/v2\/product_tag?post=16803"}],"curies":[{"name":"wp","href":"https:\/\/api.w.org\/{rel}","templated":true}]}}