{"id":16837,"date":"2024-11-28T20:01:35","date_gmt":"2024-11-28T17:01:35","guid":{"rendered":"https:\/\/www.makitamarket.com.tr\/site\/urun\/bts-su-terazisi-9-225-mm\/"},"modified":"2026-01-23T18:16:22","modified_gmt":"2026-01-23T15:16:22","slug":"bts-su-terazisi-9-225-mm","status":"publish","type":"product","link":"https:\/\/www.makitamarket.com.tr\/site\/urun\/bts-su-terazisi-9-225-mm\/","title":{"rendered":"Bts BTS03048 SU TERAZ\u0130S\u0130 9&#8243;\/225 mm"},"content":{"rendered":"<p>\n\t\u2022\u00a0Darbeye dayan\u0131kl\u0131 g\u00f6vde yap\u0131s\u0131.<\/p>\n<table>\n<tr>\n<td>\u00d6l\u00e7\u00fc<\/td>\n<td>9&#8243;\/225 mm.<\/td>\n<\/tr>\n<tr>\n<td>Koli \u0130\u00e7i Adedi<\/td>\n<td>6\/36<\/td>\n<\/tr>\n<tr>\n<td>\u00d6zellik<\/td>\n<td>M\u0131knat\u0131sl\u0131,3 Sulu (Yatay &#8211; Dikey &#8211; 45\u00ba)<\/td>\n<\/tr>\n<\/table>\n","protected":false},"excerpt":{"rendered":"<p>\n\t\u2022\u00a0Darbeye dayan\u0131kl\u0131 g\u00f6vde yap\u0131s\u0131.<\/p>\n","protected":false},"featured_media":21825,"comment_status":"open","ping_status":"closed","template":"","meta":{"_acf_changed":false},"product_brand":[1548],"product_cat":[974],"product_tag":[],"class_list":{"0":"post-16837","1":"product","2":"type-product","3":"status-publish","4":"has-post-thumbnail","6":"product_brand-bts","7":"product_cat-su-terazileri","9":"first","10":"outofstock","11":"taxable","12":"shipping-taxable","13":"purchasable","14":"product-type-simple","15":"add-to-wishlist-after_add_to_cart"},"acf":[],"_links":{"self":[{"href":"https:\/\/www.makitamarket.com.tr\/site\/wp-json\/wp\/v2\/product\/16837","targetHints":{"allow":["GET"]}}],"collection":[{"href":"https:\/\/www.makitamarket.com.tr\/site\/wp-json\/wp\/v2\/product"}],"about":[{"href":"https:\/\/www.makitamarket.com.tr\/site\/wp-json\/wp\/v2\/types\/product"}],"replies":[{"embeddable":true,"href":"https:\/\/www.makitamarket.com.tr\/site\/wp-json\/wp\/v2\/comments?post=16837"}],"wp:featuredmedia":[{"embeddable":true,"href":"https:\/\/www.makitamarket.com.tr\/site\/wp-json\/wp\/v2\/media\/21825"}],"wp:attachment":[{"href":"https:\/\/www.makitamarket.com.tr\/site\/wp-json\/wp\/v2\/media?parent=16837"}],"wp:term":[{"taxonomy":"product_brand","embeddable":true,"href":"https:\/\/www.makitamarket.com.tr\/site\/wp-json\/wp\/v2\/product_brand?post=16837"},{"taxonomy":"product_cat","embeddable":true,"href":"https:\/\/www.makitamarket.com.tr\/site\/wp-json\/wp\/v2\/product_cat?post=16837"},{"taxonomy":"product_tag","embeddable":true,"href":"https:\/\/www.makitamarket.com.tr\/site\/wp-json\/wp\/v2\/product_tag?post=16837"}],"curies":[{"name":"wp","href":"https:\/\/api.w.org\/{rel}","templated":true}]}}