{"id":16860,"date":"2024-11-28T20:01:44","date_gmt":"2024-11-28T17:01:44","guid":{"rendered":"https:\/\/www.makitamarket.com.tr\/site\/urun\/knipex-kerpeten-180-mm\/"},"modified":"2026-03-30T09:37:34","modified_gmt":"2026-03-30T06:37:34","slug":"knipex-kerpeten-180-mm","status":"publish","type":"product","link":"https:\/\/www.makitamarket.com.tr\/site\/urun\/knipex-kerpeten-180-mm\/","title":{"rendered":"Knipex 5001180 KERPETEN 180 mm"},"content":{"rendered":"<p><b>50 01 180 Kerpeten<\/b><br \/>A\u015f\u0131nmaya kar\u015f\u0131 y\u00fcksek dayan\u0131m ve dengeli a\u011f\u0131rl\u0131k da\u011f\u0131l\u0131m\u0131. Hassas \u015fekilde i\u015flendi\u011finden dolay\u0131 zanaatkarlar taraf\u0131ndan \u00f6zellikle tercih edilir. A\u011f\u0131r i\u015fler i\u00e7in ideal. Kesici sertli\u011fi yakl. 60 HRC. <\/p>\n<li><b>Orta sert tel kesme de\u011feri (\u00e7ap): <\/b>\u00d8 2,0 mm<\/li>\n<table>\n<tr>\n<td>Sap<\/td>\n<td>\u0130nce \u0130zole<\/td>\n<\/tr>\n<tr>\n<td>Kafa<\/td>\n<td>Polisaj<\/td>\n<\/tr>\n<tr>\n<td>Uzunluk<\/td>\n<td>180<\/td>\n<\/tr>\n<tr>\n<td>Kesme Kapasitesi<\/td>\n<td>2.0 mm<\/td>\n<\/tr>\n<tr>\n<td>A\u011f\u0131rl\u0131k<\/td>\n<td>303 gr<\/td>\n<\/tr>\n<\/table>\n","protected":false},"excerpt":{"rendered":"<p><b>50 01 180 Kerpeten<\/b><br \/>A\u015f\u0131nmaya kar\u015f\u0131 y\u00fcksek dayan\u0131m ve dengeli a\u011f\u0131rl\u0131k da\u011f\u0131l\u0131m\u0131. Hassas \u015fekilde i\u015flendi\u011finden dolay\u0131 zanaatkarlar taraf\u0131ndan \u00f6zellikle tercih edilir. A\u011f\u0131r i\u015fler i\u00e7in ideal. Kesici sertli\u011fi yakl. 60 HRC. <\/p>\n<li><b>Orta sert tel kesme de\u011feri (\u00e7ap): <\/b>\u00d8 2,0 mm<\/li>\n","protected":false},"featured_media":16859,"comment_status":"open","ping_status":"closed","template":"","meta":{"_acf_changed":false},"product_brand":[1486],"product_cat":[1219],"product_tag":[],"class_list":{"0":"post-16860","1":"product","2":"type-product","3":"status-publish","4":"has-post-thumbnail","6":"product_brand-knipex","7":"product_cat-kerpetenler","9":"first","10":"instock","11":"taxable","12":"shipping-taxable","13":"purchasable","14":"product-type-simple","15":"add-to-wishlist-after_add_to_cart"},"acf":[],"_links":{"self":[{"href":"https:\/\/www.makitamarket.com.tr\/site\/wp-json\/wp\/v2\/product\/16860","targetHints":{"allow":["GET"]}}],"collection":[{"href":"https:\/\/www.makitamarket.com.tr\/site\/wp-json\/wp\/v2\/product"}],"about":[{"href":"https:\/\/www.makitamarket.com.tr\/site\/wp-json\/wp\/v2\/types\/product"}],"replies":[{"embeddable":true,"href":"https:\/\/www.makitamarket.com.tr\/site\/wp-json\/wp\/v2\/comments?post=16860"}],"wp:featuredmedia":[{"embeddable":true,"href":"https:\/\/www.makitamarket.com.tr\/site\/wp-json\/wp\/v2\/media\/16859"}],"wp:attachment":[{"href":"https:\/\/www.makitamarket.com.tr\/site\/wp-json\/wp\/v2\/media?parent=16860"}],"wp:term":[{"taxonomy":"product_brand","embeddable":true,"href":"https:\/\/www.makitamarket.com.tr\/site\/wp-json\/wp\/v2\/product_brand?post=16860"},{"taxonomy":"product_cat","embeddable":true,"href":"https:\/\/www.makitamarket.com.tr\/site\/wp-json\/wp\/v2\/product_cat?post=16860"},{"taxonomy":"product_tag","embeddable":true,"href":"https:\/\/www.makitamarket.com.tr\/site\/wp-json\/wp\/v2\/product_tag?post=16860"}],"curies":[{"name":"wp","href":"https:\/\/api.w.org\/{rel}","templated":true}]}}