{"id":16891,"date":"2024-11-28T20:03:53","date_gmt":"2024-11-28T17:03:53","guid":{"rendered":"https:\/\/www.makitamarket.com.tr\/site\/urun\/proxxon-proxxon-28132-ms-4-makina-mengenesi\/"},"modified":"2026-04-06T15:50:43","modified_gmt":"2026-04-06T12:50:43","slug":"proxxon-proxxon-28132-ms-4-makina-mengenesi","status":"publish","type":"product","link":"https:\/\/www.makitamarket.com.tr\/site\/urun\/proxxon-proxxon-28132-ms-4-makina-mengenesi\/","title":{"rendered":"Proxxon 28132 PROXXON 28132 MS 4 MAK\u0130NA MENGENES\u0130"},"content":{"rendered":"<table>\n<tr>\n<td>Uygunluk<\/td>\n<td>28600 MB 200 ve TBM 220 ye uygundur.<\/td>\n<\/tr>\n<tr>\n<td>\u00d6l\u00e7\u00fcleri<\/td>\n<td>50mm \u00e7ene geni\u015fli\u011fi 10mm y\u00fckseklik. \u00c7enelerde yatay ve dikey V kanallar<\/td>\n<\/tr>\n<tr>\n<td>S\u0131kma \u00d6l\u00e7\u00fc<\/td>\n<td>Max 34mm<\/td>\n<\/tr>\n<\/table>\n","protected":false},"excerpt":{"rendered":"<p>Uygunluk 28600 MB 200 ve TBM 220 ye uygundur. \u00d6l\u00e7\u00fcleri 50mm \u00e7ene geni\u015fli\u011fi 10mm y\u00fckseklik. \u00c7enelerde yatay ve dikey V kanallar S\u0131kma \u00d6l\u00e7\u00fc Max 34mm<\/p>\n","protected":false},"featured_media":16890,"comment_status":"open","ping_status":"closed","template":"","meta":{"_acf_changed":false},"product_brand":[1501],"product_cat":[926],"product_tag":[],"class_list":{"0":"post-16891","1":"product","2":"type-product","3":"status-publish","4":"has-post-thumbnail","6":"product_brand-proxxon","7":"product_cat-aksesuarlar-mikro-aletleri","9":"first","10":"outofstock","11":"taxable","12":"shipping-taxable","13":"purchasable","14":"product-type-simple","15":"add-to-wishlist-after_add_to_cart"},"acf":[],"_links":{"self":[{"href":"https:\/\/www.makitamarket.com.tr\/site\/wp-json\/wp\/v2\/product\/16891","targetHints":{"allow":["GET"]}}],"collection":[{"href":"https:\/\/www.makitamarket.com.tr\/site\/wp-json\/wp\/v2\/product"}],"about":[{"href":"https:\/\/www.makitamarket.com.tr\/site\/wp-json\/wp\/v2\/types\/product"}],"replies":[{"embeddable":true,"href":"https:\/\/www.makitamarket.com.tr\/site\/wp-json\/wp\/v2\/comments?post=16891"}],"wp:featuredmedia":[{"embeddable":true,"href":"https:\/\/www.makitamarket.com.tr\/site\/wp-json\/wp\/v2\/media\/16890"}],"wp:attachment":[{"href":"https:\/\/www.makitamarket.com.tr\/site\/wp-json\/wp\/v2\/media?parent=16891"}],"wp:term":[{"taxonomy":"product_brand","embeddable":true,"href":"https:\/\/www.makitamarket.com.tr\/site\/wp-json\/wp\/v2\/product_brand?post=16891"},{"taxonomy":"product_cat","embeddable":true,"href":"https:\/\/www.makitamarket.com.tr\/site\/wp-json\/wp\/v2\/product_cat?post=16891"},{"taxonomy":"product_tag","embeddable":true,"href":"https:\/\/www.makitamarket.com.tr\/site\/wp-json\/wp\/v2\/product_tag?post=16891"}],"curies":[{"name":"wp","href":"https:\/\/api.w.org\/{rel}","templated":true}]}}