{"id":16910,"date":"2024-11-28T20:03:59","date_gmt":"2024-11-28T17:03:59","guid":{"rendered":"https:\/\/www.makitamarket.com.tr\/site\/urun\/makita-riff-zimpara-tabani-78-mm\/"},"modified":"2026-04-06T15:50:51","modified_gmt":"2026-04-06T12:50:51","slug":"makita-riff-zimpara-tabani-78-mm","status":"publish","type":"product","link":"https:\/\/www.makitamarket.com.tr\/site\/urun\/makita-riff-zimpara-tabani-78-mm\/","title":{"rendered":"Makita B-21515 RIFF ZIMPARA TABANI 78 mm"},"content":{"rendered":"<p>\n\tFayans ve har\u00e7 yap\u0131\u015fkanlar\u0131n\u0131n \u00e7\u0131kar\u0131lmas\u0131nda kullan\u0131l\u0131r.<\/p>\n<table>\n<tr>\n<td>\u00c7ap<\/td>\n<td>78 mm<\/td>\n<\/tr>\n<tr>\n<td>B\u0131\u00e7ak Materyali<\/td>\n<td>HM 30 Kum<\/td>\n<\/tr>\n<\/table>\n","protected":false},"excerpt":{"rendered":"<p>\n\tFayans ve har\u00e7 yap\u0131\u015fkanlar\u0131n\u0131n \u00e7\u0131kar\u0131lmas\u0131nda kullan\u0131l\u0131r.<\/p>\n","protected":false},"featured_media":16909,"comment_status":"open","ping_status":"closed","template":"","meta":{"_acf_changed":false},"product_brand":[1485],"product_cat":[1280],"product_tag":[],"class_list":{"0":"post-16910","1":"product","2":"type-product","3":"status-publish","4":"has-post-thumbnail","6":"product_brand-makita","7":"product_cat-zimparalar-polisaj-kece-ve-aksesuarlari","9":"first","10":"instock","11":"taxable","12":"shipping-taxable","13":"purchasable","14":"product-type-simple","15":"add-to-wishlist-after_add_to_cart"},"acf":[],"_links":{"self":[{"href":"https:\/\/www.makitamarket.com.tr\/site\/wp-json\/wp\/v2\/product\/16910","targetHints":{"allow":["GET"]}}],"collection":[{"href":"https:\/\/www.makitamarket.com.tr\/site\/wp-json\/wp\/v2\/product"}],"about":[{"href":"https:\/\/www.makitamarket.com.tr\/site\/wp-json\/wp\/v2\/types\/product"}],"replies":[{"embeddable":true,"href":"https:\/\/www.makitamarket.com.tr\/site\/wp-json\/wp\/v2\/comments?post=16910"}],"wp:featuredmedia":[{"embeddable":true,"href":"https:\/\/www.makitamarket.com.tr\/site\/wp-json\/wp\/v2\/media\/16909"}],"wp:attachment":[{"href":"https:\/\/www.makitamarket.com.tr\/site\/wp-json\/wp\/v2\/media?parent=16910"}],"wp:term":[{"taxonomy":"product_brand","embeddable":true,"href":"https:\/\/www.makitamarket.com.tr\/site\/wp-json\/wp\/v2\/product_brand?post=16910"},{"taxonomy":"product_cat","embeddable":true,"href":"https:\/\/www.makitamarket.com.tr\/site\/wp-json\/wp\/v2\/product_cat?post=16910"},{"taxonomy":"product_tag","embeddable":true,"href":"https:\/\/www.makitamarket.com.tr\/site\/wp-json\/wp\/v2\/product_tag?post=16910"}],"curies":[{"name":"wp","href":"https:\/\/api.w.org\/{rel}","templated":true}]}}