{"id":16919,"date":"2024-11-28T20:04:04","date_gmt":"2024-11-28T17:04:04","guid":{"rendered":"https:\/\/www.makitamarket.com.tr\/site\/urun\/topart-pony-boru-kelepcesi-tezgah-tipi-3-4\/"},"modified":"2026-03-30T09:39:22","modified_gmt":"2026-03-30T06:39:22","slug":"topart-pony-boru-kelepcesi-tezgah-tipi-3-4","status":"publish","type":"product","link":"https:\/\/www.makitamarket.com.tr\/site\/urun\/topart-pony-boru-kelepcesi-tezgah-tipi-3-4\/","title":{"rendered":"Topart TA90029 PONY BORU KELEP\u00c7ES\u0130 (TEZGAH T\u0130P\u0130) 3\/4&#8243;"},"content":{"rendered":"<div>\n\t\u2022 Boru kelep\u00e7esi plaka halinde olan ah\u015fab\u0131, d\u00fcz boru \u00fczerine yat\u0131rarak tezgah \u015feklinde kullanmak i\u00e7indir.<\/div>\n<div>\n\t\u2022 Mobilya kapa\u011f\u0131, \u00e7er\u00e7eve v.s. gibi malzemelerin birbirine yap\u0131\u015ft\u0131r\u0131lmas\u0131 veya delinmesi gibi i\u015flerin yap\u0131labilmesi amac\u0131yla ah\u015fab\u0131 yerinde tutmay\u0131 sa\u011flar.<\/div>\n<div>\n\t\u2022 1\/2\u201d-3\/4\u201d boru dahil de\u011fildir.<\/div>\n<table>\n<tr>\n<td>\u00d6l\u00e7\u00fcs\u00fc<\/td>\n<td>3\/4\u201d<\/td>\n<\/tr>\n<\/table>\n","protected":false},"excerpt":{"rendered":"<div>\n\t\u2022 Boru kelep\u00e7esi plaka halinde olan ah\u015fab\u0131, d\u00fcz boru \u00fczerine yat\u0131rarak tezgah \u015feklinde kullanmak i\u00e7indir.<\/div>\n<div>\n\t\u2022 Mobilya kapa\u011f\u0131, \u00e7er\u00e7eve v.s. gibi malzemelerin birbirine yap\u0131\u015ft\u0131r\u0131lmas\u0131 veya delinmesi gibi i\u015flerin yap\u0131labilmesi amac\u0131yla ah\u015fab\u0131 yerinde tutmay\u0131 sa\u011flar.<\/div>\n<div>\n\t\u2022 1\/2\u201d-3\/4\u201d boru dahil de\u011fildir.<\/div>\n","protected":false},"featured_media":16918,"comment_status":"open","ping_status":"closed","template":"","meta":{"_acf_changed":false},"product_brand":[1527],"product_cat":[1376],"product_tag":[],"class_list":{"0":"post-16919","1":"product","2":"type-product","3":"status-publish","4":"has-post-thumbnail","6":"product_brand-topart","7":"product_cat-boru-kelepceleri","9":"first","10":"instock","11":"taxable","12":"shipping-taxable","13":"purchasable","14":"product-type-simple","15":"add-to-wishlist-after_add_to_cart"},"acf":[],"_links":{"self":[{"href":"https:\/\/www.makitamarket.com.tr\/site\/wp-json\/wp\/v2\/product\/16919","targetHints":{"allow":["GET"]}}],"collection":[{"href":"https:\/\/www.makitamarket.com.tr\/site\/wp-json\/wp\/v2\/product"}],"about":[{"href":"https:\/\/www.makitamarket.com.tr\/site\/wp-json\/wp\/v2\/types\/product"}],"replies":[{"embeddable":true,"href":"https:\/\/www.makitamarket.com.tr\/site\/wp-json\/wp\/v2\/comments?post=16919"}],"wp:featuredmedia":[{"embeddable":true,"href":"https:\/\/www.makitamarket.com.tr\/site\/wp-json\/wp\/v2\/media\/16918"}],"wp:attachment":[{"href":"https:\/\/www.makitamarket.com.tr\/site\/wp-json\/wp\/v2\/media?parent=16919"}],"wp:term":[{"taxonomy":"product_brand","embeddable":true,"href":"https:\/\/www.makitamarket.com.tr\/site\/wp-json\/wp\/v2\/product_brand?post=16919"},{"taxonomy":"product_cat","embeddable":true,"href":"https:\/\/www.makitamarket.com.tr\/site\/wp-json\/wp\/v2\/product_cat?post=16919"},{"taxonomy":"product_tag","embeddable":true,"href":"https:\/\/www.makitamarket.com.tr\/site\/wp-json\/wp\/v2\/product_tag?post=16919"}],"curies":[{"name":"wp","href":"https:\/\/api.w.org\/{rel}","templated":true}]}}