{"id":16949,"date":"2024-11-28T20:04:15","date_gmt":"2024-11-28T17:04:15","guid":{"rendered":"https:\/\/www.makitamarket.com.tr\/site\/urun\/knipex-tepe-keski-180-mm\/"},"modified":"2026-04-06T15:51:45","modified_gmt":"2026-04-06T12:51:45","slug":"knipex-tepe-keski-180-mm","status":"publish","type":"product","link":"https:\/\/www.makitamarket.com.tr\/site\/urun\/knipex-tepe-keski-180-mm\/","title":{"rendered":"Knipex 6801180 TEPE KESK\u0130 180 mm"},"content":{"rendered":"<p><b>68 01 180 Tepe keskiler<\/b><br \/>Ba\u011flama telinin b\u00fck\u00fclmesi ve kesilmesi i\u00e7in de uygundur. Kerpetenin kafa yap\u0131s\u0131, tel ba\u011flama i\u015flemlerinde teli k\u0131v\u0131rma hareketinin optimal \u015fekilde yap\u0131lmas\u0131n\u0131 m\u00fcmk\u00fcn k\u0131lar. Yumu\u015fak ve sert tel i\u00e7in uygun kesiciler. Kesici a\u011f\u0131z k\u0131sm\u0131 g\u00fc\u00e7lendirilmi\u015ftir. Kesici sertli\u011fi yakl. 61 HRC. <\/p>\n<li><b>Yumu\u015fak tel kesme de\u011feri (\u00e7ap): <\/b>\u00d8 4,0 mm<\/li>\n<li><b>Orta sert tel kesme de\u011feri (\u00e7ap): <\/b>\u00d8 3,2 mm<\/li>\n<li><b>Schneidwerte harter Draht (Durchmesser): <\/b>\u00d8 2,5 mm<\/li>\n<li><b>B\u0131\u00e7ak boyu mm (C): <\/b>29 mm<\/li>\n<table>\n<tr>\n<td>Uzunluk<\/td>\n<td>180<\/td>\n<\/tr>\n<tr>\n<td>Kafa<\/td>\n<td>Polisaj<\/td>\n<\/tr>\n<tr>\n<td>Sap<\/td>\n<td>\u0130nce \u0130zole<\/td>\n<\/tr>\n<tr>\n<td>Yumu\u015fak Tel<\/td>\n<td>4,0 \u00f8mm<\/td>\n<\/tr>\n<tr>\n<td>Orta Sert Tel<\/td>\n<td>3.2 \u00f8mm<\/td>\n<\/tr>\n<tr>\n<td>Sert Tel<\/td>\n<td>2.5 \u00f8mm<\/td>\n<\/tr>\n<tr>\n<td>A\u011f\u0131rl\u0131k<\/td>\n<td>275 gr<\/td>\n<\/tr>\n<\/table>\n","protected":false},"excerpt":{"rendered":"<p><b>68 01 180 Tepe keskiler<\/b><br \/>Ba\u011flama telinin b\u00fck\u00fclmesi ve kesilmesi i\u00e7in de uygundur. Kerpetenin kafa yap\u0131s\u0131, tel ba\u011flama i\u015flemlerinde teli k\u0131v\u0131rma hareketinin optimal \u015fekilde yap\u0131lmas\u0131n\u0131 m\u00fcmk\u00fcn k\u0131lar. Yumu\u015fak ve sert tel i\u00e7in uygun kesiciler. Kesici a\u011f\u0131z k\u0131sm\u0131 g\u00fc\u00e7lendirilmi\u015ftir. Kesici sertli\u011fi yakl. 61 HRC. <\/p>\n<li><b>Yumu\u015fak tel kesme de\u011feri (\u00e7ap): <\/b>\u00d8 4,0 mm<\/li>\n<li><b>Orta sert tel kesme de\u011feri (\u00e7ap): <\/b>\u00d8 3,2 mm<\/li>\n<li><b>Schneidwerte harter Draht (Durchmesser): <\/b>\u00d8 2,5 mm<\/li>\n<li><b>B\u0131\u00e7ak boyu mm (C): <\/b>29 mm<\/li>\n","protected":false},"featured_media":16948,"comment_status":"open","ping_status":"closed","template":"","meta":{"_acf_changed":false},"product_brand":[1486],"product_cat":[1213],"product_tag":[],"class_list":{"0":"post-16949","1":"product","2":"type-product","3":"status-publish","4":"has-post-thumbnail","6":"product_brand-knipex","7":"product_cat-tepe-keskiler","9":"first","10":"instock","11":"taxable","12":"shipping-taxable","13":"purchasable","14":"product-type-simple","15":"add-to-wishlist-after_add_to_cart"},"acf":[],"_links":{"self":[{"href":"https:\/\/www.makitamarket.com.tr\/site\/wp-json\/wp\/v2\/product\/16949","targetHints":{"allow":["GET"]}}],"collection":[{"href":"https:\/\/www.makitamarket.com.tr\/site\/wp-json\/wp\/v2\/product"}],"about":[{"href":"https:\/\/www.makitamarket.com.tr\/site\/wp-json\/wp\/v2\/types\/product"}],"replies":[{"embeddable":true,"href":"https:\/\/www.makitamarket.com.tr\/site\/wp-json\/wp\/v2\/comments?post=16949"}],"wp:featuredmedia":[{"embeddable":true,"href":"https:\/\/www.makitamarket.com.tr\/site\/wp-json\/wp\/v2\/media\/16948"}],"wp:attachment":[{"href":"https:\/\/www.makitamarket.com.tr\/site\/wp-json\/wp\/v2\/media?parent=16949"}],"wp:term":[{"taxonomy":"product_brand","embeddable":true,"href":"https:\/\/www.makitamarket.com.tr\/site\/wp-json\/wp\/v2\/product_brand?post=16949"},{"taxonomy":"product_cat","embeddable":true,"href":"https:\/\/www.makitamarket.com.tr\/site\/wp-json\/wp\/v2\/product_cat?post=16949"},{"taxonomy":"product_tag","embeddable":true,"href":"https:\/\/www.makitamarket.com.tr\/site\/wp-json\/wp\/v2\/product_tag?post=16949"}],"curies":[{"name":"wp","href":"https:\/\/api.w.org\/{rel}","templated":true}]}}