{"id":16958,"date":"2024-11-28T20:04:17","date_gmt":"2024-11-28T17:04:17","guid":{"rendered":"https:\/\/www.makitamarket.com.tr\/site\/urun\/big-red-uc-ayakli-katlanir-kriko-standi-2-ton\/"},"modified":"2026-03-30T09:40:21","modified_gmt":"2026-03-30T06:40:21","slug":"big-red-uc-ayakli-katlanir-kriko-standi-2-ton","status":"publish","type":"product","link":"https:\/\/www.makitamarket.com.tr\/site\/urun\/big-red-uc-ayakli-katlanir-kriko-standi-2-ton\/","title":{"rendered":"Big Red T42004 \u00dc\u00c7 AYAKLI KATLANIR KR\u0130KO STANDI 2 TON"},"content":{"rendered":"<table>\n<tr>\n<td>Kald\u0131rma Kapasitesi<\/td>\n<td>2 Ton<\/td>\n<\/tr>\n<\/table>\n","protected":false},"excerpt":{"rendered":"<p>Kald\u0131rma Kapasitesi 2 Ton<\/p>\n","protected":false},"featured_media":16957,"comment_status":"open","ping_status":"closed","template":"","meta":{"_acf_changed":false},"product_brand":[1519],"product_cat":[1236],"product_tag":[],"class_list":{"0":"post-16958","1":"product","2":"type-product","3":"status-publish","4":"has-post-thumbnail","6":"product_brand-big-red","7":"product_cat-kriko-standlari","9":"first","10":"instock","11":"taxable","12":"shipping-taxable","13":"purchasable","14":"product-type-simple","15":"add-to-wishlist-after_add_to_cart"},"acf":[],"_links":{"self":[{"href":"https:\/\/www.makitamarket.com.tr\/site\/wp-json\/wp\/v2\/product\/16958","targetHints":{"allow":["GET"]}}],"collection":[{"href":"https:\/\/www.makitamarket.com.tr\/site\/wp-json\/wp\/v2\/product"}],"about":[{"href":"https:\/\/www.makitamarket.com.tr\/site\/wp-json\/wp\/v2\/types\/product"}],"replies":[{"embeddable":true,"href":"https:\/\/www.makitamarket.com.tr\/site\/wp-json\/wp\/v2\/comments?post=16958"}],"wp:featuredmedia":[{"embeddable":true,"href":"https:\/\/www.makitamarket.com.tr\/site\/wp-json\/wp\/v2\/media\/16957"}],"wp:attachment":[{"href":"https:\/\/www.makitamarket.com.tr\/site\/wp-json\/wp\/v2\/media?parent=16958"}],"wp:term":[{"taxonomy":"product_brand","embeddable":true,"href":"https:\/\/www.makitamarket.com.tr\/site\/wp-json\/wp\/v2\/product_brand?post=16958"},{"taxonomy":"product_cat","embeddable":true,"href":"https:\/\/www.makitamarket.com.tr\/site\/wp-json\/wp\/v2\/product_cat?post=16958"},{"taxonomy":"product_tag","embeddable":true,"href":"https:\/\/www.makitamarket.com.tr\/site\/wp-json\/wp\/v2\/product_tag?post=16958"}],"curies":[{"name":"wp","href":"https:\/\/api.w.org\/{rel}","templated":true}]}}