{"id":17010,"date":"2024-11-28T20:04:37","date_gmt":"2024-11-28T17:04:37","guid":{"rendered":"https:\/\/www.makitamarket.com.tr\/site\/urun\/proxxon-endustriyel-vde-izoleli-duz-tornavida-25-mm\/"},"modified":"2026-04-06T15:52:50","modified_gmt":"2026-04-06T12:52:50","slug":"proxxon-endustriyel-vde-izoleli-duz-tornavida-25-mm","status":"publish","type":"product","link":"https:\/\/www.makitamarket.com.tr\/site\/urun\/proxxon-endustriyel-vde-izoleli-duz-tornavida-25-mm\/","title":{"rendered":"Proxxon End\u00fcstriyel 22300 VDE \u0130ZOLEL\u0130 D\u00dcZ TORNAV\u0130DA 2,5 mm"},"content":{"rendered":"<table>\n<tr>\n<td>U\u00e7 Geni\u015fli\u011fi<\/td>\n<td>2,5<\/td>\n<\/tr>\n<tr>\n<td>U\u00e7 Kal\u0131nl\u0131\u011f\u0131<\/td>\n<td>0,4<\/td>\n<\/tr>\n<tr>\n<td>U\u00e7 uzunlu\u011fu<\/td>\n<td>75<\/td>\n<\/tr>\n<tr>\n<td>Uzunluk<\/td>\n<td>150 mm<\/td>\n<\/tr>\n<\/table>\n","protected":false},"excerpt":{"rendered":"<p>U\u00e7 Geni\u015fli\u011fi 2,5 U\u00e7 Kal\u0131nl\u0131\u011f\u0131 0,4 U\u00e7 uzunlu\u011fu 75 Uzunluk 150 mm<\/p>\n","protected":false},"featured_media":17009,"comment_status":"open","ping_status":"closed","template":"","meta":{"_acf_changed":false},"product_brand":[1529],"product_cat":[794],"product_tag":[],"class_list":{"0":"post-17010","1":"product","2":"type-product","3":"status-publish","4":"has-post-thumbnail","6":"product_brand-proxxon-endustriyel","7":"product_cat-izoleli-tornavidalar","9":"first","10":"instock","11":"taxable","12":"shipping-taxable","13":"purchasable","14":"product-type-simple","15":"add-to-wishlist-after_add_to_cart"},"acf":[],"_links":{"self":[{"href":"https:\/\/www.makitamarket.com.tr\/site\/wp-json\/wp\/v2\/product\/17010","targetHints":{"allow":["GET"]}}],"collection":[{"href":"https:\/\/www.makitamarket.com.tr\/site\/wp-json\/wp\/v2\/product"}],"about":[{"href":"https:\/\/www.makitamarket.com.tr\/site\/wp-json\/wp\/v2\/types\/product"}],"replies":[{"embeddable":true,"href":"https:\/\/www.makitamarket.com.tr\/site\/wp-json\/wp\/v2\/comments?post=17010"}],"wp:featuredmedia":[{"embeddable":true,"href":"https:\/\/www.makitamarket.com.tr\/site\/wp-json\/wp\/v2\/media\/17009"}],"wp:attachment":[{"href":"https:\/\/www.makitamarket.com.tr\/site\/wp-json\/wp\/v2\/media?parent=17010"}],"wp:term":[{"taxonomy":"product_brand","embeddable":true,"href":"https:\/\/www.makitamarket.com.tr\/site\/wp-json\/wp\/v2\/product_brand?post=17010"},{"taxonomy":"product_cat","embeddable":true,"href":"https:\/\/www.makitamarket.com.tr\/site\/wp-json\/wp\/v2\/product_cat?post=17010"},{"taxonomy":"product_tag","embeddable":true,"href":"https:\/\/www.makitamarket.com.tr\/site\/wp-json\/wp\/v2\/product_tag?post=17010"}],"curies":[{"name":"wp","href":"https:\/\/api.w.org\/{rel}","templated":true}]}}