{"id":17062,"date":"2024-11-28T20:04:54","date_gmt":"2024-11-28T17:04:54","guid":{"rendered":"https:\/\/www.makitamarket.com.tr\/site\/urun\/proxxon-endustriyel-circirli-yildiz-anahtar-14x15-mm\/"},"modified":"2026-04-13T22:05:27","modified_gmt":"2026-04-13T19:05:27","slug":"proxxon-endustriyel-circirli-yildiz-anahtar-14x15-mm","status":"publish","type":"product","link":"https:\/\/www.makitamarket.com.tr\/site\/urun\/proxxon-endustriyel-circirli-yildiz-anahtar-14x15-mm\/","title":{"rendered":"Proxxon End\u00fcstriyel 23211 CIRCIRLI YILDIZ ANAHTAR 14&#215;15 mm"},"content":{"rendered":"<table>\n<tr>\n<td>\u00d6l\u00e7\u00fcleri<\/td>\n<td>14*15mm<\/td>\n<\/tr>\n<\/table>\n","protected":false},"excerpt":{"rendered":"<p>\u00d6l\u00e7\u00fcleri 14*15mm<\/p>\n","protected":false},"featured_media":18033,"comment_status":"open","ping_status":"closed","template":"","meta":{"_acf_changed":false},"product_brand":[1529],"product_cat":[978],"product_tag":[],"class_list":{"0":"post-17062","1":"product","2":"type-product","3":"status-publish","4":"has-post-thumbnail","6":"product_brand-proxxon-endustriyel","7":"product_cat-anahtarlar","9":"first","10":"instock","11":"taxable","12":"shipping-taxable","13":"purchasable","14":"product-type-simple","15":"add-to-wishlist-after_add_to_cart"},"acf":[],"_links":{"self":[{"href":"https:\/\/www.makitamarket.com.tr\/site\/wp-json\/wp\/v2\/product\/17062","targetHints":{"allow":["GET"]}}],"collection":[{"href":"https:\/\/www.makitamarket.com.tr\/site\/wp-json\/wp\/v2\/product"}],"about":[{"href":"https:\/\/www.makitamarket.com.tr\/site\/wp-json\/wp\/v2\/types\/product"}],"replies":[{"embeddable":true,"href":"https:\/\/www.makitamarket.com.tr\/site\/wp-json\/wp\/v2\/comments?post=17062"}],"wp:featuredmedia":[{"embeddable":true,"href":"https:\/\/www.makitamarket.com.tr\/site\/wp-json\/wp\/v2\/media\/18033"}],"wp:attachment":[{"href":"https:\/\/www.makitamarket.com.tr\/site\/wp-json\/wp\/v2\/media?parent=17062"}],"wp:term":[{"taxonomy":"product_brand","embeddable":true,"href":"https:\/\/www.makitamarket.com.tr\/site\/wp-json\/wp\/v2\/product_brand?post=17062"},{"taxonomy":"product_cat","embeddable":true,"href":"https:\/\/www.makitamarket.com.tr\/site\/wp-json\/wp\/v2\/product_cat?post=17062"},{"taxonomy":"product_tag","embeddable":true,"href":"https:\/\/www.makitamarket.com.tr\/site\/wp-json\/wp\/v2\/product_tag?post=17062"}],"curies":[{"name":"wp","href":"https:\/\/api.w.org\/{rel}","templated":true}]}}