{"id":17100,"date":"2024-11-28T20:05:12","date_gmt":"2024-11-28T17:05:12","guid":{"rendered":"https:\/\/www.makitamarket.com.tr\/site\/urun\/makita-metal-kesme-tasi-bombeli-115x3-mm\/"},"modified":"2026-04-06T15:54:43","modified_gmt":"2026-04-06T12:54:43","slug":"makita-metal-kesme-tasi-bombeli-115x3-mm","status":"publish","type":"product","link":"https:\/\/www.makitamarket.com.tr\/site\/urun\/makita-metal-kesme-tasi-bombeli-115x3-mm\/","title":{"rendered":"Makita D-18568 METAL KESME TA\u015eI &#8211; BOMBEL\u0130 115&#215;3 mm"},"content":{"rendered":"<table>\n<tr>\n<td>\u00d6l\u00e7\u00fcler<\/td>\n<td>115 x 3 mm<\/td>\n<\/tr>\n<tr>\n<td>Kalite<\/td>\n<td>A30S<\/td>\n<\/tr>\n<tr>\n<td>Malzeme<\/td>\n<td>Metal Kesme<\/td>\n<\/tr>\n<tr>\n<td>Tip<\/td>\n<td>Bombeli<\/td>\n<\/tr>\n<tr>\n<td>Kutu<\/td>\n<td>25<\/td>\n<\/tr>\n<\/table>\n","protected":false},"excerpt":{"rendered":"<p>\u00d6l\u00e7\u00fcler 115 x 3 mm Kalite A30S Malzeme Metal Kesme Tip Bombeli Kutu 25<\/p>\n","protected":false},"featured_media":0,"comment_status":"open","ping_status":"closed","template":"","meta":{"_acf_changed":false},"product_brand":[1485],"product_cat":[1214],"product_tag":[],"class_list":{"0":"post-17100","1":"product","2":"type-product","3":"status-publish","5":"product_brand-makita","6":"product_cat-115mm-kesme-taslari","8":"first","9":"instock","10":"taxable","11":"shipping-taxable","12":"purchasable","13":"product-type-simple","14":"add-to-wishlist-after_add_to_cart"},"acf":[],"_links":{"self":[{"href":"https:\/\/www.makitamarket.com.tr\/site\/wp-json\/wp\/v2\/product\/17100","targetHints":{"allow":["GET"]}}],"collection":[{"href":"https:\/\/www.makitamarket.com.tr\/site\/wp-json\/wp\/v2\/product"}],"about":[{"href":"https:\/\/www.makitamarket.com.tr\/site\/wp-json\/wp\/v2\/types\/product"}],"replies":[{"embeddable":true,"href":"https:\/\/www.makitamarket.com.tr\/site\/wp-json\/wp\/v2\/comments?post=17100"}],"wp:attachment":[{"href":"https:\/\/www.makitamarket.com.tr\/site\/wp-json\/wp\/v2\/media?parent=17100"}],"wp:term":[{"taxonomy":"product_brand","embeddable":true,"href":"https:\/\/www.makitamarket.com.tr\/site\/wp-json\/wp\/v2\/product_brand?post=17100"},{"taxonomy":"product_cat","embeddable":true,"href":"https:\/\/www.makitamarket.com.tr\/site\/wp-json\/wp\/v2\/product_cat?post=17100"},{"taxonomy":"product_tag","embeddable":true,"href":"https:\/\/www.makitamarket.com.tr\/site\/wp-json\/wp\/v2\/product_tag?post=17100"}],"curies":[{"name":"wp","href":"https:\/\/api.w.org\/{rel}","templated":true}]}}