{"id":17103,"date":"2024-11-28T20:05:13","date_gmt":"2024-11-28T17:05:13","guid":{"rendered":"https:\/\/www.makitamarket.com.tr\/site\/urun\/gison-gison-gp922024-yedek-havali-kaziyici-civi-seti\/"},"modified":"2025-11-16T09:23:22","modified_gmt":"2025-11-16T06:23:22","slug":"gison-gison-gp922024-yedek-havali-kaziyici-civi-seti","status":"publish","type":"product","link":"https:\/\/www.makitamarket.com.tr\/site\/urun\/gison-gison-gp922024-yedek-havali-kaziyici-civi-seti\/","title":{"rendered":"Gison GP922024 GISON GP922024 YEDEK HAVALI KAZIYICI \u00c7\u0130V\u0130 SET\u0130"},"content":{"rendered":"<p>\n\t\u2022 GP851B, GP851E, GP851H, GP851P i\u00e7in<\/p>\n<table>\n<tr>\n<td>\u00c7ivi (\u00d6l\u00e7\u00fc x Adet)<\/td>\n<td>3 mm. x 19 adetli set<\/td>\n<\/tr>\n<\/table>\n","protected":false},"excerpt":{"rendered":"<p>\n\t\u2022 GP851B, GP851E, GP851H, GP851P i\u00e7in<\/p>\n","protected":false},"featured_media":17102,"comment_status":"open","ping_status":"closed","template":"","meta":{"_acf_changed":false},"product_brand":[1512],"product_cat":[936],"product_tag":[],"class_list":{"0":"post-17103","1":"product","2":"type-product","3":"status-publish","4":"has-post-thumbnail","6":"product_brand-gison","7":"product_cat-havali-keski-ve-kaziyicilar","9":"first","10":"outofstock","11":"taxable","12":"shipping-taxable","13":"purchasable","14":"product-type-simple","15":"add-to-wishlist-after_add_to_cart"},"acf":[],"_links":{"self":[{"href":"https:\/\/www.makitamarket.com.tr\/site\/wp-json\/wp\/v2\/product\/17103","targetHints":{"allow":["GET"]}}],"collection":[{"href":"https:\/\/www.makitamarket.com.tr\/site\/wp-json\/wp\/v2\/product"}],"about":[{"href":"https:\/\/www.makitamarket.com.tr\/site\/wp-json\/wp\/v2\/types\/product"}],"replies":[{"embeddable":true,"href":"https:\/\/www.makitamarket.com.tr\/site\/wp-json\/wp\/v2\/comments?post=17103"}],"wp:featuredmedia":[{"embeddable":true,"href":"https:\/\/www.makitamarket.com.tr\/site\/wp-json\/wp\/v2\/media\/17102"}],"wp:attachment":[{"href":"https:\/\/www.makitamarket.com.tr\/site\/wp-json\/wp\/v2\/media?parent=17103"}],"wp:term":[{"taxonomy":"product_brand","embeddable":true,"href":"https:\/\/www.makitamarket.com.tr\/site\/wp-json\/wp\/v2\/product_brand?post=17103"},{"taxonomy":"product_cat","embeddable":true,"href":"https:\/\/www.makitamarket.com.tr\/site\/wp-json\/wp\/v2\/product_cat?post=17103"},{"taxonomy":"product_tag","embeddable":true,"href":"https:\/\/www.makitamarket.com.tr\/site\/wp-json\/wp\/v2\/product_tag?post=17103"}],"curies":[{"name":"wp","href":"https:\/\/api.w.org\/{rel}","templated":true}]}}