{"id":17124,"date":"2024-11-28T20:05:26","date_gmt":"2024-11-28T17:05:26","guid":{"rendered":"https:\/\/www.makitamarket.com.tr\/site\/urun\/makita-mini-kilic-testere-bicagi-ince-metal-1-5-4-0-mm\/"},"modified":"2025-08-28T08:46:11","modified_gmt":"2025-08-28T05:46:11","slug":"makita-mini-kilic-testere-bicagi-ince-metal-1-5-4-0-mm","status":"publish","type":"product","link":"https:\/\/www.makitamarket.com.tr\/site\/urun\/makita-mini-kilic-testere-bicagi-ince-metal-1-5-4-0-mm\/","title":{"rendered":"Makita B-20404 M\u0130N\u0130 KILI\u00c7 TESTERE BI\u00c7A\u011eI (\u0130NCE METAL) 1.5 &#8211; 4.0 mm"},"content":{"rendered":"<p>\n\t1.5 &#8211; 4.0 mm aras\u0131 ince ve orta kal\u0131nl\u0131kta ki metallerin kesimi i\u00e7in kullan\u0131lmaktad\u0131r.<\/p>\n<table>\n<tr>\n<td>Uzunluk<\/td>\n<td>100 mm<\/td>\n<\/tr>\n<tr>\n<td>\u0130nch Ba\u015f\u0131 Di\u015f<\/td>\n<td>18<\/td>\n<\/tr>\n<tr>\n<td>B\u0131\u00e7ak Materyali<\/td>\n<td>Bi-Metal<\/td>\n<\/tr>\n<\/table>\n","protected":false},"excerpt":{"rendered":"<p>\n\t1.5 &#8211; 4.0 mm aras\u0131 ince ve orta kal\u0131nl\u0131kta ki metallerin kesimi i\u00e7in kullan\u0131lmaktad\u0131r.<\/p>\n","protected":false},"featured_media":17123,"comment_status":"open","ping_status":"closed","template":"","meta":{"_acf_changed":false},"product_brand":[],"product_cat":[1368],"product_tag":[],"class_list":{"0":"post-17124","1":"product","2":"type-product","3":"status-publish","4":"has-post-thumbnail","6":"product_cat-mini-kilic-testere-bicaklari","8":"first","9":"outofstock","10":"taxable","11":"shipping-taxable","12":"purchasable","13":"product-type-simple","14":"add-to-wishlist-after_add_to_cart"},"acf":[],"_links":{"self":[{"href":"https:\/\/www.makitamarket.com.tr\/site\/wp-json\/wp\/v2\/product\/17124","targetHints":{"allow":["GET"]}}],"collection":[{"href":"https:\/\/www.makitamarket.com.tr\/site\/wp-json\/wp\/v2\/product"}],"about":[{"href":"https:\/\/www.makitamarket.com.tr\/site\/wp-json\/wp\/v2\/types\/product"}],"replies":[{"embeddable":true,"href":"https:\/\/www.makitamarket.com.tr\/site\/wp-json\/wp\/v2\/comments?post=17124"}],"wp:featuredmedia":[{"embeddable":true,"href":"https:\/\/www.makitamarket.com.tr\/site\/wp-json\/wp\/v2\/media\/17123"}],"wp:attachment":[{"href":"https:\/\/www.makitamarket.com.tr\/site\/wp-json\/wp\/v2\/media?parent=17124"}],"wp:term":[{"taxonomy":"product_brand","embeddable":true,"href":"https:\/\/www.makitamarket.com.tr\/site\/wp-json\/wp\/v2\/product_brand?post=17124"},{"taxonomy":"product_cat","embeddable":true,"href":"https:\/\/www.makitamarket.com.tr\/site\/wp-json\/wp\/v2\/product_cat?post=17124"},{"taxonomy":"product_tag","embeddable":true,"href":"https:\/\/www.makitamarket.com.tr\/site\/wp-json\/wp\/v2\/product_tag?post=17124"}],"curies":[{"name":"wp","href":"https:\/\/api.w.org\/{rel}","templated":true}]}}