{"id":17130,"date":"2024-11-28T20:05:28","date_gmt":"2024-11-28T17:05:28","guid":{"rendered":"https:\/\/www.makitamarket.com.tr\/site\/urun\/uni-t-mini-kontrakt-tip-sicaklik-olcer\/"},"modified":"2026-04-06T15:54:53","modified_gmt":"2026-04-06T12:54:53","slug":"uni-t-mini-kontrakt-tip-sicaklik-olcer","status":"publish","type":"product","link":"https:\/\/www.makitamarket.com.tr\/site\/urun\/uni-t-mini-kontrakt-tip-sicaklik-olcer\/","title":{"rendered":"Uni-t UT320D M\u0130N\u0130 KONTRAKT T\u0130P SICAKLIK \u00d6L\u00c7ER"},"content":{"rendered":"<table>\n<tr>\n<td>Kanal Say\u0131s\u0131<\/td>\n<td>2<\/td>\n<\/tr>\n<tr>\n<td>S\u0131cakl\u0131k De\u011fi\u015fim \u00d6l\u00e7\u00fcm\u00fc<\/td>\n<td>\u221a<\/td>\n<\/tr>\n<tr>\n<td>\u00c7al\u0131\u015fma S\u0131cakl\u0131\u011f\u0131<\/td>\n<td>0\u02daC~40\u02daC<\/td>\n<\/tr>\n<tr>\n<td>\u00c7al\u0131\u015fma Nemi (Ba\u011fl\u0131)<\/td>\n<td>\u226480%RH<\/td>\n<\/tr>\n<tr>\n<td>Termokopul Tipi<\/td>\n<td>K veya J<\/td>\n<\/tr>\n<tr>\n<td>A\u011f\u0131rl\u0131k<\/td>\n<td>84 g<\/td>\n<\/tr>\n<tr>\n<td>Boyutlar<\/td>\n<td>53mm x 28mm x 122mm<\/td>\n<\/tr>\n<tr>\n<td>\u00d6l\u00e7\u00fcm Aral\u0131\u011f\u0131 (K)<\/td>\n<td>-50\u02daC~1300\u02daC\/-58\u02daF~2372\u02daF<\/td>\n<\/tr>\n<tr>\n<td>Hassasiyet (K)<\/td>\n<td>\u00b1(0.5%+1)\/0.1\u02daC<\/td>\n<\/tr>\n<tr>\n<td>\u00d6l\u00e7\u00fcm Aral\u0131\u011f\u0131 (J)<\/td>\n<td>-50\u02daC~1200\u02daC\/-58\u02daF~2192\u02daF<\/td>\n<\/tr>\n<tr>\n<td>Hassasiyet (J)<\/td>\n<td>\u00b1(0.5%+1)\/0.1\u02daC<\/td>\n<\/tr>\n<\/table>\n","protected":false},"excerpt":{"rendered":"<p>Kanal Say\u0131s\u0131 2 S\u0131cakl\u0131k De\u011fi\u015fim \u00d6l\u00e7\u00fcm\u00fc \u221a \u00c7al\u0131\u015fma S\u0131cakl\u0131\u011f\u0131 0\u02daC~40\u02daC \u00c7al\u0131\u015fma Nemi (Ba\u011fl\u0131) \u226480%RH Termokopul Tipi K veya J A\u011f\u0131rl\u0131k 84 g Boyutlar 53mm x 28mm x 122mm \u00d6l\u00e7\u00fcm Aral\u0131\u011f\u0131<\/p>\n","protected":false},"featured_media":17129,"comment_status":"open","ping_status":"closed","template":"","meta":{"_acf_changed":false},"product_brand":[1531],"product_cat":[1172],"product_tag":[],"class_list":{"0":"post-17130","1":"product","2":"type-product","3":"status-publish","4":"has-post-thumbnail","6":"product_brand-uni-t","7":"product_cat-lazer-sicaklik-olcerler","9":"first","10":"instock","11":"taxable","12":"shipping-taxable","13":"purchasable","14":"product-type-simple","15":"add-to-wishlist-after_add_to_cart"},"acf":[],"_links":{"self":[{"href":"https:\/\/www.makitamarket.com.tr\/site\/wp-json\/wp\/v2\/product\/17130","targetHints":{"allow":["GET"]}}],"collection":[{"href":"https:\/\/www.makitamarket.com.tr\/site\/wp-json\/wp\/v2\/product"}],"about":[{"href":"https:\/\/www.makitamarket.com.tr\/site\/wp-json\/wp\/v2\/types\/product"}],"replies":[{"embeddable":true,"href":"https:\/\/www.makitamarket.com.tr\/site\/wp-json\/wp\/v2\/comments?post=17130"}],"wp:featuredmedia":[{"embeddable":true,"href":"https:\/\/www.makitamarket.com.tr\/site\/wp-json\/wp\/v2\/media\/17129"}],"wp:attachment":[{"href":"https:\/\/www.makitamarket.com.tr\/site\/wp-json\/wp\/v2\/media?parent=17130"}],"wp:term":[{"taxonomy":"product_brand","embeddable":true,"href":"https:\/\/www.makitamarket.com.tr\/site\/wp-json\/wp\/v2\/product_brand?post=17130"},{"taxonomy":"product_cat","embeddable":true,"href":"https:\/\/www.makitamarket.com.tr\/site\/wp-json\/wp\/v2\/product_cat?post=17130"},{"taxonomy":"product_tag","embeddable":true,"href":"https:\/\/www.makitamarket.com.tr\/site\/wp-json\/wp\/v2\/product_tag?post=17130"}],"curies":[{"name":"wp","href":"https:\/\/api.w.org\/{rel}","templated":true}]}}