{"id":17163,"date":"2024-11-28T20:05:43","date_gmt":"2024-11-28T17:05:43","guid":{"rendered":"https:\/\/www.makitamarket.com.tr\/site\/urun\/procut-elektrolize-oval-testere-100-ecg\/"},"modified":"2026-04-06T15:55:43","modified_gmt":"2026-04-06T12:55:43","slug":"procut-elektrolize-oval-testere-100-ecg","status":"publish","type":"product","link":"https:\/\/www.makitamarket.com.tr\/site\/urun\/procut-elektrolize-oval-testere-100-ecg\/","title":{"rendered":"Procut PR51089 ELEKTROL\u0130ZE OVAL TESTERE 100 ECG"},"content":{"rendered":"<table>\n<tr>\n<td>Modeli<\/td>\n<td>Elektrolize (Oval) &#8211; 100 ECG<\/td>\n<\/tr>\n<tr>\n<td>D\u0131\u015f \u00c7ap<\/td>\n<td>100 mm<\/td>\n<\/tr>\n<tr>\n<td>G\u00f6bek \u00e7ap\u0131<\/td>\n<td>22.23 mm.<\/td>\n<\/tr>\n<\/table>\n","protected":false},"excerpt":{"rendered":"<p>Modeli Elektrolize (Oval) &#8211; 100 ECG D\u0131\u015f \u00c7ap 100 mm G\u00f6bek \u00e7ap\u0131 22.23 mm.<\/p>\n","protected":false},"featured_media":17162,"comment_status":"open","ping_status":"closed","template":"","meta":{"_acf_changed":false},"product_brand":[1539],"product_cat":[1384],"product_tag":[],"class_list":{"0":"post-17163","1":"product","2":"type-product","3":"status-publish","4":"has-post-thumbnail","6":"product_brand-procut","7":"product_cat-100mm-testereler","9":"first","10":"instock","11":"taxable","12":"shipping-taxable","13":"purchasable","14":"product-type-simple","15":"add-to-wishlist-after_add_to_cart"},"acf":[],"_links":{"self":[{"href":"https:\/\/www.makitamarket.com.tr\/site\/wp-json\/wp\/v2\/product\/17163","targetHints":{"allow":["GET"]}}],"collection":[{"href":"https:\/\/www.makitamarket.com.tr\/site\/wp-json\/wp\/v2\/product"}],"about":[{"href":"https:\/\/www.makitamarket.com.tr\/site\/wp-json\/wp\/v2\/types\/product"}],"replies":[{"embeddable":true,"href":"https:\/\/www.makitamarket.com.tr\/site\/wp-json\/wp\/v2\/comments?post=17163"}],"wp:featuredmedia":[{"embeddable":true,"href":"https:\/\/www.makitamarket.com.tr\/site\/wp-json\/wp\/v2\/media\/17162"}],"wp:attachment":[{"href":"https:\/\/www.makitamarket.com.tr\/site\/wp-json\/wp\/v2\/media?parent=17163"}],"wp:term":[{"taxonomy":"product_brand","embeddable":true,"href":"https:\/\/www.makitamarket.com.tr\/site\/wp-json\/wp\/v2\/product_brand?post=17163"},{"taxonomy":"product_cat","embeddable":true,"href":"https:\/\/www.makitamarket.com.tr\/site\/wp-json\/wp\/v2\/product_cat?post=17163"},{"taxonomy":"product_tag","embeddable":true,"href":"https:\/\/www.makitamarket.com.tr\/site\/wp-json\/wp\/v2\/product_tag?post=17163"}],"curies":[{"name":"wp","href":"https:\/\/api.w.org\/{rel}","templated":true}]}}