{"id":17212,"date":"2024-11-28T20:06:06","date_gmt":"2024-11-28T17:06:06","guid":{"rendered":"https:\/\/www.makitamarket.com.tr\/site\/urun\/proxxon-endustriyel-mafsalli-circirli-kombine-anahtar-15-mm\/"},"modified":"2026-04-28T08:17:29","modified_gmt":"2026-04-28T05:17:29","slug":"proxxon-endustriyel-mafsalli-circirli-kombine-anahtar-15-mm","status":"publish","type":"product","link":"https:\/\/www.makitamarket.com.tr\/site\/urun\/proxxon-endustriyel-mafsalli-circirli-kombine-anahtar-15-mm\/","title":{"rendered":"Proxxon End\u00fcstriyel 23052 MAFSALLI CIRCIRLI KOMB\u0130NE ANAHTAR 15 mm"},"content":{"rendered":"<p>Proxxon mafasall\u0131 c\u0131rc\u0131rl\u0131 kombine anahtar a\u00e7\u0131k a\u011f\u0131z ile c\u0131rc\u0131r bir arada. C\u0131rc\u0131r anahtar k\u0131sm\u0131 oynar ba\u015fl\u0131kl\u0131 olmas\u0131 \u00e7al\u0131\u015f\u0131rken kolayl\u0131k sa\u011flar. \u00d6l\u00e7\u00fcs\u00fc bu \u00fcr\u00fcnde \u00a0SW15<\/p>\n<table>\n<tr>\n<td>\u00d6l\u00e7\u00fc<\/td>\n<td>15mm<\/td>\n<\/tr>\n<\/table>\n","protected":false},"excerpt":{"rendered":"<p>Proxxon mafasall\u0131 c\u0131rc\u0131rl\u0131 kombine anahtar a\u00e7\u0131k a\u011f\u0131z ile c\u0131rc\u0131r bir arada. C\u0131rc\u0131r anahtar k\u0131sm\u0131 oynar ba\u015fl\u0131kl\u0131 olmas\u0131 \u00e7al\u0131\u015f\u0131rken kolayl\u0131k sa\u011flar. \u00d6l\u00e7\u00fcs\u00fc bu \u00fcr\u00fcnde \u00a0SW15<\/p>\n","protected":false},"featured_media":17211,"comment_status":"open","ping_status":"closed","template":"","meta":{"_acf_changed":false},"product_brand":[1529],"product_cat":[978],"product_tag":[],"class_list":{"0":"post-17212","1":"product","2":"type-product","3":"status-publish","4":"has-post-thumbnail","6":"product_brand-proxxon-endustriyel","7":"product_cat-anahtarlar","9":"first","10":"instock","11":"taxable","12":"shipping-taxable","13":"purchasable","14":"product-type-simple","15":"add-to-wishlist-after_add_to_cart"},"acf":[],"_links":{"self":[{"href":"https:\/\/www.makitamarket.com.tr\/site\/wp-json\/wp\/v2\/product\/17212","targetHints":{"allow":["GET"]}}],"collection":[{"href":"https:\/\/www.makitamarket.com.tr\/site\/wp-json\/wp\/v2\/product"}],"about":[{"href":"https:\/\/www.makitamarket.com.tr\/site\/wp-json\/wp\/v2\/types\/product"}],"replies":[{"embeddable":true,"href":"https:\/\/www.makitamarket.com.tr\/site\/wp-json\/wp\/v2\/comments?post=17212"}],"wp:featuredmedia":[{"embeddable":true,"href":"https:\/\/www.makitamarket.com.tr\/site\/wp-json\/wp\/v2\/media\/17211"}],"wp:attachment":[{"href":"https:\/\/www.makitamarket.com.tr\/site\/wp-json\/wp\/v2\/media?parent=17212"}],"wp:term":[{"taxonomy":"product_brand","embeddable":true,"href":"https:\/\/www.makitamarket.com.tr\/site\/wp-json\/wp\/v2\/product_brand?post=17212"},{"taxonomy":"product_cat","embeddable":true,"href":"https:\/\/www.makitamarket.com.tr\/site\/wp-json\/wp\/v2\/product_cat?post=17212"},{"taxonomy":"product_tag","embeddable":true,"href":"https:\/\/www.makitamarket.com.tr\/site\/wp-json\/wp\/v2\/product_tag?post=17212"}],"curies":[{"name":"wp","href":"https:\/\/api.w.org\/{rel}","templated":true}]}}