{"id":17224,"date":"2024-11-28T20:06:10","date_gmt":"2024-11-28T17:06:10","guid":{"rendered":"https:\/\/www.makitamarket.com.tr\/site\/urun\/proxxon-proxxon-28592-gg-12-gravur-cihazi\/"},"modified":"2026-04-06T15:56:43","modified_gmt":"2026-04-06T12:56:43","slug":"proxxon-proxxon-28592-gg-12-gravur-cihazi","status":"publish","type":"product","link":"https:\/\/www.makitamarket.com.tr\/site\/urun\/proxxon-proxxon-28592-gg-12-gravur-cihazi\/","title":{"rendered":"Proxxon 28592 GG 12 PROXXON 28592 GG 12 GRAV\u00dcR C\u0130HAZI"},"content":{"rendered":"<div>\n\t<strong>Kullan\u0131m Alanlar\u0131 :<\/strong> Cam y\u00fczeylerde motif i\u015flemek ve yaz\u0131 yazmak i\u00e7in uygundur.<\/div>\n<div>\n\t<strong>Sevkiyat Kapsam\u0131:<\/strong> 1 adet elmas u\u00e7 (1.8mm) ile birlikte sevk edilir.<\/div>\n<div>\n\t<strong>Uyumlu Aksesuarlar:<\/strong><\/div>\n<div>\n\t<strong>PROX28212:<\/strong> Elmas u\u00e7 1mm (2)<\/div>\n<div>\n\t<strong>PROX28222:<\/strong> Elmas u\u00e7 1.8mm (2)\u00a0<\/div>\n<table>\n<tr>\n<td>Net A\u011f\u0131rl\u0131k<\/td>\n<td>50 gr.<\/td>\n<\/tr>\n<tr>\n<td>Devir<\/td>\n<td>20,000 d\/dak<\/td>\n<\/tr>\n<tr>\n<td>Uzunluk<\/td>\n<td>14.5 cm<\/td>\n<\/tr>\n<tr>\n<td>G\u00fc\u00e7<\/td>\n<td>25 W<\/td>\n<\/tr>\n<tr>\n<td>\u00c7al\u0131\u015fma gerilimi<\/td>\n<td>12-18V<\/td>\n<\/tr>\n<\/table>\n","protected":false},"excerpt":{"rendered":"<div>\n\t<strong>Kullan\u0131m Alanlar\u0131 :<\/strong> Cam y\u00fczeylerde motif i\u015flemek ve yaz\u0131 yazmak i\u00e7in uygundur.<\/div>\n<div>\n\t<strong>Sevkiyat Kapsam\u0131:<\/strong> 1 adet elmas u\u00e7 (1.8mm) ile birlikte sevk edilir.<\/div>\n<div>\n\t<strong>Uyumlu Aksesuarlar:<\/strong><\/div>\n<div>\n\t<strong>PROX28212:<\/strong> Elmas u\u00e7 1mm (2)<\/div>\n<div>\n\t<strong>PROX28222:<\/strong> Elmas u\u00e7 1.8mm (2)\u00a0<\/div>\n","protected":false},"featured_media":17223,"comment_status":"open","ping_status":"closed","template":"","meta":{"_acf_changed":false},"product_brand":[1501],"product_cat":[1257],"product_tag":[],"class_list":{"0":"post-17224","1":"product","2":"type-product","3":"status-publish","4":"has-post-thumbnail","6":"product_brand-proxxon","7":"product_cat-gravur-cihazlari","9":"first","10":"instock","11":"taxable","12":"shipping-taxable","13":"purchasable","14":"product-type-simple","15":"add-to-wishlist-after_add_to_cart"},"acf":[],"_links":{"self":[{"href":"https:\/\/www.makitamarket.com.tr\/site\/wp-json\/wp\/v2\/product\/17224","targetHints":{"allow":["GET"]}}],"collection":[{"href":"https:\/\/www.makitamarket.com.tr\/site\/wp-json\/wp\/v2\/product"}],"about":[{"href":"https:\/\/www.makitamarket.com.tr\/site\/wp-json\/wp\/v2\/types\/product"}],"replies":[{"embeddable":true,"href":"https:\/\/www.makitamarket.com.tr\/site\/wp-json\/wp\/v2\/comments?post=17224"}],"wp:featuredmedia":[{"embeddable":true,"href":"https:\/\/www.makitamarket.com.tr\/site\/wp-json\/wp\/v2\/media\/17223"}],"wp:attachment":[{"href":"https:\/\/www.makitamarket.com.tr\/site\/wp-json\/wp\/v2\/media?parent=17224"}],"wp:term":[{"taxonomy":"product_brand","embeddable":true,"href":"https:\/\/www.makitamarket.com.tr\/site\/wp-json\/wp\/v2\/product_brand?post=17224"},{"taxonomy":"product_cat","embeddable":true,"href":"https:\/\/www.makitamarket.com.tr\/site\/wp-json\/wp\/v2\/product_cat?post=17224"},{"taxonomy":"product_tag","embeddable":true,"href":"https:\/\/www.makitamarket.com.tr\/site\/wp-json\/wp\/v2\/product_tag?post=17224"}],"curies":[{"name":"wp","href":"https:\/\/api.w.org\/{rel}","templated":true}]}}