{"id":17269,"date":"2024-11-28T20:06:24","date_gmt":"2024-11-28T17:06:24","guid":{"rendered":"https:\/\/www.makitamarket.com.tr\/site\/urun\/makita-hss-co-metal-delme-matkap-ucu-6-5x101-mm\/"},"modified":"2025-11-16T09:29:17","modified_gmt":"2025-11-16T06:29:17","slug":"makita-hss-co-metal-delme-matkap-ucu-6-5x101-mm","status":"publish","type":"product","link":"https:\/\/www.makitamarket.com.tr\/site\/urun\/makita-hss-co-metal-delme-matkap-ucu-6-5x101-mm\/","title":{"rendered":"Makita D-16726 HSS &#8211; CO METAL DELME MATKAP UCU 6.5&#215;101 mm"},"content":{"rendered":"<table>\n<tr>\n<td>Matkap \u00c7ap\u0131<\/td>\n<td>6.5<\/td>\n<\/tr>\n<tr>\n<td>Matkap Boyu<\/td>\n<td>101<\/td>\n<\/tr>\n<tr>\n<td>\u00c7al\u0131\u015fma Uzunlu\u011fu<\/td>\n<td>63<\/td>\n<\/tr>\n<tr>\n<td>\u00c7ap<\/td>\n<td>6.5 mm<\/td>\n<\/tr>\n<tr>\n<td>Uzunluk<\/td>\n<td>101 mm<\/td>\n<\/tr>\n<tr>\n<td>\u00c7al\u0131\u015fma Uzunlu\u011fu<\/td>\n<td>63 mm<\/td>\n<\/tr>\n<tr>\n<td>Ambalaj \u0130\u00e7eri\u011fi<\/td>\n<td>5 Adet<\/td>\n<\/tr>\n<\/table>\n","protected":false},"excerpt":{"rendered":"<p>Matkap \u00c7ap\u0131 6.5 Matkap Boyu 101 \u00c7al\u0131\u015fma Uzunlu\u011fu 63 \u00c7ap 6.5 mm Uzunluk 101 mm \u00c7al\u0131\u015fma Uzunlu\u011fu 63 mm Ambalaj \u0130\u00e7eri\u011fi 5 Adet<\/p>\n","protected":false},"featured_media":0,"comment_status":"open","ping_status":"closed","template":"","meta":{"_acf_changed":false},"product_brand":[1485],"product_cat":[1064],"product_tag":[],"class_list":{"0":"post-17269","1":"product","2":"type-product","3":"status-publish","5":"product_brand-makita","6":"product_cat-metal-delme-uclari","8":"first","9":"outofstock","10":"taxable","11":"shipping-taxable","12":"purchasable","13":"product-type-simple","14":"add-to-wishlist-after_add_to_cart"},"acf":[],"_links":{"self":[{"href":"https:\/\/www.makitamarket.com.tr\/site\/wp-json\/wp\/v2\/product\/17269","targetHints":{"allow":["GET"]}}],"collection":[{"href":"https:\/\/www.makitamarket.com.tr\/site\/wp-json\/wp\/v2\/product"}],"about":[{"href":"https:\/\/www.makitamarket.com.tr\/site\/wp-json\/wp\/v2\/types\/product"}],"replies":[{"embeddable":true,"href":"https:\/\/www.makitamarket.com.tr\/site\/wp-json\/wp\/v2\/comments?post=17269"}],"wp:attachment":[{"href":"https:\/\/www.makitamarket.com.tr\/site\/wp-json\/wp\/v2\/media?parent=17269"}],"wp:term":[{"taxonomy":"product_brand","embeddable":true,"href":"https:\/\/www.makitamarket.com.tr\/site\/wp-json\/wp\/v2\/product_brand?post=17269"},{"taxonomy":"product_cat","embeddable":true,"href":"https:\/\/www.makitamarket.com.tr\/site\/wp-json\/wp\/v2\/product_cat?post=17269"},{"taxonomy":"product_tag","embeddable":true,"href":"https:\/\/www.makitamarket.com.tr\/site\/wp-json\/wp\/v2\/product_tag?post=17269"}],"curies":[{"name":"wp","href":"https:\/\/api.w.org\/{rel}","templated":true}]}}