{"id":17297,"date":"2024-11-28T20:06:39","date_gmt":"2024-11-28T17:06:39","guid":{"rendered":"https:\/\/www.makitamarket.com.tr\/site\/urun\/maxgarden-karbon-celik-yapismaz-kollu-budama-makasi-25-35\/"},"modified":"2025-11-16T09:30:43","modified_gmt":"2025-11-16T06:30:43","slug":"maxgarden-karbon-celik-yapismaz-kollu-budama-makasi-25-35","status":"publish","type":"product","link":"https:\/\/www.makitamarket.com.tr\/site\/urun\/maxgarden-karbon-celik-yapismaz-kollu-budama-makasi-25-35\/","title":{"rendered":"Maxgarden MAX735715 KARBON \u00c7EL\u0130K YAPI\u015eMAZ KOLLU BUDAMA MAKASI 25&#8243; &#8211; 35&#8243;"},"content":{"rendered":"<p>\n\tPaket \/ Koli Adedi : 1 \/ 12<\/p>\n<table><\/table>\n","protected":false},"excerpt":{"rendered":"<p>\n\tPaket \/ Koli Adedi : 1 \/ 12<\/p>\n","protected":false},"featured_media":17296,"comment_status":"open","ping_status":"closed","template":"","meta":{"_acf_changed":false},"product_brand":[1499],"product_cat":[1166],"product_tag":[],"class_list":{"0":"post-17297","1":"product","2":"type-product","3":"status-publish","4":"has-post-thumbnail","6":"product_brand-maxgarden","7":"product_cat-bahce-el-aletleri","9":"first","10":"outofstock","11":"taxable","12":"shipping-taxable","13":"purchasable","14":"product-type-simple","15":"add-to-wishlist-after_add_to_cart"},"acf":[],"_links":{"self":[{"href":"https:\/\/www.makitamarket.com.tr\/site\/wp-json\/wp\/v2\/product\/17297","targetHints":{"allow":["GET"]}}],"collection":[{"href":"https:\/\/www.makitamarket.com.tr\/site\/wp-json\/wp\/v2\/product"}],"about":[{"href":"https:\/\/www.makitamarket.com.tr\/site\/wp-json\/wp\/v2\/types\/product"}],"replies":[{"embeddable":true,"href":"https:\/\/www.makitamarket.com.tr\/site\/wp-json\/wp\/v2\/comments?post=17297"}],"wp:featuredmedia":[{"embeddable":true,"href":"https:\/\/www.makitamarket.com.tr\/site\/wp-json\/wp\/v2\/media\/17296"}],"wp:attachment":[{"href":"https:\/\/www.makitamarket.com.tr\/site\/wp-json\/wp\/v2\/media?parent=17297"}],"wp:term":[{"taxonomy":"product_brand","embeddable":true,"href":"https:\/\/www.makitamarket.com.tr\/site\/wp-json\/wp\/v2\/product_brand?post=17297"},{"taxonomy":"product_cat","embeddable":true,"href":"https:\/\/www.makitamarket.com.tr\/site\/wp-json\/wp\/v2\/product_cat?post=17297"},{"taxonomy":"product_tag","embeddable":true,"href":"https:\/\/www.makitamarket.com.tr\/site\/wp-json\/wp\/v2\/product_tag?post=17297"}],"curies":[{"name":"wp","href":"https:\/\/api.w.org\/{rel}","templated":true}]}}