{"id":17337,"date":"2024-11-28T20:06:56","date_gmt":"2024-11-28T17:06:56","guid":{"rendered":"https:\/\/www.makitamarket.com.tr\/site\/urun\/mastech-lazer-sicaklik-olcum-cihazi\/"},"modified":"2025-11-16T09:31:53","modified_gmt":"2025-11-16T06:31:53","slug":"mastech-lazer-sicaklik-olcum-cihazi","status":"publish","type":"product","link":"https:\/\/www.makitamarket.com.tr\/site\/urun\/mastech-lazer-sicaklik-olcum-cihazi\/","title":{"rendered":"Mastech GM550 LAZER SICAKLIK \u00d6L\u00c7\u00dcM C\u0130HAZI"},"content":{"rendered":"<table>\n<tr>\n<td>\u00d6l\u00e7\u00fcm Aral\u0131\u011f\u0131<\/td>\n<td>-50\u00baC~550\u00baC<\/td>\n<\/tr>\n<tr>\n<td>\u00c7\u00f6z\u00fcn\u00fcrl\u00fck<\/td>\n<td>0.1\u00b0C<\/td>\n<\/tr>\n<tr>\n<td>Hassasiyet<\/td>\n<td>\u00b11.5% veya  \u00b11.5\u00b0C<\/td>\n<\/tr>\n<tr>\n<td>Tekrar Edilebilirlik<\/td>\n<td>\u00b11.0% veya \u00b11.0\u00b0C<\/td>\n<\/tr>\n<tr>\n<td>Emissivite<\/td>\n<td>0.1-1.00, 0.95\u2019e ayarlanm\u0131\u015ft\u0131r.<\/td>\n<\/tr>\n<tr>\n<td>Yan\u0131tlama Zaman\u0131<\/td>\n<td>0,5 sn<\/td>\n<\/tr>\n<tr>\n<td>Lazer \u00e7\u0131k\u0131\u015f\u0131<\/td>\n<td><1 mW<\/td>\n<\/tr>\n<tr>\n<td>Viz\u00f6r<\/td>\n<td>12:1<\/td>\n<\/tr>\n<tr>\n<td>Batarya tipi<\/td>\n<td>1.5Vx2 Batarya (AAA tip)<\/td>\n<\/tr>\n<tr>\n<td>A\u011f\u0131rl\u0131k<\/td>\n<td>150 g<\/td>\n<\/tr>\n<tr>\n<td>Boyutlar<\/td>\n<td>106mm x 43mm x 155mm<\/td>\n<\/tr>\n<\/table>\n","protected":false},"excerpt":{"rendered":"<p>\u00d6l\u00e7\u00fcm Aral\u0131\u011f\u0131 -50\u00baC~550\u00baC \u00c7\u00f6z\u00fcn\u00fcrl\u00fck 0.1\u00b0C Hassasiyet \u00b11.5% veya \u00b11.5\u00b0C Tekrar Edilebilirlik \u00b11.0% veya \u00b11.0\u00b0C Emissivite 0.1-1.00, 0.95\u2019e ayarlanm\u0131\u015ft\u0131r. Yan\u0131tlama Zaman\u0131 0,5 sn Lazer \u00e7\u0131k\u0131\u015f\u0131<\/p>\n","protected":false},"featured_media":17336,"comment_status":"open","ping_status":"closed","template":"","meta":{"_acf_changed":false},"product_brand":[1526],"product_cat":[1172],"product_tag":[],"class_list":{"0":"post-17337","1":"product","2":"type-product","3":"status-publish","4":"has-post-thumbnail","6":"product_brand-mastech","7":"product_cat-lazer-sicaklik-olcerler","9":"first","10":"outofstock","11":"taxable","12":"shipping-taxable","13":"purchasable","14":"product-type-simple","15":"add-to-wishlist-after_add_to_cart"},"acf":[],"_links":{"self":[{"href":"https:\/\/www.makitamarket.com.tr\/site\/wp-json\/wp\/v2\/product\/17337","targetHints":{"allow":["GET"]}}],"collection":[{"href":"https:\/\/www.makitamarket.com.tr\/site\/wp-json\/wp\/v2\/product"}],"about":[{"href":"https:\/\/www.makitamarket.com.tr\/site\/wp-json\/wp\/v2\/types\/product"}],"replies":[{"embeddable":true,"href":"https:\/\/www.makitamarket.com.tr\/site\/wp-json\/wp\/v2\/comments?post=17337"}],"wp:featuredmedia":[{"embeddable":true,"href":"https:\/\/www.makitamarket.com.tr\/site\/wp-json\/wp\/v2\/media\/17336"}],"wp:attachment":[{"href":"https:\/\/www.makitamarket.com.tr\/site\/wp-json\/wp\/v2\/media?parent=17337"}],"wp:term":[{"taxonomy":"product_brand","embeddable":true,"href":"https:\/\/www.makitamarket.com.tr\/site\/wp-json\/wp\/v2\/product_brand?post=17337"},{"taxonomy":"product_cat","embeddable":true,"href":"https:\/\/www.makitamarket.com.tr\/site\/wp-json\/wp\/v2\/product_cat?post=17337"},{"taxonomy":"product_tag","embeddable":true,"href":"https:\/\/www.makitamarket.com.tr\/site\/wp-json\/wp\/v2\/product_tag?post=17337"}],"curies":[{"name":"wp","href":"https:\/\/api.w.org\/{rel}","templated":true}]}}