{"id":17387,"date":"2024-11-28T20:07:16","date_gmt":"2024-11-28T17:07:16","guid":{"rendered":"https:\/\/www.makitamarket.com.tr\/site\/urun\/makita-segmanli-testere-bicagi-65-mm\/"},"modified":"2026-04-06T15:59:36","modified_gmt":"2026-04-06T12:59:36","slug":"makita-segmanli-testere-bicagi-65-mm","status":"publish","type":"product","link":"https:\/\/www.makitamarket.com.tr\/site\/urun\/makita-segmanli-testere-bicagi-65-mm\/","title":{"rendered":"Makita B-21303 SEGMANLI TESTERE BI\u00c7A\u011eI 65 mm"},"content":{"rendered":"<p>\n\tDemir d\u0131\u015f\u0131 metaller, FRP, PVC, fiberglas, 1 mm&#8217;den ince metal levha kesimi i\u00e7in.<\/p>\n<table>\n<tr>\n<td>\u00c7ap<\/td>\n<td>65 mm<\/td>\n<\/tr>\n<tr>\n<td>B\u0131\u00e7ak Materyali<\/td>\n<td>BiM-TiN<\/td>\n<\/tr>\n<\/table>\n","protected":false},"excerpt":{"rendered":"<p>\n\tDemir d\u0131\u015f\u0131 metaller, FRP, PVC, fiberglas, 1 mm&#8217;den ince metal levha kesimi i\u00e7in.<\/p>\n","protected":false},"featured_media":17386,"comment_status":"open","ping_status":"closed","template":"","meta":{"_acf_changed":false},"product_brand":[1485],"product_cat":[1266],"product_tag":[],"class_list":{"0":"post-17387","1":"product","2":"type-product","3":"status-publish","4":"has-post-thumbnail","6":"product_brand-makita","7":"product_cat-segmanli-testere-bicaklari","9":"first","10":"instock","11":"taxable","12":"shipping-taxable","13":"purchasable","14":"product-type-simple","15":"add-to-wishlist-after_add_to_cart"},"acf":[],"_links":{"self":[{"href":"https:\/\/www.makitamarket.com.tr\/site\/wp-json\/wp\/v2\/product\/17387","targetHints":{"allow":["GET"]}}],"collection":[{"href":"https:\/\/www.makitamarket.com.tr\/site\/wp-json\/wp\/v2\/product"}],"about":[{"href":"https:\/\/www.makitamarket.com.tr\/site\/wp-json\/wp\/v2\/types\/product"}],"replies":[{"embeddable":true,"href":"https:\/\/www.makitamarket.com.tr\/site\/wp-json\/wp\/v2\/comments?post=17387"}],"wp:featuredmedia":[{"embeddable":true,"href":"https:\/\/www.makitamarket.com.tr\/site\/wp-json\/wp\/v2\/media\/17386"}],"wp:attachment":[{"href":"https:\/\/www.makitamarket.com.tr\/site\/wp-json\/wp\/v2\/media?parent=17387"}],"wp:term":[{"taxonomy":"product_brand","embeddable":true,"href":"https:\/\/www.makitamarket.com.tr\/site\/wp-json\/wp\/v2\/product_brand?post=17387"},{"taxonomy":"product_cat","embeddable":true,"href":"https:\/\/www.makitamarket.com.tr\/site\/wp-json\/wp\/v2\/product_cat?post=17387"},{"taxonomy":"product_tag","embeddable":true,"href":"https:\/\/www.makitamarket.com.tr\/site\/wp-json\/wp\/v2\/product_tag?post=17387"}],"curies":[{"name":"wp","href":"https:\/\/api.w.org\/{rel}","templated":true}]}}