{"id":17453,"date":"2024-11-28T20:07:50","date_gmt":"2024-11-28T17:07:50","guid":{"rendered":"https:\/\/www.makitamarket.com.tr\/site\/urun\/alteco-endustriyel-yapistirici-57-gr\/"},"modified":"2026-03-30T09:48:27","modified_gmt":"2026-03-30T06:48:27","slug":"alteco-endustriyel-yapistirici-57-gr","status":"publish","type":"product","link":"https:\/\/www.makitamarket.com.tr\/site\/urun\/alteco-endustriyel-yapistirici-57-gr\/","title":{"rendered":"Alteco PAWER-2 5-7GR END\u00dcSTR\u0130YEL YAPI\u015eTIRICI 5+7 gr"},"content":{"rendered":"<div>\n\t<strong>Kullan\u0131m Alanlar\u0131:<br \/>\n\t<\/strong><\/div>\n<div id=\"cke_pastebin\">\n<div id=\"cke_pastebin\">\n<div>\n\t\t\tJant kapa\u011f\u0131, ara\u00e7 far\u0131, metal, plastik, kau\u00e7uk, ah\u015fap, ve genel kullan\u0131m i\u00e7in uygundur. Su ge\u00e7irmez.<\/div><\/div>\n<\/div>\n<table>\n<tr>\n<td>G\u00f6r\u00fcn\u00fcm<\/td>\n<td>S\u00fcper yap\u0131\u015ft\u0131r\u0131c\u0131: Renksiz hafif sar\u0131mt\u0131rak<\/td>\n<\/tr>\n<tr>\n<td>G\u00f6r\u00fcn\u00fcm<\/td>\n<td>Kaynak tozu: Beyaz sar\u0131mt\u0131rak<\/td>\n<\/tr>\n<tr>\n<td>Vizkosite (cP 25 C)<\/td>\n<td>2 &#8211; 8<\/td>\n<\/tr>\n<tr>\n<td>Spesifik Gravite (25 C \/ 4 C)<\/td>\n<td>1\/1<\/td>\n<\/tr>\n<tr>\n<td>Kuruma S\u00fcresi<\/td>\n<td>20 sn alt\u0131<\/td>\n<\/tr>\n<tr>\n<td>Kar\u0131\u015f\u0131m Oran\u0131<\/td>\n<td>1\/1<\/td>\n<\/tr>\n<tr>\n<td>Biti\u015f Rengi<\/td>\n<td>Opak Beyaz<\/td>\n<\/tr>\n<tr>\n<td>Sertlik (shore D)<\/td>\n<td>70-75<\/td>\n<\/tr>\n<tr>\n<td>Yap\u0131\u015ft\u0131r\u0131c\u0131 Miktar\u0131<\/td>\n<td>5+7gr.<\/td>\n<\/tr>\n<tr>\n<td>Paket Miktar\u0131<\/td>\n<td>12&#8217;li Set<\/td>\n<\/tr>\n<tr>\n<td>Koli Miktar\u0131<\/td>\n<td>144 Set<\/td>\n<\/tr>\n<\/table>\n","protected":false},"excerpt":{"rendered":"<div>\n\t<strong>Kullan\u0131m Alanlar\u0131:<br \/>\n\t<\/strong><\/div>\n<div id=\"cke_pastebin\">\n<div id=\"cke_pastebin\">\n<div>\n\t\t\tJant kapa\u011f\u0131, ara\u00e7 far\u0131, metal, plastik, kau\u00e7uk, ah\u015fap, ve genel kullan\u0131m i\u00e7in uygundur. Su ge\u00e7irmez.<\/div>\n<\/p><\/div>\n<\/div>\n","protected":false},"featured_media":17452,"comment_status":"open","ping_status":"closed","template":"","meta":{"_acf_changed":false},"product_brand":[1551],"product_cat":[1188],"product_tag":[],"class_list":{"0":"post-17453","1":"product","2":"type-product","3":"status-publish","4":"has-post-thumbnail","6":"product_brand-alteco","7":"product_cat-yapistiricilar","9":"first","10":"instock","11":"taxable","12":"shipping-taxable","13":"purchasable","14":"product-type-simple","15":"add-to-wishlist-after_add_to_cart"},"acf":[],"_links":{"self":[{"href":"https:\/\/www.makitamarket.com.tr\/site\/wp-json\/wp\/v2\/product\/17453","targetHints":{"allow":["GET"]}}],"collection":[{"href":"https:\/\/www.makitamarket.com.tr\/site\/wp-json\/wp\/v2\/product"}],"about":[{"href":"https:\/\/www.makitamarket.com.tr\/site\/wp-json\/wp\/v2\/types\/product"}],"replies":[{"embeddable":true,"href":"https:\/\/www.makitamarket.com.tr\/site\/wp-json\/wp\/v2\/comments?post=17453"}],"wp:featuredmedia":[{"embeddable":true,"href":"https:\/\/www.makitamarket.com.tr\/site\/wp-json\/wp\/v2\/media\/17452"}],"wp:attachment":[{"href":"https:\/\/www.makitamarket.com.tr\/site\/wp-json\/wp\/v2\/media?parent=17453"}],"wp:term":[{"taxonomy":"product_brand","embeddable":true,"href":"https:\/\/www.makitamarket.com.tr\/site\/wp-json\/wp\/v2\/product_brand?post=17453"},{"taxonomy":"product_cat","embeddable":true,"href":"https:\/\/www.makitamarket.com.tr\/site\/wp-json\/wp\/v2\/product_cat?post=17453"},{"taxonomy":"product_tag","embeddable":true,"href":"https:\/\/www.makitamarket.com.tr\/site\/wp-json\/wp\/v2\/product_tag?post=17453"}],"curies":[{"name":"wp","href":"https:\/\/api.w.org\/{rel}","templated":true}]}}