{"id":17486,"date":"2024-11-28T20:08:01","date_gmt":"2024-11-28T17:08:01","guid":{"rendered":"https:\/\/www.makitamarket.com.tr\/site\/urun\/knisaw-elmas-karpid-uclu-panc-65-mm\/"},"modified":"2026-04-06T16:01:05","modified_gmt":"2026-04-06T13:01:05","slug":"knisaw-elmas-karpid-uclu-panc-65-mm","status":"publish","type":"product","link":"https:\/\/www.makitamarket.com.tr\/site\/urun\/knisaw-elmas-karpid-uclu-panc-65-mm\/","title":{"rendered":"Knisaw KS53421 ELMAS KARP\u0130D U\u00c7LU PAN\u00c7 65 mm"},"content":{"rendered":"<table>\n<tr>\n<td>Uygulama Alan\u0131<\/td>\n<td>\u00c7ok Ama\u00e7l\u0131<\/td>\n<\/tr>\n<tr>\n<td>\u00c7ap<\/td>\n<td>65 mm<\/td>\n<\/tr>\n<tr>\n<td>Adapt\u00f6r Tipi<\/td>\n<td>M16 Pan\u00e7<\/td>\n<\/tr>\n<\/table>\n","protected":false},"excerpt":{"rendered":"<p>Uygulama Alan\u0131 \u00c7ok Ama\u00e7l\u0131 \u00c7ap 65 mm Adapt\u00f6r Tipi M16 Pan\u00e7<\/p>\n","protected":false},"featured_media":0,"comment_status":"open","ping_status":"closed","template":"","meta":{"_acf_changed":false},"product_brand":[1550],"product_cat":[1378],"product_tag":[],"class_list":{"0":"post-17486","1":"product","2":"type-product","3":"status-publish","5":"product_brand-knisaw","6":"product_cat-karpid-uclu-delme-uclari","8":"first","9":"instock","10":"taxable","11":"shipping-taxable","12":"purchasable","13":"product-type-simple","14":"add-to-wishlist-after_add_to_cart"},"acf":[],"_links":{"self":[{"href":"https:\/\/www.makitamarket.com.tr\/site\/wp-json\/wp\/v2\/product\/17486","targetHints":{"allow":["GET"]}}],"collection":[{"href":"https:\/\/www.makitamarket.com.tr\/site\/wp-json\/wp\/v2\/product"}],"about":[{"href":"https:\/\/www.makitamarket.com.tr\/site\/wp-json\/wp\/v2\/types\/product"}],"replies":[{"embeddable":true,"href":"https:\/\/www.makitamarket.com.tr\/site\/wp-json\/wp\/v2\/comments?post=17486"}],"wp:attachment":[{"href":"https:\/\/www.makitamarket.com.tr\/site\/wp-json\/wp\/v2\/media?parent=17486"}],"wp:term":[{"taxonomy":"product_brand","embeddable":true,"href":"https:\/\/www.makitamarket.com.tr\/site\/wp-json\/wp\/v2\/product_brand?post=17486"},{"taxonomy":"product_cat","embeddable":true,"href":"https:\/\/www.makitamarket.com.tr\/site\/wp-json\/wp\/v2\/product_cat?post=17486"},{"taxonomy":"product_tag","embeddable":true,"href":"https:\/\/www.makitamarket.com.tr\/site\/wp-json\/wp\/v2\/product_tag?post=17486"}],"curies":[{"name":"wp","href":"https:\/\/api.w.org\/{rel}","templated":true}]}}