{"id":17515,"date":"2024-11-28T20:08:13","date_gmt":"2024-11-28T17:08:13","guid":{"rendered":"https:\/\/www.makitamarket.com.tr\/site\/urun\/bmi-bmi-689060-aluminyum-su-terazisi-60cm\/"},"modified":"2026-04-13T21:52:40","modified_gmt":"2026-04-13T18:52:40","slug":"bmi-bmi-689060-aluminyum-su-terazisi-60cm","status":"publish","type":"product","link":"https:\/\/www.makitamarket.com.tr\/site\/urun\/bmi-bmi-689060-aluminyum-su-terazisi-60cm\/","title":{"rendered":"Bmi 689 60CM BMI 689060 AL\u00dcM\u0130NYUM SU TERAZ\u0130S\u0130 60cm"},"content":{"rendered":"<div>\n\t<span dir=\"ltr\" role=\"presentation\" style=\"left: 112.23px; top: 441.532px; font-size: 10px; font-family: sans-serif; transform: scaleX(0.873577);\">Ekonomik seri al\u00fcminyum terazi, dayan\u203akl\u203a ve p\u00fcr\u00fczs\u00fcz al\u00fcminyum profile sahiptir.<\/span><br role=\"presentation\" \/><br \/>\n\t<span dir=\"ltr\" role=\"presentation\" style=\"left: 112.23px; top: 452.362px; font-size: 10px; font-family: sans-serif; transform: scaleX(0.891467);\">Normal konumda terazileme hassasiyeti 1mm\/m<\/span><\/div>\n<table>\n<tr>\n<td>Uzunluk<\/td>\n<td>60 cm<\/td>\n<\/tr>\n<\/table>\n","protected":false},"excerpt":{"rendered":"<div>\n\t<span dir=\"ltr\" role=\"presentation\" style=\"left: 112.23px; top: 441.532px; font-size: 10px; font-family: sans-serif; transform: scaleX(0.873577);\">Ekonomik seri al\u00fcminyum terazi, dayan\u203akl\u203a ve p\u00fcr\u00fczs\u00fcz al\u00fcminyum profile sahiptir.<\/span><br role=\"presentation\" \/><br \/>\n\t<span dir=\"ltr\" role=\"presentation\" style=\"left: 112.23px; top: 452.362px; font-size: 10px; font-family: sans-serif; transform: scaleX(0.891467);\">Normal konumda terazileme hassasiyeti 1mm\/m<\/span><\/div>\n","protected":false},"featured_media":17514,"comment_status":"open","ping_status":"closed","template":"","meta":{"_acf_changed":false},"product_brand":[1522],"product_cat":[974],"product_tag":[],"class_list":{"0":"post-17515","1":"product","2":"type-product","3":"status-publish","4":"has-post-thumbnail","6":"product_brand-bmi","7":"product_cat-su-terazileri","9":"first","10":"outofstock","11":"taxable","12":"shipping-taxable","13":"purchasable","14":"product-type-simple","15":"add-to-wishlist-after_add_to_cart"},"acf":[],"_links":{"self":[{"href":"https:\/\/www.makitamarket.com.tr\/site\/wp-json\/wp\/v2\/product\/17515","targetHints":{"allow":["GET"]}}],"collection":[{"href":"https:\/\/www.makitamarket.com.tr\/site\/wp-json\/wp\/v2\/product"}],"about":[{"href":"https:\/\/www.makitamarket.com.tr\/site\/wp-json\/wp\/v2\/types\/product"}],"replies":[{"embeddable":true,"href":"https:\/\/www.makitamarket.com.tr\/site\/wp-json\/wp\/v2\/comments?post=17515"}],"wp:featuredmedia":[{"embeddable":true,"href":"https:\/\/www.makitamarket.com.tr\/site\/wp-json\/wp\/v2\/media\/17514"}],"wp:attachment":[{"href":"https:\/\/www.makitamarket.com.tr\/site\/wp-json\/wp\/v2\/media?parent=17515"}],"wp:term":[{"taxonomy":"product_brand","embeddable":true,"href":"https:\/\/www.makitamarket.com.tr\/site\/wp-json\/wp\/v2\/product_brand?post=17515"},{"taxonomy":"product_cat","embeddable":true,"href":"https:\/\/www.makitamarket.com.tr\/site\/wp-json\/wp\/v2\/product_cat?post=17515"},{"taxonomy":"product_tag","embeddable":true,"href":"https:\/\/www.makitamarket.com.tr\/site\/wp-json\/wp\/v2\/product_tag?post=17515"}],"curies":[{"name":"wp","href":"https:\/\/api.w.org\/{rel}","templated":true}]}}