{"id":17533,"date":"2024-11-28T20:08:18","date_gmt":"2024-11-28T17:08:18","guid":{"rendered":"https:\/\/www.makitamarket.com.tr\/site\/urun\/proxxon-freze-uc-seti-6-li\/"},"modified":"2026-04-06T16:01:56","modified_gmt":"2026-04-06T13:01:56","slug":"proxxon-freze-uc-seti-6-li","status":"publish","type":"product","link":"https:\/\/www.makitamarket.com.tr\/site\/urun\/proxxon-freze-uc-seti-6-li\/","title":{"rendered":"Proxxon 28876 FREZE U\u00c7 SET\u0130 6 LI"},"content":{"rendered":"<p>\n\t<strong>HSS matkap ucu seti (merkezlemeli) .<br \/>\n\t<\/strong><\/p>\n<p>\n\t6 par\u00e7a. Birer adet 1.54 \u2013 2 \u2013 2.5 \u2013 3 \u2013 3.5 \u2013 4 mm\u00a0\u00e7aplar\u0131nda.<\/p>\n<p>\n\tDemirsiz metal, \u00e7elik, y\u00fcksek kalite \u00e7eli\u011fi delmek i\u00e7in.<\/p>\n<table><\/table>\n","protected":false},"excerpt":{"rendered":"<p>\n\t<strong>HSS matkap ucu seti (merkezlemeli) .<br \/>\n\t<\/strong><\/p>\n<p>\n\t6 par\u00e7a. Birer adet 1.54 \u2013 2 \u2013 2.5 \u2013 3 \u2013 3.5 \u2013 4 mm\u00a0\u00e7aplar\u0131nda.<\/p>\n<p>\n\tDemirsiz metal, \u00e7elik, y\u00fcksek kalite \u00e7eli\u011fi delmek i\u00e7in.<\/p>\n","protected":false},"featured_media":17532,"comment_status":"open","ping_status":"closed","template":"","meta":{"_acf_changed":false},"product_brand":[1501],"product_cat":[926],"product_tag":[],"class_list":{"0":"post-17533","1":"product","2":"type-product","3":"status-publish","4":"has-post-thumbnail","6":"product_brand-proxxon","7":"product_cat-aksesuarlar-mikro-aletleri","9":"first","10":"outofstock","11":"taxable","12":"shipping-taxable","13":"purchasable","14":"product-type-simple","15":"add-to-wishlist-after_add_to_cart"},"acf":[],"_links":{"self":[{"href":"https:\/\/www.makitamarket.com.tr\/site\/wp-json\/wp\/v2\/product\/17533","targetHints":{"allow":["GET"]}}],"collection":[{"href":"https:\/\/www.makitamarket.com.tr\/site\/wp-json\/wp\/v2\/product"}],"about":[{"href":"https:\/\/www.makitamarket.com.tr\/site\/wp-json\/wp\/v2\/types\/product"}],"replies":[{"embeddable":true,"href":"https:\/\/www.makitamarket.com.tr\/site\/wp-json\/wp\/v2\/comments?post=17533"}],"wp:featuredmedia":[{"embeddable":true,"href":"https:\/\/www.makitamarket.com.tr\/site\/wp-json\/wp\/v2\/media\/17532"}],"wp:attachment":[{"href":"https:\/\/www.makitamarket.com.tr\/site\/wp-json\/wp\/v2\/media?parent=17533"}],"wp:term":[{"taxonomy":"product_brand","embeddable":true,"href":"https:\/\/www.makitamarket.com.tr\/site\/wp-json\/wp\/v2\/product_brand?post=17533"},{"taxonomy":"product_cat","embeddable":true,"href":"https:\/\/www.makitamarket.com.tr\/site\/wp-json\/wp\/v2\/product_cat?post=17533"},{"taxonomy":"product_tag","embeddable":true,"href":"https:\/\/www.makitamarket.com.tr\/site\/wp-json\/wp\/v2\/product_tag?post=17533"}],"curies":[{"name":"wp","href":"https:\/\/api.w.org\/{rel}","templated":true}]}}