{"id":17573,"date":"2024-11-28T20:08:33","date_gmt":"2024-11-28T17:08:33","guid":{"rendered":"https:\/\/www.makitamarket.com.tr\/site\/urun\/makita-hss-tin-metal-matkap-uc-seti\/"},"modified":"2025-11-16T09:38:14","modified_gmt":"2025-11-16T06:38:14","slug":"makita-hss-tin-metal-matkap-uc-seti","status":"publish","type":"product","link":"https:\/\/www.makitamarket.com.tr\/site\/urun\/makita-hss-tin-metal-matkap-uc-seti\/","title":{"rendered":"Makita D-44183 HSS &#8211; TIN METAL MATKAP U\u00c7 SET\u0130"},"content":{"rendered":"<p>\n\t\u00a0<\/p>\n<table border=\"1\" cellpadding=\"1\" cellspacing=\"1\" height=\"178\" width=\"511\">\n<tbody>\n<tr>\n<td colspan=\"3\" style=\"text-align: center;\">\n\t\t\t\t<strong>HSS-TIN Metal Matkap U\u00e7 Seti<br \/>\n\t\t\t\t<\/strong><\/td>\n<\/tr>\n<tr>\n<td style=\"width: 50px; text-align: center;\">\n\t\t\t\t<strong>\u00c7AP (mm)<br \/>\n\t\t\t\t<\/strong><\/td>\n<td style=\"width: 50px; text-align: center;\">\n\t\t\t\t<strong>UZUNLUK (mm)<br \/>\n\t\t\t\t<\/strong><\/td>\n<td style=\"width: 50px; text-align: center;\">\n\t\t\t\t<strong>\u00c7ALI\u015eMA UZUNLU\u011eU (mm)<br \/>\n\t\t\t\t<\/strong><\/td>\n<\/tr>\n<tr>\n<td style=\"width: 30px; text-align: center;\">\n\t\t\t\t2<\/td>\n<td style=\"width: 30px; text-align: center;\">\n\t\t\t\t49<\/td>\n<td style=\"width: 30px; text-align: center;\">\n\t\t\t\t24<\/td>\n<\/tr>\n<tr>\n<td style=\"width: 30px; text-align: center;\">\n\t\t\t\t3<\/td>\n<td style=\"width: 30px; text-align: center;\">\n\t\t\t\t61<\/td>\n<td style=\"width: 30px; text-align: center;\">\n\t\t\t\t33<\/td>\n<\/tr>\n<tr>\n<td style=\"width: 30px; text-align: center;\">\n\t\t\t\t4<\/td>\n<td style=\"width: 30px; text-align: center;\">\n\t\t\t\t75<\/td>\n<td style=\"width: 30px; text-align: center;\">\n\t\t\t\t43<\/td>\n<\/tr>\n<tr>\n<td style=\"width: 30px; text-align: center;\">\n\t\t\t\t5<\/td>\n<td style=\"width: 30px; text-align: center;\">\n\t\t\t\t86<\/td>\n<td style=\"width: 30px; text-align: center;\">\n\t\t\t\t52<\/td>\n<\/tr>\n<tr>\n<td style=\"width: 30px; text-align: center;\">\n\t\t\t\t6<\/td>\n<td style=\"width: 30px; text-align: center;\">\n\t\t\t\t93<\/td>\n<td style=\"width: 30px; text-align: center;\">\n\t\t\t\t57<\/td>\n<\/tr>\n<tr>\n<td style=\"width: 30px; text-align: center;\">\n\t\t\t\t8<\/td>\n<td style=\"width: 30px; text-align: center;\">\n\t\t\t\t117<\/td>\n<td style=\"width: 30px; text-align: center;\">\n\t\t\t\t75<\/td>\n<\/tr>\n<\/tbody>\n<\/table>\n<p>\n\t\u00a0<\/p>\n<p>\n\tHSS-TIN u\u00e7lar metal delme i\u015flerinde kullan\u0131l\u0131r.<\/p>\n<p>\n\tMatkap u\u00e7lar\u0131 135<span _fck_bookmark=\"1\" style=\"display: none;\">\u00a0<\/span>\u00a0a\u00e7\u0131ya sahiptir.<span _fck_bookmark=\"1\" style=\"display: none;\">\u00a0<\/span><span _fck_bookmark=\"1\" style=\"display: none;\">\u00a0<\/span><span _fck_bookmark=\"1\" style=\"display: none;\">\u00a0<\/span><span _fck_bookmark=\"1\" style=\"display: none;\">\u00a0<\/span><span _fck_bookmark=\"1\" style=\"display: none;\">\u00a0<\/span><span _fck_bookmark=\"1\" style=\"display: none;\">\u00a0<\/span><span _fck_bookmark=\"1\" style=\"display: none;\">\u00a0<\/span><\/p>\n<table>\n<tr>\n<td>Set \u00d6l\u00e7\u00fcleri<\/td>\n<td>2 x 49 x 24<\/td>\n<\/tr>\n<tr>\n<td>Set \u00d6l\u00e7\u00fcleri<\/td>\n<td>3 x 61 x 33<\/td>\n<\/tr>\n<tr>\n<td>Set \u00d6l\u00e7\u00fcleri<\/td>\n<td>4 x 75 x 43<\/td>\n<\/tr>\n<tr>\n<td>Set \u00d6l\u00e7\u00fcleri<\/td>\n<td>5 x 86 x 52<\/td>\n<\/tr>\n<tr>\n<td>Set \u00d6l\u00e7\u00fcleri<\/td>\n<td>6 x 93 x 57<\/td>\n<\/tr>\n<tr>\n<td>Set \u00d6l\u00e7\u00fcleri<\/td>\n<td>8 x 117 x 75<\/td>\n<\/tr>\n<\/table>\n","protected":false},"excerpt":{"rendered":"<p>\n\t\u00a0<\/p>\n<table border=\"1\" cellpadding=\"1\" cellspacing=\"1\" height=\"178\" width=\"511\">\n<tbody>\n<tr>\n<td colspan=\"3\" style=\"text-align: center;\">\n\t\t\t\t<strong>HSS-TIN Metal Matkap U\u00e7 Seti<br \/>\n\t\t\t\t<\/strong><\/td>\n<\/tr>\n<tr>\n<td style=\"width: 50px; text-align: center;\">\n\t\t\t\t<strong>\u00c7AP (mm)<br \/>\n\t\t\t\t<\/strong><\/td>\n<td style=\"width: 50px; text-align: center;\">\n\t\t\t\t<strong>UZUNLUK (mm)<br \/>\n\t\t\t\t<\/strong><\/td>\n<td style=\"width: 50px; text-align: center;\">\n\t\t\t\t<strong>\u00c7ALI\u015eMA UZUNLU\u011eU (mm)<br \/>\n\t\t\t\t<\/strong><\/td>\n<\/tr>\n<tr>\n<td style=\"width: 30px; text-align: center;\">\n\t\t\t\t2<\/td>\n<td style=\"width: 30px; text-align: center;\">\n\t\t\t\t49<\/td>\n<td style=\"width: 30px; text-align: center;\">\n\t\t\t\t24<\/td>\n<\/tr>\n<tr>\n<td style=\"width: 30px; text-align: center;\">\n\t\t\t\t3<\/td>\n<td style=\"width: 30px; text-align: center;\">\n\t\t\t\t61<\/td>\n<td style=\"width: 30px; text-align: center;\">\n\t\t\t\t33<\/td>\n<\/tr>\n<tr>\n<td style=\"width: 30px; text-align: center;\">\n\t\t\t\t4<\/td>\n<td style=\"width: 30px; text-align: center;\">\n\t\t\t\t75<\/td>\n<td style=\"width: 30px; text-align: center;\">\n\t\t\t\t43<\/td>\n<\/tr>\n<tr>\n<td style=\"width: 30px; text-align: center;\">\n\t\t\t\t5<\/td>\n<td style=\"width: 30px; text-align: center;\">\n\t\t\t\t86<\/td>\n<td style=\"width: 30px; text-align: center;\">\n\t\t\t\t52<\/td>\n<\/tr>\n<tr>\n<td style=\"width: 30px; text-align: center;\">\n\t\t\t\t6<\/td>\n<td style=\"width: 30px; text-align: center;\">\n\t\t\t\t93<\/td>\n<td style=\"width: 30px; text-align: center;\">\n\t\t\t\t57<\/td>\n<\/tr>\n<tr>\n<td style=\"width: 30px; text-align: center;\">\n\t\t\t\t8<\/td>\n<td style=\"width: 30px; text-align: center;\">\n\t\t\t\t117<\/td>\n<td style=\"width: 30px; text-align: center;\">\n\t\t\t\t75<\/td>\n<\/tr>\n<\/tbody>\n<\/table>\n<p>\n\t\u00a0<\/p>\n<p>\n\tHSS-TIN u\u00e7lar metal delme i\u015flerinde kullan\u0131l\u0131r.<\/p>\n<p>\n\tMatkap u\u00e7lar\u0131 135<span _fck_bookmark=\"1\" style=\"display: none;\">\u00a0<\/span>\u00a0a\u00e7\u0131ya sahiptir.<span _fck_bookmark=\"1\" style=\"display: none;\">\u00a0<\/span><span _fck_bookmark=\"1\" style=\"display: none;\">\u00a0<\/span><span _fck_bookmark=\"1\" style=\"display: none;\">\u00a0<\/span><span _fck_bookmark=\"1\" style=\"display: none;\">\u00a0<\/span><span _fck_bookmark=\"1\" style=\"display: none;\">\u00a0<\/span><span _fck_bookmark=\"1\" style=\"display: none;\">\u00a0<\/span><span _fck_bookmark=\"1\" style=\"display: none;\">\u00a0<\/span><\/p>\n","protected":false},"featured_media":17572,"comment_status":"open","ping_status":"closed","template":"","meta":{"_acf_changed":false},"product_brand":[1485],"product_cat":[1096],"product_tag":[],"class_list":{"0":"post-17573","1":"product","2":"type-product","3":"status-publish","4":"has-post-thumbnail","6":"product_brand-makita","7":"product_cat-ahsap-matkap-uclari","9":"first","10":"outofstock","11":"taxable","12":"shipping-taxable","13":"purchasable","14":"product-type-simple","15":"add-to-wishlist-after_add_to_cart"},"acf":[],"_links":{"self":[{"href":"https:\/\/www.makitamarket.com.tr\/site\/wp-json\/wp\/v2\/product\/17573","targetHints":{"allow":["GET"]}}],"collection":[{"href":"https:\/\/www.makitamarket.com.tr\/site\/wp-json\/wp\/v2\/product"}],"about":[{"href":"https:\/\/www.makitamarket.com.tr\/site\/wp-json\/wp\/v2\/types\/product"}],"replies":[{"embeddable":true,"href":"https:\/\/www.makitamarket.com.tr\/site\/wp-json\/wp\/v2\/comments?post=17573"}],"wp:featuredmedia":[{"embeddable":true,"href":"https:\/\/www.makitamarket.com.tr\/site\/wp-json\/wp\/v2\/media\/17572"}],"wp:attachment":[{"href":"https:\/\/www.makitamarket.com.tr\/site\/wp-json\/wp\/v2\/media?parent=17573"}],"wp:term":[{"taxonomy":"product_brand","embeddable":true,"href":"https:\/\/www.makitamarket.com.tr\/site\/wp-json\/wp\/v2\/product_brand?post=17573"},{"taxonomy":"product_cat","embeddable":true,"href":"https:\/\/www.makitamarket.com.tr\/site\/wp-json\/wp\/v2\/product_cat?post=17573"},{"taxonomy":"product_tag","embeddable":true,"href":"https:\/\/www.makitamarket.com.tr\/site\/wp-json\/wp\/v2\/product_tag?post=17573"}],"curies":[{"name":"wp","href":"https:\/\/api.w.org\/{rel}","templated":true}]}}