{"id":17583,"date":"2024-11-28T20:08:37","date_gmt":"2024-11-28T17:08:37","guid":{"rendered":"https:\/\/www.makitamarket.com.tr\/site\/urun\/bts-derinlik-kumpasi-0-3000-mm\/"},"modified":"2026-04-06T16:03:35","modified_gmt":"2026-04-06T13:03:35","slug":"bts-derinlik-kumpasi-0-3000-mm","status":"publish","type":"product","link":"https:\/\/www.makitamarket.com.tr\/site\/urun\/bts-derinlik-kumpasi-0-3000-mm\/","title":{"rendered":"Bts BTS12029 DER\u0130NL\u0130K KUMPASI 0 &#8211; 3000 mm"},"content":{"rendered":"<p>\n\t\u2022 G\u00f6rsel \u00fcr\u00fcn\u00fcn tam boyunu g\u00f6stermemektedir<\/p>\n<table>\n<tr>\n<td>\u00d6l\u00e7\u00fcm Aral\u0131\u011f\u0131<\/td>\n<td>0-300mm (0-12\u201d)<\/td>\n<\/tr>\n<tr>\n<td>Hassasiyet<\/td>\n<td>0.05mm<\/td>\n<\/tr>\n<tr>\n<td>Koli \u0130\u00e7i Adedi<\/td>\n<td>20<\/td>\n<\/tr>\n<tr>\n<td>\u00d6zellik<\/td>\n<td>Plastik Kutuda<\/td>\n<\/tr>\n<\/table>\n","protected":false},"excerpt":{"rendered":"<p>\n\t\u2022 G\u00f6rsel \u00fcr\u00fcn\u00fcn tam boyunu g\u00f6stermemektedir<\/p>\n","protected":false},"featured_media":17582,"comment_status":"open","ping_status":"closed","template":"","meta":{"_acf_changed":false},"product_brand":[1548],"product_cat":[1126],"product_tag":[],"class_list":{"0":"post-17583","1":"product","2":"type-product","3":"status-publish","4":"has-post-thumbnail","6":"product_brand-bts","7":"product_cat-kumpaslar","9":"first","10":"instock","11":"taxable","12":"shipping-taxable","13":"purchasable","14":"product-type-simple","15":"add-to-wishlist-after_add_to_cart"},"acf":[],"_links":{"self":[{"href":"https:\/\/www.makitamarket.com.tr\/site\/wp-json\/wp\/v2\/product\/17583","targetHints":{"allow":["GET"]}}],"collection":[{"href":"https:\/\/www.makitamarket.com.tr\/site\/wp-json\/wp\/v2\/product"}],"about":[{"href":"https:\/\/www.makitamarket.com.tr\/site\/wp-json\/wp\/v2\/types\/product"}],"replies":[{"embeddable":true,"href":"https:\/\/www.makitamarket.com.tr\/site\/wp-json\/wp\/v2\/comments?post=17583"}],"wp:featuredmedia":[{"embeddable":true,"href":"https:\/\/www.makitamarket.com.tr\/site\/wp-json\/wp\/v2\/media\/17582"}],"wp:attachment":[{"href":"https:\/\/www.makitamarket.com.tr\/site\/wp-json\/wp\/v2\/media?parent=17583"}],"wp:term":[{"taxonomy":"product_brand","embeddable":true,"href":"https:\/\/www.makitamarket.com.tr\/site\/wp-json\/wp\/v2\/product_brand?post=17583"},{"taxonomy":"product_cat","embeddable":true,"href":"https:\/\/www.makitamarket.com.tr\/site\/wp-json\/wp\/v2\/product_cat?post=17583"},{"taxonomy":"product_tag","embeddable":true,"href":"https:\/\/www.makitamarket.com.tr\/site\/wp-json\/wp\/v2\/product_tag?post=17583"}],"curies":[{"name":"wp","href":"https:\/\/api.w.org\/{rel}","templated":true}]}}