{"id":17613,"date":"2024-11-28T20:08:48","date_gmt":"2024-11-28T17:08:48","guid":{"rendered":"https:\/\/www.makitamarket.com.tr\/site\/urun\/nikon-kombi-mop-non-woven-zimpara-100-kum\/"},"modified":"2026-04-06T16:33:07","modified_gmt":"2026-04-06T13:33:07","slug":"nikon-kombi-mop-non-woven-zimpara-100-kum","status":"publish","type":"product","link":"https:\/\/www.makitamarket.com.tr\/site\/urun\/nikon-kombi-mop-non-woven-zimpara-100-kum\/","title":{"rendered":"Nikon N34245 KOMB\u0130 MOP NON WOVEN ZIMPARA 100 KUM"},"content":{"rendered":"<p>\n\tElyaf malzeme aras\u0131na tek s\u0131ra 100 kum z\u0131mpara dahil edilerek imal edilmi\u015ftir. Inox ve Metal malzemelerin polisajlama i\u015finden \u00f6nce malzemenin haz\u0131rlanmas\u0131n\u0131 sa\u011flar. Sert \u00e7al\u0131\u015fma ko\u015fullar\u0131na uygundur.<\/p>\n<table>\n<tr>\n<td>\u00d6l\u00e7\u00fc (\u00dcr\u00fcn \u00c7ap\u0131 x \u00dcr\u00fcn Geni\u015fli\u011fi x Sap \u00c7ap\u0131)<\/td>\n<td>\u00f8165 x 30 x \u00f825 mm.<\/td>\n<\/tr>\n<tr>\n<td>Kum<\/td>\n<td>100<\/td>\n<\/tr>\n<\/table>\n","protected":false},"excerpt":{"rendered":"<p>\n\tElyaf malzeme aras\u0131na tek s\u0131ra 100 kum z\u0131mpara dahil edilerek imal edilmi\u015ftir. Inox ve Metal malzemelerin polisajlama i\u015finden \u00f6nce malzemenin haz\u0131rlanmas\u0131n\u0131 sa\u011flar. Sert \u00e7al\u0131\u015fma ko\u015fullar\u0131na uygundur.<\/p>\n","protected":false},"featured_media":0,"comment_status":"open","ping_status":"closed","template":"","meta":{"_acf_changed":false},"product_brand":[1518],"product_cat":[1391],"product_tag":[],"class_list":{"0":"post-17613","1":"product","2":"type-product","3":"status-publish","5":"product_brand-nikon","6":"product_cat-sapsiz-mop-noven-zimparalar","8":"first","9":"instock","10":"taxable","11":"shipping-taxable","12":"purchasable","13":"product-type-simple","14":"add-to-wishlist-after_add_to_cart"},"acf":[],"_links":{"self":[{"href":"https:\/\/www.makitamarket.com.tr\/site\/wp-json\/wp\/v2\/product\/17613","targetHints":{"allow":["GET"]}}],"collection":[{"href":"https:\/\/www.makitamarket.com.tr\/site\/wp-json\/wp\/v2\/product"}],"about":[{"href":"https:\/\/www.makitamarket.com.tr\/site\/wp-json\/wp\/v2\/types\/product"}],"replies":[{"embeddable":true,"href":"https:\/\/www.makitamarket.com.tr\/site\/wp-json\/wp\/v2\/comments?post=17613"}],"wp:attachment":[{"href":"https:\/\/www.makitamarket.com.tr\/site\/wp-json\/wp\/v2\/media?parent=17613"}],"wp:term":[{"taxonomy":"product_brand","embeddable":true,"href":"https:\/\/www.makitamarket.com.tr\/site\/wp-json\/wp\/v2\/product_brand?post=17613"},{"taxonomy":"product_cat","embeddable":true,"href":"https:\/\/www.makitamarket.com.tr\/site\/wp-json\/wp\/v2\/product_cat?post=17613"},{"taxonomy":"product_tag","embeddable":true,"href":"https:\/\/www.makitamarket.com.tr\/site\/wp-json\/wp\/v2\/product_tag?post=17613"}],"curies":[{"name":"wp","href":"https:\/\/api.w.org\/{rel}","templated":true}]}}